{"id":2536,"date":"2019-04-17T11:23:51","date_gmt":"2019-04-17T11:23:51","guid":{"rendered":"https:\/\/www.promoversmiami.com\/?page_id=2536"},"modified":"2024-10-22T14:13:52","modified_gmt":"2024-10-22T14:13:52","slug":"north-miami","status":"publish","type":"page","link":"https:\/\/www.promoversmiami.com\/es\/local-moving\/miami-dade-county\/north-miami\/","title":{"rendered":"North Miami"},"content":{"rendered":"<p><span style=\"font-weight: 400;\">\u00a1Mudarse a North Miami deber\u00eda ser una experiencia excitante para ti y tu familia! Si eliges esta ciudad como nuevo destino, \u00a1nuestros profesionales de mudanzas en North Miami, FL, pueden ayudarte! Pro Movers Miami es una agencia de mudanzas confiable que ofrece servicios tanto residenciales como comerciales. Si necesitas empacar y trasladar tus pertenencias, somos los indicados. Con a\u00f1os de experiencia, nos hemos ganado el reconocimiento y la confianza de nuestros clientes. No importa cu\u00e1l sea el tipo de mudanza que necesites, te ayudamos a prepararte.<\/span><\/p>\n<p><span style=\"font-weight: 400;\">Pro Movers Miami es una de las m\u00e1s confiables empresas de mudanzas en North Miami, FL. Antes de llamarnos, vamos a mostrarte algunos de los beneficios de mudarte a North Miami con nosotros y c\u00f3mo haremos nuestro trabajo correctamente.<\/span><\/p>\n<h2><span style=\"font-weight: 400;\">Mudarse a North Miami<\/span><\/h2>\n<h3><span style=\"font-weight: 400;\">Beneficios de vivir en North Miami<\/span><\/h3>\n<p><span style=\"font-weight: 400;\">Lo mejor de vivir en este suburbio es su ubicaci\u00f3n. Debido a que <\/span><a href=\"http:\/\/www.northmiamifl.gov\/Default.aspx\"><span style=\"font-weight: 400;\">North Miami<\/span><\/a><span style=\"font-weight: 400;\"> est\u00e1 localizado entre Miami y Ft. Lauderdale, su posici\u00f3n es conveniente tanto para nuevas familias como para empresarios que quieren establecer sus negocios aqu\u00ed. Adem\u00e1s, la ciudad tiene accesos a muchas playas locales. <\/span><i><span style=\"font-weight: 400;\">Lo que hace a North Miami tan popular es su mezcla de arquitectura urbana y su ambiente familiar.<\/span><\/i><span style=\"font-weight: 400;\"> Si planeas mudarte con tu familia, no dejes de visitar el Parque Olerta River State, el parque urbano m\u00e1s grande en Miami. <\/span><\/p>\n<figure id=\"attachment_886\" aria-describedby=\"caption-attachment-886\" style=\"width: 300px\" class=\"wp-caption aligncenter\"><img loading=\"lazy\" decoding=\"async\" class=\"wp-image-886 size-medium\" src=\"https:\/\/www.promoversmiami.com\/wp-content\/uploads\/2018\/11\/movers-North-Miami-FL-300x202.jpeg\" alt=\"movers North Miami FL\" width=\"300\" height=\"202\" srcset=\"https:\/\/www.promoversmiami.com\/wp-content\/uploads\/2018\/11\/movers-North-Miami-FL-300x202.jpeg 300w, https:\/\/www.promoversmiami.com\/wp-content\/uploads\/2018\/11\/movers-North-Miami-FL-768x516.jpeg 768w, https:\/\/www.promoversmiami.com\/wp-content\/uploads\/2018\/11\/movers-North-Miami-FL-1024x688.jpeg 1024w, https:\/\/www.promoversmiami.com\/wp-content\/uploads\/2018\/11\/movers-North-Miami-FL.jpeg 1045w\" sizes=\"auto, (max-width: 300px) 100vw, 300px\" \/><figcaption id=\"caption-attachment-886\" class=\"wp-caption-text\">Lo mejor de vivir en este suburbio es su ubicaci\u00f3n. Es conveniente tanto para nuevas familias como para empresarios que quieren establecer sus negocios.&nbsp;<\/figcaption><\/figure>\n<h3><span style=\"font-weight: 400;\">Mudarse a North Miami con tu familia<\/span><\/h3>\n<p><span style=\"font-weight: 400;\">Si est\u00e1s buscando una vida relajada, con el estilo de Florida, pero sin toda la multitud, mudarse a esta ciudad con tu familia puede ser la mejor idea. North Miami te ofrece todo lo que puedes necesitar de una ciudad costera, es divertida y tiene un ambiente familiar. <\/span><b>La ciudad es un gran vecindario de diversidad<\/b><span style=\"font-weight: 400;\">. Tambi\u00e9n es un escenario perfecto para que los ni\u00f1os se acerquen a la naturaleza y disfruten tiempo de calidad en exteriores. Si est\u00e1s buscando la perfecta ubicaci\u00f3n en Florida para tu nuevo hogar, deber\u00edas considera mudarse a North Miami.<\/span><\/p>\n<h2><span style=\"font-weight: 400;\">Nuestros profesionales en North Miami, FL, te ayudan a planificar tu mudanza<\/span><\/h2>\n<p><span style=\"font-weight: 400;\">Ya sea que est\u00e9s mudando tu casa o tu oficina, en Pro Movers Miami podemos ayudarte a organizar tu reubicaci\u00f3n. Planear todo no es una tarea f\u00e1cil de hacer. Eso sin mencionar que puede tomar mucho de tu tiempo. Si necesitas una <\/span><a href=\"https:\/\/www.promoversmiami.com\/emergency-moving\/\"><span style=\"font-weight: 400;\">mudanza de emergencia<\/span><\/a><span style=\"font-weight: 400;\">, o no tienes experiencia con el proceso, estamos para ayudar. Pro Movers Miami es una de m\u00e1s confiables agencias de mudanzas en Florida. Con nuestra asesor\u00eda, sabr\u00e1s c\u00f3mo planear cada paso de tu reubicaci\u00f3n.<\/span><\/p>\n<figure id=\"attachment_888\" aria-describedby=\"caption-attachment-888\" style=\"width: 300px\" class=\"wp-caption aligncenter\"><img loading=\"lazy\" decoding=\"async\" class=\"wp-image-888 size-medium\" src=\"https:\/\/www.promoversmiami.com\/wp-content\/uploads\/2018\/11\/planning-1-300x200.jpeg\" alt=\"planning the relocation\" width=\"300\" height=\"200\" srcset=\"https:\/\/www.promoversmiami.com\/wp-content\/uploads\/2018\/11\/planning-1-300x200.jpeg 300w, https:\/\/www.promoversmiami.com\/wp-content\/uploads\/2018\/11\/planning-1.jpeg 753w\" sizes=\"auto, (max-width: 300px) 100vw, 300px\" \/><figcaption id=\"caption-attachment-888\" class=\"wp-caption-text\">Planear una reubicaci\u00f3n no es una tarea f\u00e1cil. Si necesitas una mudanza de emergencia, o no tienes experiencia con el proceso de mudanza, podemos ayudar.&nbsp;<\/figcaption><\/figure>\n<h2><span style=\"font-weight: 400;\">\u00bfPor qu\u00e9 Pro Movers Miami es una de las mejores agencias de mudanzas en Florida?<\/span><\/h2>\n<p><span style=\"font-weight: 400;\">\u00bfMudanzas locales o de larga distancia a Miami? No importa \u2013lo que necesitas es profesionales de mudanzas confiables en North Miami, FL. Con tantas compa\u00f1\u00edas disponibles, tienes que saber c\u00f3mo reconocer a la adecuada para ti. Cuando buscas la mejor empresa de mudanzas, debes asegurarte de que el equipo sepa c\u00f3mo manejar tus pertenencias. <\/span><b>Una buena compa\u00f1\u00eda de mudanzas debe ser capaz de ajustar sus servicios a tus necesidades. <\/b><span style=\"font-weight: 400;\">Dependiendo de la distancia de tu mudanza o del tama\u00f1o de tu inventario, nuestros profesionales en North Miami, FL, te recomendar\u00e1n el mejor plan de servicios que se convierta en la soluci\u00f3n a tus problemas.<\/span><\/p>\n<figure id=\"attachment_891\" aria-describedby=\"caption-attachment-891\" style=\"width: 300px\" class=\"wp-caption aligncenter\"><img loading=\"lazy\" decoding=\"async\" class=\"wp-image-891 size-medium\" src=\"https:\/\/www.promoversmiami.com\/wp-content\/uploads\/2018\/11\/packing-300x200.jpeg\" alt=\"packing for the road\" width=\"300\" height=\"200\" srcset=\"https:\/\/www.promoversmiami.com\/wp-content\/uploads\/2018\/11\/packing-300x200.jpeg 300w, https:\/\/www.promoversmiami.com\/wp-content\/uploads\/2018\/11\/packing.jpeg 750w\" sizes=\"auto, (max-width: 300px) 100vw, 300px\" \/><figcaption id=\"caption-attachment-891\" class=\"wp-caption-text\">Con nuestros materiales de embalaje y equipos profesionales, tus valiosas pertenencias estar\u00e1n seguras.&nbsp;<\/figcaption><\/figure>\n<p><span style=\"font-weight: 400;\">Si contratas a nuestros especialistas de Pro Movers Miami, tendr\u00e1s diversos beneficios. Adem\u00e1s de ofrecer presupuestos baratos para tu mudanza, nuestro objetivo es ayudar a las personas a reubicarse sin esfuerzo en su nuevo hogar. Mira todo lo que puedes esperar de nuestros <\/span><a href=\"https:\/\/www.promoversmiami.com\/moving-services\/\"><span style=\"font-weight: 400;\">servicios de mudanzas en Miami<\/span><\/a><span style=\"font-weight: 400;\">: <\/span><\/p>\n<ul>\n<li><b>Mudanzas locales y de larga distancia.<\/b><span style=\"font-weight: 400;\"> No importa si te est\u00e1s reubicando en North Miami o dejas la ciudad por otro destino. Nuestros profesionales de mudanzas en North Miami, FL, te ayudar\u00e1n a elegir el servicio que m\u00e1s te convenga y trasladar\u00e1n tus pertenencias sin inconvenientes.<\/span><\/li>\n<li><b>\u00bfTienes que guardar parte de tus pertenencias?<\/b><span style=\"font-weight: 400;\"> &nbsp;No te preocupes. Nuestros especialistas se asegurar\u00e1n de encontrar la unidad de almacenamiento en Miami perfecta para ti.<\/span><\/li>\n<li><b>Tus objetos est\u00e1n seguros con Pro Movers Miami.<\/b><span style=\"font-weight: 400;\"> Con nuestros <\/span><a href=\"https:\/\/www.promoversmiami.com\/buy-boxes\/\"><span style=\"font-weight: 400;\">materiales de embalaje<\/span><\/a><span style=\"font-weight: 400;\"> y nuestros equipos profesionales, tu inventario estar\u00e1 resguardado. Si nos dejas empacar tus pertenencias o decides hacerlo t\u00fa mismo, nos aseguramos de transportar tus cajas eficientemente en nuestros camiones de mudanza en Miami.<\/span><\/li>\n<li><b>Ahorra dinero y olv\u00eddate de los fraudes.<\/b><span style=\"font-weight: 400;\"> Nuestra agencia de mudanzas tiene un equipo para atenderte en North Miami, FL, y ofrecer seguros de mudanzas que se ajustan a tu caso. Cu\u00e9ntanos m\u00e1s sobre tu inventario, y te diremos todo lo que necesitas saber sobre nuestras pol\u00edticas de seguros<\/span><\/li>\n<\/ul>\n<h2><span style=\"font-weight: 400;\">Elige tu servicio de mudanza y obt\u00e9n un presupuesto gratis<\/span><\/h2>\n<p><span style=\"font-weight: 400;\">Si piensas que tu mudanza a North Miami va a ser costosa, est\u00e1s equivocado. Con nuestros profesionales en North Miami en Florida, puedes planificar el presupuesto de tu reubicaci\u00f3n con antelaci\u00f3n. \u00bfTe gustar\u00eda conocer los costos de una mudanza antes de contratar nuestros servicios? \u00a1No hay problema! Con <\/span><a href=\"https:\/\/www.promoversmiami.com\/\"><span style=\"font-weight: 400;\">Pro Movers Miami<\/span><\/a><span style=\"font-weight: 400;\">, <\/span><b>obt\u00e9n un presupuesto estimado antes de que comience tu reubicaci\u00f3n<\/b><span style=\"font-weight: 400;\">. Te garantizamos la seguridad de tus pertenencias; queremos que est\u00e9s satisfecho con nuestro trabajo. <\/span><\/p>\n<p><span style=\"font-weight: 400;\">Trasladar tus pertenencias de forma segura a tu nuevo hogar es la prioridad para nosotros. Nuestros expertos en mudanzas en North Miami, FL, se asegurar\u00e1n de que tus objetos sean transportados en el tiempo m\u00e1s corto posible. Ya sea que est\u00e9s comprando una casa, o te <\/span><a href=\"https:\/\/www.promoversmiami.com\/things-you-should-know-about-renting-in-miami\/\"><span style=\"font-weight: 400;\">mudes a un apartamento alquilado en Miami<\/span><\/a><span style=\"font-weight: 400;\">, encargarnos de tus cajas de mudanza puede ser nuestro trabajo. Con excelentes materiales de embalaje y la experiencia de nuestro equipo de trabajo, mudarse a North Miami nunca ha sido tan f\u00e1cil. <\/span><\/p>\n<p><b>Lo que distingue a nuestra agencia de mudanzas en Florida de las otras es que somos eficientes con el tiempo<\/b><span style=\"font-weight: 400;\"> y tenemos un equipo de profesionales altamente entrenados para que se encarguen de tu caso. Si est\u00e1s buscando la mejor agencia de mudanzas en North Miami, FL, cuenta con nuestra ayuda. Com\u00e9ntanos m\u00e1s sobre tu mudanza y nuestros expertos en North Miami se encargar\u00e1n del resto.<\/span><\/p>\n","protected":false},"excerpt":{"rendered":"<p>\u00a1Mudarse a North Miami deber\u00eda ser una experiencia excitante para ti y tu familia! Si eliges esta ciudad como nuevo destino, \u00a1nuestros profesionales de mudanzas en North Miami, FL, pueden ayudarte! Pro Movers Miami es una agencia de mudanzas confiable<\/p>\n<div class=\"read-more md-btn\"><a class=\"moretag\" href=\"https:\/\/www.promoversmiami.com\/es\/local-moving\/miami-dade-county\/north-miami\/\"> Read More<\/a><\/div>\n","protected":false},"author":6,"featured_media":2540,"parent":2497,"menu_order":0,"comment_status":"closed","ping_status":"closed","template":"services-single.php","meta":{"inline_featured_image":false,"ngg_post_thumbnail":0,"spay_email":"","footnotes":""},"class_list":["post-2536","page","type-page","status-publish","has-post-thumbnail","hentry"],"yoast_head":"<!-- This site is optimized with the Yoast SEO plugin v17.8 - https:\/\/yoast.com\/wordpress\/plugins\/seo\/ -->\n<title>North Miami | Pro Movers Miami<\/title>\n<meta name=\"description\" content=\"Conf\u00eda en Pro Movers Miami para tus mudanzas en North Miami. Cont\u00e1ctanos hoy para recibir un servicio de mudanza eficiente y seguro.\" \/>\n<meta name=\"robots\" content=\"index, follow, max-snippet:-1, max-image-preview:large, max-video-preview:-1\" \/>\n<link rel=\"canonical\" href=\"https:\/\/www.promoversmiami.com\/es\/local-moving\/miami-dade-county\/north-miami\/\" \/>\n<meta property=\"og:locale\" content=\"es_ES\" \/>\n<meta property=\"og:type\" content=\"article\" \/>\n<meta property=\"og:title\" content=\"North Miami | Pro Movers Miami\" \/>\n<meta property=\"og:description\" content=\"Conf\u00eda en Pro Movers Miami para tus mudanzas en North Miami. Cont\u00e1ctanos hoy para recibir un servicio de mudanza eficiente y seguro.\" \/>\n<meta property=\"og:url\" content=\"https:\/\/www.promoversmiami.com\/es\/local-moving\/miami-dade-county\/north-miami\/\" \/>\n<meta property=\"og:site_name\" content=\"Pro Movers Miami\" \/>\n<meta property=\"article:modified_time\" content=\"2024-10-22T14:13:52+00:00\" \/>\n<meta property=\"og:image\" content=\"https:\/\/www.promoversmiami.com\/wp-content\/uploads\/2018\/11\/miami-504631_640.jpg\" \/>\n\t<meta property=\"og:image:width\" content=\"640\" \/>\n\t<meta property=\"og:image:height\" content=\"448\" \/>\n<meta name=\"twitter:card\" content=\"summary_large_image\" \/>\n<meta name=\"twitter:label1\" content=\"Tiempo de lectura\" \/>\n\t<meta name=\"twitter:data1\" content=\"6 minutos\" \/>\n<script type=\"application\/ld+json\" class=\"yoast-schema-graph\">{\"@context\":\"https:\/\/schema.org\",\"@graph\":[{\"@type\":\"Organization\",\"@id\":\"https:\/\/www.promoversmiami.com\/#organization\",\"name\":\"Pro Movers Miami | FL Movers - Miami Moving and Storage Company\",\"url\":\"https:\/\/www.promoversmiami.com\/\",\"sameAs\":[],\"logo\":{\"@type\":\"ImageObject\",\"@id\":\"https:\/\/www.promoversmiami.com\/#logo\",\"inLanguage\":\"es\",\"url\":\"https:\/\/www.promoversmiami.com\/wp-content\/uploads\/2018\/11\/cropped-logo.png\",\"contentUrl\":\"https:\/\/www.promoversmiami.com\/wp-content\/uploads\/2018\/11\/cropped-logo.png\",\"width\":173,\"height\":61,\"caption\":\"Pro Movers Miami | FL Movers - Miami Moving and Storage Company\"},\"image\":{\"@id\":\"https:\/\/www.promoversmiami.com\/#logo\"}},{\"@type\":\"WebSite\",\"@id\":\"https:\/\/www.promoversmiami.com\/#website\",\"url\":\"https:\/\/www.promoversmiami.com\/\",\"name\":\"Pro Movers Miami\",\"description\":\"Mudanzas FL - Empresa de mudanzas y almacenamiento en Miami\",\"publisher\":{\"@id\":\"https:\/\/www.promoversmiami.com\/#organization\"},\"potentialAction\":[{\"@type\":\"SearchAction\",\"target\":{\"@type\":\"EntryPoint\",\"urlTemplate\":\"https:\/\/www.promoversmiami.com\/?s={search_term_string}\"},\"query-input\":\"required name=search_term_string\"}],\"inLanguage\":\"es\"},{\"@type\":\"ImageObject\",\"@id\":\"https:\/\/www.promoversmiami.com\/es\/local-moving\/miami-dade-county\/north-miami\/#primaryimage\",\"inLanguage\":\"es\",\"url\":\"https:\/\/www.promoversmiami.com\/wp-content\/uploads\/2018\/11\/miami-504631_640.jpg\",\"contentUrl\":\"https:\/\/www.promoversmiami.com\/wp-content\/uploads\/2018\/11\/miami-504631_640.jpg\",\"width\":640,\"height\":448},{\"@type\":\"WebPage\",\"@id\":\"https:\/\/www.promoversmiami.com\/es\/local-moving\/miami-dade-county\/north-miami\/#webpage\",\"url\":\"https:\/\/www.promoversmiami.com\/es\/local-moving\/miami-dade-county\/north-miami\/\",\"name\":\"North Miami | Pro Movers Miami\",\"isPartOf\":{\"@id\":\"https:\/\/www.promoversmiami.com\/#website\"},\"primaryImageOfPage\":{\"@id\":\"https:\/\/www.promoversmiami.com\/es\/local-moving\/miami-dade-county\/north-miami\/#primaryimage\"},\"datePublished\":\"2019-04-17T11:23:51+00:00\",\"dateModified\":\"2024-10-22T14:13:52+00:00\",\"description\":\"Conf\\u00eda en Pro Movers Miami para tus mudanzas en North Miami. Cont\\u00e1ctanos hoy para recibir un servicio de mudanza eficiente y seguro.\",\"breadcrumb\":{\"@id\":\"https:\/\/www.promoversmiami.com\/es\/local-moving\/miami-dade-county\/north-miami\/#breadcrumb\"},\"inLanguage\":\"es\",\"potentialAction\":[{\"@type\":\"ReadAction\",\"target\":[\"https:\/\/www.promoversmiami.com\/es\/local-moving\/miami-dade-county\/north-miami\/\"]}]},{\"@type\":\"BreadcrumbList\",\"@id\":\"https:\/\/www.promoversmiami.com\/es\/local-moving\/miami-dade-county\/north-miami\/#breadcrumb\",\"itemListElement\":[{\"@type\":\"ListItem\",\"position\":1,\"name\":\"Home\",\"item\":\"https:\/\/www.promoversmiami.com\/es\/\"},{\"@type\":\"ListItem\",\"position\":2,\"name\":\"Mudanzas locales\",\"item\":\"https:\/\/www.promoversmiami.com\/es\/local-moving\/\"},{\"@type\":\"ListItem\",\"position\":3,\"name\":\"Miami Dade County\",\"item\":\"https:\/\/www.promoversmiami.com\/es\/local-moving\/miami-dade-county\/\"},{\"@type\":\"ListItem\",\"position\":4,\"name\":\"North Miami\"}]}]}<\/script>\n<!-- \/ Yoast SEO plugin. -->","yoast_head_json":{"title":"North Miami | Pro Movers Miami","description":"Conf\u00eda en Pro Movers Miami para tus mudanzas en North Miami. Cont\u00e1ctanos hoy para recibir un servicio de mudanza eficiente y seguro.","robots":{"index":"index","follow":"follow","max-snippet":"max-snippet:-1","max-image-preview":"max-image-preview:large","max-video-preview":"max-video-preview:-1"},"canonical":"https:\/\/www.promoversmiami.com\/es\/local-moving\/miami-dade-county\/north-miami\/","og_locale":"es_ES","og_type":"article","og_title":"North Miami | Pro Movers Miami","og_description":"Conf\u00eda en Pro Movers Miami para tus mudanzas en North Miami. Cont\u00e1ctanos hoy para recibir un servicio de mudanza eficiente y seguro.","og_url":"https:\/\/www.promoversmiami.com\/es\/local-moving\/miami-dade-county\/north-miami\/","og_site_name":"Pro Movers Miami","article_modified_time":"2024-10-22T14:13:52+00:00","og_image":[{"width":640,"height":448,"url":"https:\/\/www.promoversmiami.com\/wp-content\/uploads\/2018\/11\/miami-504631_640.jpg","type":"image\/jpeg"}],"twitter_card":"summary_large_image","twitter_misc":{"Tiempo de lectura":"6 minutos"},"schema":{"@context":"https:\/\/schema.org","@graph":[{"@type":"Organization","@id":"https:\/\/www.promoversmiami.com\/#organization","name":"Pro Movers Miami | FL Movers - Miami Moving and Storage Company","url":"https:\/\/www.promoversmiami.com\/","sameAs":[],"logo":{"@type":"ImageObject","@id":"https:\/\/www.promoversmiami.com\/#logo","inLanguage":"es","url":"https:\/\/www.promoversmiami.com\/wp-content\/uploads\/2018\/11\/cropped-logo.png","contentUrl":"https:\/\/www.promoversmiami.com\/wp-content\/uploads\/2018\/11\/cropped-logo.png","width":173,"height":61,"caption":"Pro Movers Miami | FL Movers - Miami Moving and Storage Company"},"image":{"@id":"https:\/\/www.promoversmiami.com\/#logo"}},{"@type":"WebSite","@id":"https:\/\/www.promoversmiami.com\/#website","url":"https:\/\/www.promoversmiami.com\/","name":"Pro Movers Miami","description":"Mudanzas FL - Empresa de mudanzas y almacenamiento en Miami","publisher":{"@id":"https:\/\/www.promoversmiami.com\/#organization"},"potentialAction":[{"@type":"SearchAction","target":{"@type":"EntryPoint","urlTemplate":"https:\/\/www.promoversmiami.com\/?s={search_term_string}"},"query-input":"required name=search_term_string"}],"inLanguage":"es"},{"@type":"ImageObject","@id":"https:\/\/www.promoversmiami.com\/es\/local-moving\/miami-dade-county\/north-miami\/#primaryimage","inLanguage":"es","url":"https:\/\/www.promoversmiami.com\/wp-content\/uploads\/2018\/11\/miami-504631_640.jpg","contentUrl":"https:\/\/www.promoversmiami.com\/wp-content\/uploads\/2018\/11\/miami-504631_640.jpg","width":640,"height":448},{"@type":"WebPage","@id":"https:\/\/www.promoversmiami.com\/es\/local-moving\/miami-dade-county\/north-miami\/#webpage","url":"https:\/\/www.promoversmiami.com\/es\/local-moving\/miami-dade-county\/north-miami\/","name":"North Miami | Pro Movers Miami","isPartOf":{"@id":"https:\/\/www.promoversmiami.com\/#website"},"primaryImageOfPage":{"@id":"https:\/\/www.promoversmiami.com\/es\/local-moving\/miami-dade-county\/north-miami\/#primaryimage"},"datePublished":"2019-04-17T11:23:51+00:00","dateModified":"2024-10-22T14:13:52+00:00","description":"Conf\u00eda en Pro Movers Miami para tus mudanzas en North Miami. Cont\u00e1ctanos hoy para recibir un servicio de mudanza eficiente y seguro.","breadcrumb":{"@id":"https:\/\/www.promoversmiami.com\/es\/local-moving\/miami-dade-county\/north-miami\/#breadcrumb"},"inLanguage":"es","potentialAction":[{"@type":"ReadAction","target":["https:\/\/www.promoversmiami.com\/es\/local-moving\/miami-dade-county\/north-miami\/"]}]},{"@type":"BreadcrumbList","@id":"https:\/\/www.promoversmiami.com\/es\/local-moving\/miami-dade-county\/north-miami\/#breadcrumb","itemListElement":[{"@type":"ListItem","position":1,"name":"Home","item":"https:\/\/www.promoversmiami.com\/es\/"},{"@type":"ListItem","position":2,"name":"Mudanzas locales","item":"https:\/\/www.promoversmiami.com\/es\/local-moving\/"},{"@type":"ListItem","position":3,"name":"Miami Dade County","item":"https:\/\/www.promoversmiami.com\/es\/local-moving\/miami-dade-county\/"},{"@type":"ListItem","position":4,"name":"North Miami"}]}]}},"jetpack-related-posts":[{"id":2374,"url":"https:\/\/www.promoversmiami.com\/es\/services\/","url_meta":{"origin":2536,"position":0},"title":"Servicios","date":"marzo 21, 2019","format":false,"excerpt":"Cuando alguien dice Miami, \u00bfen qu\u00e9 piensas? Estamos seguros de que muchos de visualizamos lo mismo: palmeras, playa, arena y sol. Pero si investigas un poco m\u00e1s, descubrir\u00e1s que Miami tiene mucho m\u00e1s que ofrecer. Todo lo que necesitas para una buena vida est\u00e1 aqu\u00ed. En primer lugar, es un\u2026","rel":"","context":"Entrada similar","img":{"alt_text":"","src":"https:\/\/i1.wp.com\/www.promoversmiami.com\/wp-content\/uploads\/2018\/10\/services_title-picture-1.jpg?resize=350%2C200&ssl=1","width":350,"height":200},"classes":[]},{"id":2422,"url":"https:\/\/www.promoversmiami.com\/es\/about-us\/","url_meta":{"origin":2536,"position":1},"title":"Sobre Nosotros","date":"abril 15, 2019","format":false,"excerpt":"SOBRE PRO MOVERS MIAMI \u2013 TU AGENCIA DE MUDANZAS LOCALES Y DE LARGA DISTANCIA EN FLORIDA El mejor servicio de mudanzas locales y de larga distancia en Florida. Localizados en el coraz\u00f3n de Miami Dade, Pro Movers Miami es una de las mejores opciones para personas que piensen mudarse a\u2026","rel":"","context":"Entrada similar","img":{"alt_text":"","src":"https:\/\/i0.wp.com\/www.promoversmiami.com\/wp-content\/uploads\/2018\/10\/about_title_image.jpg?resize=350%2C200&ssl=1","width":350,"height":200},"classes":[]},{"id":2390,"url":"https:\/\/www.promoversmiami.com\/es\/packing\/","url_meta":{"origin":2536,"position":2},"title":"Embalaje","date":"marzo 25, 2019","format":false,"excerpt":"Mudarse no es f\u00e1cil y empacar solo dificulta a\u00fan m\u00e1s la tarea. Nosotros sabemos que podr\u00edas necesitar ayuda para embalar y empacar todas tus cosas, por esto nuestros equipos de expertos en mudanzas en Miami est\u00e1n disponibles para asistirte \u2013 mudar tus pertenencias de forma segura, r\u00e1pida y eficiente. Ayuda\u2026","rel":"","context":"Entrada similar","img":{"alt_text":"","src":"https:\/\/i0.wp.com\/www.promoversmiami.com\/wp-content\/uploads\/2018\/10\/archive-1850170_640.jpg?resize=350%2C200&ssl=1","width":350,"height":200},"classes":[]},{"id":2531,"url":"https:\/\/www.promoversmiami.com\/es\/local-moving\/miami-dade-county\/miami-beach\/","url_meta":{"origin":2536,"position":3},"title":"Miami Beach","date":"abril 17, 2019","format":false,"excerpt":"Miami Beach es una hermosa ciudad costera con incre\u00edbles paisajes. Con el Oc\u00e9ano Atl\u00e1ntico al este y Biscayne Bay separ\u00e1ndola de Miami por el oeste, Miami Beach tiene una ubicaci\u00f3n perfecta. Ofrece la oportunidad de vivir en una isla, pero muy cerca de la gran ciudad. La ciudad tiene mucho\u2026","rel":"","context":"Entrada similar","img":{"alt_text":"","src":"https:\/\/i0.wp.com\/www.promoversmiami.com\/wp-content\/uploads\/2018\/11\/pexels-photo-421654-300x244.jpeg?resize=350%2C200&ssl=1","width":350,"height":200},"classes":[]},{"id":2396,"url":"https:\/\/www.promoversmiami.com\/es\/residential-moving\/","url_meta":{"origin":2536,"position":4},"title":"Mudanzas residenciales","date":"marzo 25, 2019","format":false,"excerpt":"Miami es un lugar realmente bonito para vivir. Clima soleado, bellas playas y una cultura diversa son apenas unos de los puntos a favor de la ciudad de Miami. Todo eso, combinado a fant\u00e1sticas oportunidades de empleo, convierte a Miami en un destino atractivo. Mudarse a Miami, o desde un\u2026","rel":"","context":"Entrada similar","img":{"alt_text":"","src":"https:\/\/i1.wp.com\/www.promoversmiami.com\/wp-content\/uploads\/2018\/10\/pexels-photo-421655-300x201.jpeg?resize=350%2C200&ssl=1","width":350,"height":200},"classes":[]},{"id":2497,"url":"https:\/\/www.promoversmiami.com\/es\/local-moving\/miami-dade-county\/","url_meta":{"origin":2536,"position":5},"title":"Miami Dade County","date":"abril 17, 2019","format":false,"excerpt":"Mudarse a Miami puede ser una aventura. Esto no significa que necesariamente ser\u00e1 una buena. Tampoco que sea una mala. Esto puede resultar de cualquier manera. El factor que determina lo buena, o mala, que ser\u00e1 tu aventura son las agencias de mudanzas en Miami Dade. Reubicarte en una nueva\u2026","rel":"","context":"Entrada similar","img":{"alt_text":"Pro Movers Miami","src":"https:\/\/i0.wp.com\/www.promoversmiami.com\/wp-content\/uploads\/2018\/10\/PMM_Testimonials.jpg?resize=350%2C200&ssl=1","width":350,"height":200},"classes":[]}],"jetpack_sharing_enabled":true,"jetpack_shortlink":"https:\/\/wp.me\/Par13R-EU","_links":{"self":[{"href":"https:\/\/www.promoversmiami.com\/es\/wp-json\/wp\/v2\/pages\/2536","targetHints":{"allow":["GET"]}}],"collection":[{"href":"https:\/\/www.promoversmiami.com\/es\/wp-json\/wp\/v2\/pages"}],"about":[{"href":"https:\/\/www.promoversmiami.com\/es\/wp-json\/wp\/v2\/types\/page"}],"author":[{"embeddable":true,"href":"https:\/\/www.promoversmiami.com\/es\/wp-json\/wp\/v2\/users\/6"}],"replies":[{"embeddable":true,"href":"https:\/\/www.promoversmiami.com\/es\/wp-json\/wp\/v2\/comments?post=2536"}],"version-history":[{"count":1,"href":"https:\/\/www.promoversmiami.com\/es\/wp-json\/wp\/v2\/pages\/2536\/revisions"}],"predecessor-version":[{"id":65112,"href":"https:\/\/www.promoversmiami.com\/es\/wp-json\/wp\/v2\/pages\/2536\/revisions\/65112"}],"up":[{"embeddable":true,"href":"https:\/\/www.promoversmiami.com\/es\/wp-json\/wp\/v2\/pages\/2497"}],"wp:featuredmedia":[{"embeddable":true,"href":"https:\/\/www.promoversmiami.com\/es\/wp-json\/wp\/v2\/media\/2540"}],"wp:attachment":[{"href":"https:\/\/www.promoversmiami.com\/es\/wp-json\/wp\/v2\/media?parent=2536"}],"curies":[{"name":"wp","href":"https:\/\/api.w.org\/{rel}","templated":true}]}}