{"id":2497,"date":"2019-04-17T09:54:16","date_gmt":"2019-04-17T09:54:16","guid":{"rendered":"https:\/\/www.promoversmiami.com\/?page_id=2497"},"modified":"2024-10-22T13:58:20","modified_gmt":"2024-10-22T13:58:20","slug":"miami-dade-county","status":"publish","type":"page","link":"https:\/\/www.promoversmiami.com\/es\/local-moving\/miami-dade-county\/","title":{"rendered":"Miami Dade County"},"content":{"rendered":"<p><span style=\"font-weight: 400;\">Mudarse a Miami puede ser una aventura. Esto no significa que necesariamente ser\u00e1 una buena. Tampoco que sea una mala. Esto puede resultar de cualquier manera. El factor que determina lo buena, o mala, que ser\u00e1 tu aventura son las <\/span><b>agencias de mudanzas en Miami Dade<\/b><span style=\"font-weight: 400;\">.<\/span><\/p>\n<p><span style=\"font-weight: 400;\">Reubicarte en una nueva casa, o mudar tu oficina, puede ser una tarea estresante. Hay muchas variables en esta ecuaci\u00f3n y si alguna de ellas va mal, podr\u00edas estar en problemas. Por fortuna, tienes a nuestros <\/span><b>entrenados profesionales en <\/b><a href=\"https:\/\/www.promoversmiami.com\/\"><b>Pro Movers Miami<\/b><\/a><span style=\"font-weight: 400;\"> para cuidarte las espaldas. Estamos aqu\u00ed para asegurarnos de que tu transici\u00f3n ocurra sin mayores novedades. Esperamos que puedas apreciar los eventos positivos de la mudanza, de comenzar una nueva vida, en lugar de enfocarte en los aspectos estresantes del proceso. Al final del d\u00eda, es una experiencia maravillosa. Y nada deber\u00eda arruin\u00e1rtela. Pon tu confianza en nuestros <\/span><b>expertos en mudanzas<\/b><span style=\"font-weight: 400;\"> y nos aseguraremos de lograr una experiencia tranquila para ti.<\/span><\/p>\n<h2><span style=\"font-weight: 400;\">Agencias de mudanzas en Miami Dade<\/span><\/h2>\n<p><span style=\"font-weight: 400;\">Si a\u00fan est\u00e1 buscando un nuevo hogar para ti y tu familia, Miami Dade es absolutamente una decisi\u00f3n brillante. Agrupada en vecindarios seguros y con buenas personas por todos lados, ser\u00e1 excelente en todos los aspectos de tu vida. Sin embargo, antes de tener lo bueno de disfrutar la vida, necesitas resolver el proceso de mudanza.<\/span><\/p>\n<figure id=\"attachment_742\" aria-describedby=\"caption-attachment-742\" style=\"width: 960px\" class=\"wp-caption aligncenter\"><img loading=\"lazy\" class=\"wp-image-742 size-full\" src=\"https:\/\/www.promoversmiami.com\/wp-content\/uploads\/2018\/11\/panorama-2117310_960_720.jpg\" alt=\"moving companies Miami Dade will help you move to gorgeous Miami, trouble free.\" width=\"960\" height=\"355\" srcset=\"https:\/\/www.promoversmiami.com\/wp-content\/uploads\/2018\/11\/panorama-2117310_960_720.jpg 960w, https:\/\/www.promoversmiami.com\/wp-content\/uploads\/2018\/11\/panorama-2117310_960_720-300x111.jpg 300w, https:\/\/www.promoversmiami.com\/wp-content\/uploads\/2018\/11\/panorama-2117310_960_720-768x284.jpg 768w\" sizes=\"(max-width: 960px) 100vw, 960px\" \/><figcaption id=\"caption-attachment-742\" class=\"wp-caption-text\">Miami en todo su esplendor. \u00a1Excelente opci\u00f3n!<\/figcaption><\/figure>\n<p><span style=\"font-weight: 400;\">Para poder deshacerse de esta parte molesta, deber\u00edas consideras contactar a nuestra <\/span><b>agencia de mudanza en Miami Dade.<\/b><span style=\"font-weight: 400;\"> Los temores de la experiencia de mudarse pueden convertirse en una jornada placentera. Estamos aqu\u00ed no solo para mover tus pertenencias, sino tambi\u00e9n para escucharte con atenci\u00f3n. Para tratar de entender tus preocupaciones y encontrar soluci\u00f3n a cada una de ellas. Al final del d\u00eda, nuestra prioridad es la satisfacci\u00f3n del cliente. Nuestros <\/span><b>testimonios<\/b><span style=\"font-weight: 400;\"> son prueba que contamos con clientes felices y listos para volver a contratarnos. Lo que pedimos no es poca cosa. Pedimos tu confianza. De vuelta, te ofrecemos nuestra completa atenci\u00f3n, con la promesa de cuidar de ti y tus seres queridos con el m\u00e1ximo respeto por tu tiempo.<\/span><\/p>\n<h2><span style=\"font-weight: 400;\">\u00bfPor qu\u00e9 contratar a nuestra agencia de mudanzas en Miami Dade?<\/span><\/h2>\n<p><span style=\"font-weight: 400;\">Nuestros expertos en mudanzas en Miami Dade acostumbran a o\u00edr atentamente a los clientes antes de iniciar cualquier tarea. Nos gusta tener primero una larga conversaci\u00f3n contigo para poder conocer tus deseos y tus preocupaciones sobre todo el proceso de reubicaci\u00f3n. No llegamos directamente a negociar el presupuesto, como muchas otras compa\u00f1\u00edas hacen. <\/span><\/p>\n<p><span style=\"font-weight: 400;\">Primero, queremos conocerte, visitar tu casa y, si es posible, tu futuro hogar. Queremos ver el sitio de la mudanza de primera mano para estimar la cantidad de empleados y el alquiler de camiones para mudanza en Miami que se necesitar\u00e1n para <\/span><b>trasportar todas tus pertenencias<\/b><span style=\"font-weight: 400;\">. Tambi\u00e9n queremos escuchar tus ideas, y cualquier duda que tengas. Es posible que te sientas inc\u00f3modo sobre todo este proceso, y es normal. <\/span><b>La ansiedad por la mudanza <\/b><span style=\"font-weight: 400;\">es bastante com\u00fan, y por ello queremos conversar contigo antes de proceder a hacer el trabajo.<\/span><\/p>\n<p><span style=\"font-weight: 400;\">En esta charla nos gustar\u00eda <\/span><a href=\"https:\/\/www.thespruce.com\/budget-before-you-move-2436525\"><span style=\"font-weight: 400;\">discutir tu presupuesto<\/span><\/a><span style=\"font-weight: 400;\"> y ofrecerte los servicios que se adaptan perfectamente a tus necesidades. Nuestro mayor deseo es complacerte. Esperamos que, despu\u00e9s de completar esta mudanza para ti, cambies tu opini\u00f3n sobre la experiencia de mudarse a Florida. <\/span><\/p>\n<h2><span style=\"font-weight: 400;\">Nuestros servicios<\/span><\/h2>\n<p><span style=\"font-weight: 400;\">Ofrecemos diversos <\/span><a href=\"https:\/\/www.promoversmiami.com\/moving-services\/\"><span style=\"font-weight: 400;\">servicios de mudanzas<\/span><\/a><span style=\"font-weight: 400;\"> en Florida. Nuestra amplia experiencia permite adaptarnos a cualquier solicitud que pudieras tener. Aun cuando podr\u00edamos no haberlo hecho en el pasado, encontraremos la manera de que funcione.<\/span><\/p>\n<figure id=\"attachment_741\" aria-describedby=\"caption-attachment-741\" style=\"width: 300px\" class=\"wp-caption aligncenter\"><img loading=\"lazy\" class=\"wp-image-741 size-medium\" src=\"https:\/\/www.promoversmiami.com\/wp-content\/uploads\/2018\/11\/ux-788002_960_720-300x199.jpg\" alt=\"Our moving company will be able to satsify any need you have.\" width=\"300\" height=\"199\" srcset=\"https:\/\/www.promoversmiami.com\/wp-content\/uploads\/2018\/11\/ux-788002_960_720-300x199.jpg 300w, https:\/\/www.promoversmiami.com\/wp-content\/uploads\/2018\/11\/ux-788002_960_720-768x510.jpg 768w, https:\/\/www.promoversmiami.com\/wp-content\/uploads\/2018\/11\/ux-788002_960_720.jpg 960w\" sizes=\"(max-width: 300px) 100vw, 300px\" \/><figcaption id=\"caption-attachment-741\" class=\"wp-caption-text\">Nuestros servicios son amplios. \u00a1Elige el tuyo!<\/figcaption><\/figure>\n<h3><span style=\"font-weight: 400;\">Mudanzas Locales<\/span><\/h3>\n<p><span style=\"font-weight: 400;\">Uno de los servicios que ofrecemos es el de mudanzas locales. Nuestros profesionales hacen que mudarse dentro de Miami sea algo muy sencillo. En cuesti\u00f3n de horas, nuestros expertos en <\/span><a href=\"https:\/\/www.promoversmiami.com\/local-moving\/\"><span style=\"font-weight: 400;\">mudanzas en Florida reubicar\u00e1n<\/span><\/a><span style=\"font-weight: 400;\"> todas tus pertenencias. Adicionalmente, si necesitas ayuda para empacar, <\/span><b>nuestro servicio de embalaje<\/b><span style=\"font-weight: 400;\"> lo har\u00e1 por ti.<\/span><\/p>\n<h3><span style=\"font-weight: 400;\">Mudanzas de Larga Distancia<\/span><\/h3>\n<p><span style=\"font-weight: 400;\">Por otro lado, las <\/span><a href=\"https:\/\/www.promoversmiami.com\/long-distance-moving\/\"><span style=\"font-weight: 400;\">mudanzas de larga distancia<\/span><\/a><span style=\"font-weight: 400;\">,<\/span><span style=\"font-weight: 400;\"> y las mudanzas internacionales desde Miami, son m\u00e1s problem\u00e1ticas para hacer sin ayuda. Contando con nuestro equipo de profesionales entrenados no lo ser\u00e1. Sin importar a cual estado te desees mudar, estaremos ah\u00ed para asegurarnos de que tus pertenencias sean transportadas a salvo con la renta de nuestros camiones de mudanza en Miami.<\/span><\/p>\n<p><span style=\"font-weight: 400;\">Contratarnos significa que no tendr\u00e1s que preocuparte con la log\u00edstica del proceso. Nos encargaremos de todo mientras t\u00fa te preocupas por ti y tus queridos. Creemos que es importante comenzar con buen pie este nuevo cap\u00edtulo de tu vida, como lo es mudarte a una nueva ciudad, todo el proceso de reubicaci\u00f3n debe entorpecer esta experiencia.<\/span><\/p>\n<h3><span style=\"font-weight: 400;\">Servicios de Almacenamiento<\/span><\/h3>\n<p><span style=\"font-weight: 400;\">Si tu mudanza requiere guardar cosas en una <\/span><b>unidad de almacenamiento en Miami<\/b><span style=\"font-weight: 400;\"> por un tiempo, estamos felices de ayudarte con eso tambi\u00e9n. Ofrecemos una amplia gama de servicios para que nuestros clientes no tengan que preocuparse con conseguir una agencia de mudanzas diferente para ciertos pasos del proceso.<\/span><\/p>\n<p><span style=\"font-weight: 400;\">Estamos orgullosos de <\/span><a href=\"https:\/\/www.promoversmiami.com\/storage\/\"><span style=\"font-weight: 400;\">nuestras instalaciones de almacenamiento<\/span><\/a><span style=\"font-weight: 400;\"> porque son de mejor calidad que las de nuestros competidores. Son privadas y seguras, mantendremos a salvo tus pertenencias por el tiempo que sea necesario.<\/span><\/p>\n<h3><span style=\"font-weight: 400;\">Servicio de Embalaje<\/span><\/h3>\n<p><span style=\"font-weight: 400;\">Si no tienes tiempo o paciencia para <\/span><a href=\"https:\/\/www.promoversmiami.com\/packing\/\"><span style=\"font-weight: 400;\">empaquetar un mont\u00f3n de cajas<\/span><\/a><span style=\"font-weight: 400;\"> con todos los objetos de tu hogar u oficina, puedes confiar en nuestros expertos en mudanzas. Estaremos m\u00e1s que felices de ayudarte con eso, hacemos todo lo posible para ahorrarte dolores de cabeza. Si embalar te causar\u00eda uno, <\/span><b>nuestros profesionales<\/b><span style=\"font-weight: 400;\"> pueden ayudarte. Solo debes contarnos si alg\u00fan objeto necesita cuidado extra o si quieres tener acceso a alg\u00fan objeto en espec\u00edfico al llegar al destino y nosotros nos encargaremos del resto.<\/span><\/p>\n<figure id=\"attachment_743\" aria-describedby=\"caption-attachment-743\" style=\"width: 300px\" class=\"wp-caption aligncenter\"><img loading=\"lazy\" class=\"wp-image-743 size-medium\" src=\"https:\/\/www.promoversmiami.com\/wp-content\/uploads\/2018\/11\/books-768426_960_720-300x200.jpg\" alt=\"Our moving services include packing services.\" width=\"300\" height=\"200\" srcset=\"https:\/\/www.promoversmiami.com\/wp-content\/uploads\/2018\/11\/books-768426_960_720-300x200.jpg 300w, https:\/\/www.promoversmiami.com\/wp-content\/uploads\/2018\/11\/books-768426_960_720-768x512.jpg 768w, https:\/\/www.promoversmiami.com\/wp-content\/uploads\/2018\/11\/books-768426_960_720.jpg 960w\" sizes=\"(max-width: 300px) 100vw, 300px\" \/><figcaption id=\"caption-attachment-743\" class=\"wp-caption-text\">\u00a1Nosotros podemos ayudarte a embalar todas tus cosas!<\/figcaption><\/figure>\n<p><span style=\"font-weight: 400;\">Conf\u00eda en nuestra <\/span><b>agencia de mudanzas en Miami Dade<\/b><span style=\"font-weight: 400;\"> y no te arrepentir\u00e1s.<\/span><\/p>\n","protected":false},"excerpt":{"rendered":"<p>Mudarse a Miami puede ser una aventura. Esto no significa que necesariamente ser\u00e1 una buena. Tampoco que sea una mala. Esto puede resultar de cualquier manera. El factor que determina lo buena, o mala, que ser\u00e1 tu aventura son las<\/p>\n<div class=\"read-more md-btn\"><a class=\"moretag\" href=\"https:\/\/www.promoversmiami.com\/es\/local-moving\/miami-dade-county\/\"> Read More<\/a><\/div>\n","protected":false},"author":6,"featured_media":46153,"parent":2359,"menu_order":0,"comment_status":"closed","ping_status":"closed","template":"services-single.php","meta":{"inline_featured_image":false,"ngg_post_thumbnail":0,"spay_email":""},"yoast_head":"<!-- This site is optimized with the Yoast SEO plugin v17.8 - https:\/\/yoast.com\/wordpress\/plugins\/seo\/ -->\n<title>Miami Dade County | Pro Movers Miami<\/title>\n<meta name=\"description\" content=\"Pro Movers Miami ofrece servicios de mudanza confiables en Miami Dade County. Mudanzas adaptadas a tus necesidades.\" \/>\n<meta name=\"robots\" content=\"index, follow, max-snippet:-1, max-image-preview:large, max-video-preview:-1\" \/>\n<link rel=\"canonical\" href=\"https:\/\/www.promoversmiami.com\/es\/local-moving\/miami-dade-county\/\" \/>\n<meta property=\"og:locale\" content=\"es_ES\" \/>\n<meta property=\"og:type\" content=\"article\" \/>\n<meta property=\"og:title\" content=\"Miami Dade County | Pro Movers Miami\" \/>\n<meta property=\"og:description\" content=\"Pro Movers Miami ofrece servicios de mudanza confiables en Miami Dade County. Mudanzas adaptadas a tus necesidades.\" \/>\n<meta property=\"og:url\" content=\"https:\/\/www.promoversmiami.com\/es\/local-moving\/miami-dade-county\/\" \/>\n<meta property=\"og:site_name\" content=\"Pro Movers Miami\" \/>\n<meta property=\"article:modified_time\" content=\"2024-10-22T13:58:20+00:00\" \/>\n<meta property=\"og:image\" content=\"https:\/\/www.promoversmiami.com\/wp-content\/uploads\/2018\/10\/PMM_Testimonials.jpg\" \/>\n\t<meta property=\"og:image:width\" content=\"1920\" \/>\n\t<meta property=\"og:image:height\" content=\"1011\" \/>\n<meta name=\"twitter:card\" content=\"summary_large_image\" \/>\n<meta name=\"twitter:label1\" content=\"Tiempo de lectura\" \/>\n\t<meta name=\"twitter:data1\" content=\"5 minutos\" \/>\n<script type=\"application\/ld+json\" class=\"yoast-schema-graph\">{\"@context\":\"https:\/\/schema.org\",\"@graph\":[{\"@type\":\"Organization\",\"@id\":\"https:\/\/www.promoversmiami.com\/#organization\",\"name\":\"Pro Movers Miami | FL Movers - Miami Moving and Storage Company\",\"url\":\"https:\/\/www.promoversmiami.com\/\",\"sameAs\":[],\"logo\":{\"@type\":\"ImageObject\",\"@id\":\"https:\/\/www.promoversmiami.com\/#logo\",\"inLanguage\":\"es\",\"url\":\"https:\/\/www.promoversmiami.com\/wp-content\/uploads\/2018\/11\/cropped-logo.png\",\"contentUrl\":\"https:\/\/www.promoversmiami.com\/wp-content\/uploads\/2018\/11\/cropped-logo.png\",\"width\":173,\"height\":61,\"caption\":\"Pro Movers Miami | FL Movers - Miami Moving and Storage Company\"},\"image\":{\"@id\":\"https:\/\/www.promoversmiami.com\/#logo\"}},{\"@type\":\"WebSite\",\"@id\":\"https:\/\/www.promoversmiami.com\/#website\",\"url\":\"https:\/\/www.promoversmiami.com\/\",\"name\":\"Pro Movers Miami\",\"description\":\"Mudanzas FL - Empresa de mudanzas y almacenamiento en Miami\",\"publisher\":{\"@id\":\"https:\/\/www.promoversmiami.com\/#organization\"},\"potentialAction\":[{\"@type\":\"SearchAction\",\"target\":{\"@type\":\"EntryPoint\",\"urlTemplate\":\"https:\/\/www.promoversmiami.com\/?s={search_term_string}\"},\"query-input\":\"required name=search_term_string\"}],\"inLanguage\":\"es\"},{\"@type\":\"ImageObject\",\"@id\":\"https:\/\/www.promoversmiami.com\/es\/local-moving\/miami-dade-county\/#primaryimage\",\"inLanguage\":\"es\",\"url\":\"https:\/\/www.promoversmiami.com\/wp-content\/uploads\/2018\/10\/PMM_Testimonials.jpg\",\"contentUrl\":\"https:\/\/www.promoversmiami.com\/wp-content\/uploads\/2018\/10\/PMM_Testimonials.jpg\",\"width\":1920,\"height\":1011,\"caption\":\"Pro Movers Miami\"},{\"@type\":\"WebPage\",\"@id\":\"https:\/\/www.promoversmiami.com\/es\/local-moving\/miami-dade-county\/#webpage\",\"url\":\"https:\/\/www.promoversmiami.com\/es\/local-moving\/miami-dade-county\/\",\"name\":\"Miami Dade County | Pro Movers Miami\",\"isPartOf\":{\"@id\":\"https:\/\/www.promoversmiami.com\/#website\"},\"primaryImageOfPage\":{\"@id\":\"https:\/\/www.promoversmiami.com\/es\/local-moving\/miami-dade-county\/#primaryimage\"},\"datePublished\":\"2019-04-17T09:54:16+00:00\",\"dateModified\":\"2024-10-22T13:58:20+00:00\",\"description\":\"Pro Movers Miami ofrece servicios de mudanza confiables en Miami Dade County. Mudanzas adaptadas a tus necesidades.\",\"breadcrumb\":{\"@id\":\"https:\/\/www.promoversmiami.com\/es\/local-moving\/miami-dade-county\/#breadcrumb\"},\"inLanguage\":\"es\",\"potentialAction\":[{\"@type\":\"ReadAction\",\"target\":[\"https:\/\/www.promoversmiami.com\/es\/local-moving\/miami-dade-county\/\"]}]},{\"@type\":\"BreadcrumbList\",\"@id\":\"https:\/\/www.promoversmiami.com\/es\/local-moving\/miami-dade-county\/#breadcrumb\",\"itemListElement\":[{\"@type\":\"ListItem\",\"position\":1,\"name\":\"Home\",\"item\":\"https:\/\/www.promoversmiami.com\/es\/\"},{\"@type\":\"ListItem\",\"position\":2,\"name\":\"Mudanzas locales\",\"item\":\"https:\/\/www.promoversmiami.com\/es\/local-moving\/\"},{\"@type\":\"ListItem\",\"position\":3,\"name\":\"Miami Dade County\"}]}]}<\/script>\n<!-- \/ Yoast SEO plugin. -->","yoast_head_json":{"title":"Miami Dade County | Pro Movers Miami","description":"Pro Movers Miami ofrece servicios de mudanza confiables en Miami Dade County. Mudanzas adaptadas a tus necesidades.","robots":{"index":"index","follow":"follow","max-snippet":"max-snippet:-1","max-image-preview":"max-image-preview:large","max-video-preview":"max-video-preview:-1"},"canonical":"https:\/\/www.promoversmiami.com\/es\/local-moving\/miami-dade-county\/","og_locale":"es_ES","og_type":"article","og_title":"Miami Dade County | Pro Movers Miami","og_description":"Pro Movers Miami ofrece servicios de mudanza confiables en Miami Dade County. Mudanzas adaptadas a tus necesidades.","og_url":"https:\/\/www.promoversmiami.com\/es\/local-moving\/miami-dade-county\/","og_site_name":"Pro Movers Miami","article_modified_time":"2024-10-22T13:58:20+00:00","og_image":[{"width":1920,"height":1011,"url":"https:\/\/www.promoversmiami.com\/wp-content\/uploads\/2018\/10\/PMM_Testimonials.jpg","type":"image\/jpeg"}],"twitter_card":"summary_large_image","twitter_misc":{"Tiempo de lectura":"5 minutos"},"schema":{"@context":"https:\/\/schema.org","@graph":[{"@type":"Organization","@id":"https:\/\/www.promoversmiami.com\/#organization","name":"Pro Movers Miami | FL Movers - Miami Moving and Storage Company","url":"https:\/\/www.promoversmiami.com\/","sameAs":[],"logo":{"@type":"ImageObject","@id":"https:\/\/www.promoversmiami.com\/#logo","inLanguage":"es","url":"https:\/\/www.promoversmiami.com\/wp-content\/uploads\/2018\/11\/cropped-logo.png","contentUrl":"https:\/\/www.promoversmiami.com\/wp-content\/uploads\/2018\/11\/cropped-logo.png","width":173,"height":61,"caption":"Pro Movers Miami | FL Movers - Miami Moving and Storage Company"},"image":{"@id":"https:\/\/www.promoversmiami.com\/#logo"}},{"@type":"WebSite","@id":"https:\/\/www.promoversmiami.com\/#website","url":"https:\/\/www.promoversmiami.com\/","name":"Pro Movers Miami","description":"Mudanzas FL - Empresa de mudanzas y almacenamiento en Miami","publisher":{"@id":"https:\/\/www.promoversmiami.com\/#organization"},"potentialAction":[{"@type":"SearchAction","target":{"@type":"EntryPoint","urlTemplate":"https:\/\/www.promoversmiami.com\/?s={search_term_string}"},"query-input":"required name=search_term_string"}],"inLanguage":"es"},{"@type":"ImageObject","@id":"https:\/\/www.promoversmiami.com\/es\/local-moving\/miami-dade-county\/#primaryimage","inLanguage":"es","url":"https:\/\/www.promoversmiami.com\/wp-content\/uploads\/2018\/10\/PMM_Testimonials.jpg","contentUrl":"https:\/\/www.promoversmiami.com\/wp-content\/uploads\/2018\/10\/PMM_Testimonials.jpg","width":1920,"height":1011,"caption":"Pro Movers Miami"},{"@type":"WebPage","@id":"https:\/\/www.promoversmiami.com\/es\/local-moving\/miami-dade-county\/#webpage","url":"https:\/\/www.promoversmiami.com\/es\/local-moving\/miami-dade-county\/","name":"Miami Dade County | Pro Movers Miami","isPartOf":{"@id":"https:\/\/www.promoversmiami.com\/#website"},"primaryImageOfPage":{"@id":"https:\/\/www.promoversmiami.com\/es\/local-moving\/miami-dade-county\/#primaryimage"},"datePublished":"2019-04-17T09:54:16+00:00","dateModified":"2024-10-22T13:58:20+00:00","description":"Pro Movers Miami ofrece servicios de mudanza confiables en Miami Dade County. Mudanzas adaptadas a tus necesidades.","breadcrumb":{"@id":"https:\/\/www.promoversmiami.com\/es\/local-moving\/miami-dade-county\/#breadcrumb"},"inLanguage":"es","potentialAction":[{"@type":"ReadAction","target":["https:\/\/www.promoversmiami.com\/es\/local-moving\/miami-dade-county\/"]}]},{"@type":"BreadcrumbList","@id":"https:\/\/www.promoversmiami.com\/es\/local-moving\/miami-dade-county\/#breadcrumb","itemListElement":[{"@type":"ListItem","position":1,"name":"Home","item":"https:\/\/www.promoversmiami.com\/es\/"},{"@type":"ListItem","position":2,"name":"Mudanzas locales","item":"https:\/\/www.promoversmiami.com\/es\/local-moving\/"},{"@type":"ListItem","position":3,"name":"Miami Dade County"}]}]}},"jetpack-related-posts":[{"id":2378,"url":"https:\/\/www.promoversmiami.com\/es\/emergency-moving\/","url_meta":{"origin":2497,"position":0},"title":"Mudanzas de emergencia","date":"marzo 25, 2019","format":false,"excerpt":"\u00bfNecesitas a alguien que pueda ayudarte con una mudanza sin previo aviso? Si es as\u00ed, \u00a1viniste al sitio adecuado! Pro Movers Miami te puede ayudar a mudarte de forma r\u00e1pida y eficiente, a un precio que se ajusta a tu presupuesto. \u00bfPor qu\u00e9 escogernos? Las mudanzas de emergencia son una\u2026","rel":"","context":"Entrada similar","img":{"alt_text":"","src":"https:\/\/i2.wp.com\/www.promoversmiami.com\/wp-content\/uploads\/2018\/10\/football-stadium-3404535_640-300x200.jpg?resize=350%2C200&ssl=1","width":350,"height":200},"classes":[]},{"id":2368,"url":"https:\/\/www.promoversmiami.com\/es\/long-distance-moving\/","url_meta":{"origin":2497,"position":1},"title":"Mudanzas de larga distancia","date":"marzo 21, 2019","format":false,"excerpt":"Hacer una mudanza de larga distancia, como mudanzas a Argentina desde Miami, puede ser un proceso complicado. Cuando contratas a un servicio de mudanzas confiable, el proceso pierde ese nivel de dificultad. Pro Movers Miami es una experimentada compa\u00f1\u00eda de mudanzas de Miami que ofrece servicios de mudanzas locales y\u2026","rel":"","context":"Entrada similar","img":{"alt_text":"","src":"https:\/\/i1.wp.com\/www.promoversmiami.com\/wp-content\/uploads\/2018\/10\/long_distance.jpg?resize=350%2C200&ssl=1","width":350,"height":200},"classes":[]},{"id":2374,"url":"https:\/\/www.promoversmiami.com\/es\/services\/","url_meta":{"origin":2497,"position":2},"title":"Servicios","date":"marzo 21, 2019","format":false,"excerpt":"Cuando alguien dice Miami, \u00bfen qu\u00e9 piensas? Estamos seguros de que muchos de visualizamos lo mismo: palmeras, playa, arena y sol. Pero si investigas un poco m\u00e1s, descubrir\u00e1s que Miami tiene mucho m\u00e1s que ofrecer. Todo lo que necesitas para una buena vida est\u00e1 aqu\u00ed. En primer lugar, es un\u2026","rel":"","context":"Entrada similar","img":{"alt_text":"","src":"https:\/\/i1.wp.com\/www.promoversmiami.com\/wp-content\/uploads\/2018\/10\/services_title-picture-1.jpg?resize=350%2C200&ssl=1","width":350,"height":200},"classes":[]},{"id":2519,"url":"https:\/\/www.promoversmiami.com\/es\/local-moving\/miami-dade-county\/homestead\/","url_meta":{"origin":2497,"position":3},"title":"Homestead","date":"abril 17, 2019","format":false,"excerpt":"Est\u00e1s haciendo planes para mudarte al Sur de la Florida? \u00bfHas decidido cu\u00e1l es la mejor ciudad para tu nuevo hogar? Si tu elecci\u00f3n es Homestead, \u00a1bien por ti! Con nuestra empresa, podr\u00e1s disfrutar de tu reubicaci\u00f3n y sin esfuerzos. Si ya la est\u00e1s planeando, considera contratar a nuestros profesionales\u2026","rel":"","context":"Entrada similar","img":{"alt_text":"","src":"https:\/\/i1.wp.com\/www.promoversmiami.com\/wp-content\/uploads\/2018\/12\/map-455769_640.jpg?resize=350%2C200&ssl=1","width":350,"height":200},"classes":[]},{"id":2531,"url":"https:\/\/www.promoversmiami.com\/es\/local-moving\/miami-dade-county\/miami-beach\/","url_meta":{"origin":2497,"position":4},"title":"Miami Beach","date":"abril 17, 2019","format":false,"excerpt":"Miami Beach es una hermosa ciudad costera con incre\u00edbles paisajes. Con el Oc\u00e9ano Atl\u00e1ntico al este y Biscayne Bay separ\u00e1ndola de Miami por el oeste, Miami Beach tiene una ubicaci\u00f3n perfecta. Ofrece la oportunidad de vivir en una isla, pero muy cerca de la gran ciudad. La ciudad tiene mucho\u2026","rel":"","context":"Entrada similar","img":{"alt_text":"","src":"https:\/\/i0.wp.com\/www.promoversmiami.com\/wp-content\/uploads\/2018\/11\/pexels-photo-421654-300x244.jpeg?resize=350%2C200&ssl=1","width":350,"height":200},"classes":[]},{"id":2536,"url":"https:\/\/www.promoversmiami.com\/es\/local-moving\/miami-dade-county\/north-miami\/","url_meta":{"origin":2497,"position":5},"title":"North Miami","date":"abril 17, 2019","format":false,"excerpt":"\u00a1Mudarse a North Miami deber\u00eda ser una experiencia excitante para ti y tu familia! Si eliges esta ciudad como nuevo destino, \u00a1nuestros profesionales de mudanzas en North Miami, FL, pueden ayudarte! Pro Movers Miami es una agencia de mudanzas confiable que ofrece servicios tanto residenciales como comerciales. Si necesitas empacar\u2026","rel":"","context":"Entrada similar","img":{"alt_text":"","src":"https:\/\/i0.wp.com\/www.promoversmiami.com\/wp-content\/uploads\/2018\/11\/miami-504631_640.jpg?resize=350%2C200&ssl=1","width":350,"height":200},"classes":[]}],"jetpack_sharing_enabled":true,"jetpack_shortlink":"https:\/\/wp.me\/Par13R-Eh","_links":{"self":[{"href":"https:\/\/www.promoversmiami.com\/es\/wp-json\/wp\/v2\/pages\/2497"}],"collection":[{"href":"https:\/\/www.promoversmiami.com\/es\/wp-json\/wp\/v2\/pages"}],"about":[{"href":"https:\/\/www.promoversmiami.com\/es\/wp-json\/wp\/v2\/types\/page"}],"author":[{"embeddable":true,"href":"https:\/\/www.promoversmiami.com\/es\/wp-json\/wp\/v2\/users\/6"}],"replies":[{"embeddable":true,"href":"https:\/\/www.promoversmiami.com\/es\/wp-json\/wp\/v2\/comments?post=2497"}],"version-history":[{"count":1,"href":"https:\/\/www.promoversmiami.com\/es\/wp-json\/wp\/v2\/pages\/2497\/revisions"}],"predecessor-version":[{"id":65105,"href":"https:\/\/www.promoversmiami.com\/es\/wp-json\/wp\/v2\/pages\/2497\/revisions\/65105"}],"up":[{"embeddable":true,"href":"https:\/\/www.promoversmiami.com\/es\/wp-json\/wp\/v2\/pages\/2359"}],"wp:featuredmedia":[{"embeddable":true,"href":"https:\/\/www.promoversmiami.com\/es\/wp-json\/wp\/v2\/media\/46153"}],"wp:attachment":[{"href":"https:\/\/www.promoversmiami.com\/es\/wp-json\/wp\/v2\/media?parent=2497"}],"curies":[{"name":"wp","href":"https:\/\/api.w.org\/{rel}","templated":true}]}}