{"id":2428,"date":"2019-04-15T14:03:31","date_gmt":"2019-04-15T14:03:31","guid":{"rendered":"https:\/\/www.promoversmiami.com\/?page_id=2428"},"modified":"2024-10-22T13:36:36","modified_gmt":"2024-10-22T13:36:36","slug":"contact","status":"publish","type":"page","link":"https:\/\/www.promoversmiami.com\/es\/contact\/","title":{"rendered":"Contacto"},"content":{"rendered":"<p><b>Ubicaci\u00f3n<\/b><span style=\"font-weight: 400;\">:<\/span><\/p>\n<p><span style=\"font-weight: 400;\">South Miami 4215 SW 75 Ave,<\/span><\/p>\n<p><span style=\"font-weight: 400;\">Miami, FL 33155, USA<\/span><\/p>\n<p><b>Tel\u00e9fono<\/b><span style=\"font-weight: 400;\">: 305-356-7337<\/span><\/p>\n<p><b>Fax<\/b><span style=\"font-weight: 400;\">: 305-328-8577<\/span><\/p>\n<p><b>Miami (Servicios administrativos)<\/b><\/p>\n<p><span style=\"font-weight: 400;\">475 Brickell Ave Miami, FL 33131<\/span><\/p>\n<p><b>Tel\u00e9fono<\/b><span style=\"font-weight: 400;\">: 305-707-7007<\/span><\/p>\n<p><b>Correo electr\u00f3nico<\/b><span style=\"font-weight: 400;\">: <\/span><a href=\"mailto:sales@promoversmiami.com\"><span style=\"font-weight: 400;\">sales@promoversmiami.com<\/span><\/a><\/p>\n<p>&nbsp;<\/p>\n<p><b>Horario de Oficina:<\/b><\/p>\n<p><b>Lunes \u2013 Viernes 8:00 AM to 7:00 PM EST<\/b><\/p>\n<p><b>Nuestro equipo de profesionales est\u00e1 listo para ayudarte a planificar tu mudanza en Miami<\/b><\/p>\n<p><b>FL REG #IM2127 Miami-Dade, Broward, West Palm Beach, MC-956262 N\u00famero de licencia: US DOT 2855891<\/b><\/p>\n","protected":false},"excerpt":{"rendered":"<p>Ubicaci\u00f3n: South Miami 4215 SW 75 Ave, Miami, FL 33155, USA Tel\u00e9fono: 305-356-7337 Fax: 305-328-8577 Miami (Servicios administrativos) 475 Brickell Ave Miami, FL 33131 Tel\u00e9fono: 305-707-7007 Correo electr\u00f3nico: sales@promoversmiami.com &nbsp; Horario de Oficina: Lunes \u2013 Viernes 8:00 AM to 7:00<\/p>\n<div class=\"read-more md-btn\"><a class=\"moretag\" href=\"https:\/\/www.promoversmiami.com\/es\/contact\/\"> Read More<\/a><\/div>\n","protected":false},"author":6,"featured_media":0,"parent":0,"menu_order":0,"comment_status":"closed","ping_status":"closed","template":"","meta":{"inline_featured_image":false,"ngg_post_thumbnail":0,"spay_email":"","footnotes":""},"class_list":["post-2428","page","type-page","status-publish","hentry"],"yoast_head":"<!-- This site is optimized with the Yoast SEO plugin v17.8 - https:\/\/yoast.com\/wordpress\/plugins\/seo\/ -->\n<title>Contacto | Pro Movers Miami<\/title>\n<meta name=\"description\" content=\"Cont\u00e1ctanos en Pro Movers Miami para recibir asistencia personalizada y una cotizaci\u00f3n gratuita para tu pr\u00f3xima mudanza.\" \/>\n<meta name=\"robots\" content=\"index, follow, max-snippet:-1, max-image-preview:large, max-video-preview:-1\" \/>\n<link rel=\"canonical\" href=\"https:\/\/www.promoversmiami.com\/es\/contact\/\" \/>\n<meta property=\"og:locale\" content=\"es_ES\" \/>\n<meta property=\"og:type\" content=\"article\" \/>\n<meta property=\"og:title\" content=\"Contacto | Pro Movers Miami\" \/>\n<meta property=\"og:description\" content=\"Cont\u00e1ctanos en Pro Movers Miami para recibir asistencia personalizada y una cotizaci\u00f3n gratuita para tu pr\u00f3xima mudanza.\" \/>\n<meta property=\"og:url\" content=\"https:\/\/www.promoversmiami.com\/es\/contact\/\" \/>\n<meta property=\"og:site_name\" content=\"Pro Movers Miami\" \/>\n<meta property=\"article:modified_time\" content=\"2024-10-22T13:36:36+00:00\" \/>\n<meta property=\"og:image\" content=\"https:\/\/www.promoversmiami.com\/wp-content\/uploads\/2018\/10\/promovers_hero_image.jpg\" \/>\n\t<meta property=\"og:image:width\" content=\"1920\" \/>\n\t<meta property=\"og:image:height\" content=\"928\" \/>\n<meta name=\"twitter:card\" content=\"summary_large_image\" \/>\n<script type=\"application\/ld+json\" class=\"yoast-schema-graph\">{\"@context\":\"https:\/\/schema.org\",\"@graph\":[{\"@type\":\"Organization\",\"@id\":\"https:\/\/www.promoversmiami.com\/#organization\",\"name\":\"Pro Movers Miami | FL Movers - Miami Moving and Storage Company\",\"url\":\"https:\/\/www.promoversmiami.com\/\",\"sameAs\":[],\"logo\":{\"@type\":\"ImageObject\",\"@id\":\"https:\/\/www.promoversmiami.com\/#logo\",\"inLanguage\":\"es\",\"url\":\"https:\/\/www.promoversmiami.com\/wp-content\/uploads\/2018\/11\/cropped-logo.png\",\"contentUrl\":\"https:\/\/www.promoversmiami.com\/wp-content\/uploads\/2018\/11\/cropped-logo.png\",\"width\":173,\"height\":61,\"caption\":\"Pro Movers Miami | FL Movers - Miami Moving and Storage Company\"},\"image\":{\"@id\":\"https:\/\/www.promoversmiami.com\/#logo\"}},{\"@type\":\"WebSite\",\"@id\":\"https:\/\/www.promoversmiami.com\/#website\",\"url\":\"https:\/\/www.promoversmiami.com\/\",\"name\":\"Pro Movers Miami\",\"description\":\"Mudanzas FL - Empresa de mudanzas y almacenamiento en Miami\",\"publisher\":{\"@id\":\"https:\/\/www.promoversmiami.com\/#organization\"},\"potentialAction\":[{\"@type\":\"SearchAction\",\"target\":{\"@type\":\"EntryPoint\",\"urlTemplate\":\"https:\/\/www.promoversmiami.com\/?s={search_term_string}\"},\"query-input\":\"required name=search_term_string\"}],\"inLanguage\":\"es\"},{\"@type\":\"WebPage\",\"@id\":\"https:\/\/www.promoversmiami.com\/es\/contact\/#webpage\",\"url\":\"https:\/\/www.promoversmiami.com\/es\/contact\/\",\"name\":\"Contacto | Pro Movers Miami\",\"isPartOf\":{\"@id\":\"https:\/\/www.promoversmiami.com\/#website\"},\"datePublished\":\"2019-04-15T14:03:31+00:00\",\"dateModified\":\"2024-10-22T13:36:36+00:00\",\"description\":\"Cont\\u00e1ctanos en Pro Movers Miami para recibir asistencia personalizada y una cotizaci\\u00f3n gratuita para tu pr\\u00f3xima mudanza.\",\"breadcrumb\":{\"@id\":\"https:\/\/www.promoversmiami.com\/es\/contact\/#breadcrumb\"},\"inLanguage\":\"es\",\"potentialAction\":[{\"@type\":\"ReadAction\",\"target\":[\"https:\/\/www.promoversmiami.com\/es\/contact\/\"]}]},{\"@type\":\"BreadcrumbList\",\"@id\":\"https:\/\/www.promoversmiami.com\/es\/contact\/#breadcrumb\",\"itemListElement\":[{\"@type\":\"ListItem\",\"position\":1,\"name\":\"Home\",\"item\":\"https:\/\/www.promoversmiami.com\/es\/\"},{\"@type\":\"ListItem\",\"position\":2,\"name\":\"Contacto\"}]}]}<\/script>\n<!-- \/ Yoast SEO plugin. -->","yoast_head_json":{"title":"Contacto | Pro Movers Miami","description":"Cont\u00e1ctanos en Pro Movers Miami para recibir asistencia personalizada y una cotizaci\u00f3n gratuita para tu pr\u00f3xima mudanza.","robots":{"index":"index","follow":"follow","max-snippet":"max-snippet:-1","max-image-preview":"max-image-preview:large","max-video-preview":"max-video-preview:-1"},"canonical":"https:\/\/www.promoversmiami.com\/es\/contact\/","og_locale":"es_ES","og_type":"article","og_title":"Contacto | Pro Movers Miami","og_description":"Cont\u00e1ctanos en Pro Movers Miami para recibir asistencia personalizada y una cotizaci\u00f3n gratuita para tu pr\u00f3xima mudanza.","og_url":"https:\/\/www.promoversmiami.com\/es\/contact\/","og_site_name":"Pro Movers Miami","article_modified_time":"2024-10-22T13:36:36+00:00","og_image":[{"width":1920,"height":928,"url":"https:\/\/www.promoversmiami.com\/wp-content\/uploads\/2018\/10\/promovers_hero_image.jpg","type":"image\/jpeg"}],"twitter_card":"summary_large_image","schema":{"@context":"https:\/\/schema.org","@graph":[{"@type":"Organization","@id":"https:\/\/www.promoversmiami.com\/#organization","name":"Pro Movers Miami | FL Movers - Miami Moving and Storage Company","url":"https:\/\/www.promoversmiami.com\/","sameAs":[],"logo":{"@type":"ImageObject","@id":"https:\/\/www.promoversmiami.com\/#logo","inLanguage":"es","url":"https:\/\/www.promoversmiami.com\/wp-content\/uploads\/2018\/11\/cropped-logo.png","contentUrl":"https:\/\/www.promoversmiami.com\/wp-content\/uploads\/2018\/11\/cropped-logo.png","width":173,"height":61,"caption":"Pro Movers Miami | FL Movers - Miami Moving and Storage Company"},"image":{"@id":"https:\/\/www.promoversmiami.com\/#logo"}},{"@type":"WebSite","@id":"https:\/\/www.promoversmiami.com\/#website","url":"https:\/\/www.promoversmiami.com\/","name":"Pro Movers Miami","description":"Mudanzas FL - Empresa de mudanzas y almacenamiento en Miami","publisher":{"@id":"https:\/\/www.promoversmiami.com\/#organization"},"potentialAction":[{"@type":"SearchAction","target":{"@type":"EntryPoint","urlTemplate":"https:\/\/www.promoversmiami.com\/?s={search_term_string}"},"query-input":"required name=search_term_string"}],"inLanguage":"es"},{"@type":"WebPage","@id":"https:\/\/www.promoversmiami.com\/es\/contact\/#webpage","url":"https:\/\/www.promoversmiami.com\/es\/contact\/","name":"Contacto | Pro Movers Miami","isPartOf":{"@id":"https:\/\/www.promoversmiami.com\/#website"},"datePublished":"2019-04-15T14:03:31+00:00","dateModified":"2024-10-22T13:36:36+00:00","description":"Cont\u00e1ctanos en Pro Movers Miami para recibir asistencia personalizada y una cotizaci\u00f3n gratuita para tu pr\u00f3xima mudanza.","breadcrumb":{"@id":"https:\/\/www.promoversmiami.com\/es\/contact\/#breadcrumb"},"inLanguage":"es","potentialAction":[{"@type":"ReadAction","target":["https:\/\/www.promoversmiami.com\/es\/contact\/"]}]},{"@type":"BreadcrumbList","@id":"https:\/\/www.promoversmiami.com\/es\/contact\/#breadcrumb","itemListElement":[{"@type":"ListItem","position":1,"name":"Home","item":"https:\/\/www.promoversmiami.com\/es\/"},{"@type":"ListItem","position":2,"name":"Contacto"}]}]}},"jetpack-related-posts":[{"id":129,"url":"https:\/\/www.promoversmiami.com\/contact\/","url_meta":{"origin":2428,"position":0},"title":"Contact","date":"octubre 22, 2018","format":false,"excerpt":"TELEPHONE. (305) 328-8577 Miami (Administrative Services Only) 475 Brickell Ave Miami, FL 33131 TELEPHONE. (305) 707-7007 EMAIL: sales@promoversmiami.com OFFICE HOURS: Monday \u2013 Friday 8:00AM to 7:00PM EST Our moving sales agents are standing by to assist you with scheduling\u00a0your Miami moving crew FL REG #IM2127 Miami-Dade, Broward, West Palm Beach,\u2026","rel":"","context":"Entrada similar","img":{"alt_text":"","src":"","width":0,"height":0},"classes":[]},{"id":191,"url":"https:\/\/www.promoversmiami.com\/locations\/south-miami\/","url_meta":{"origin":2428,"position":1},"title":"South Miami","date":"octubre 26, 2018","format":false,"excerpt":"Our Address: 4215 SW 75 Ave Miami, FL 33155 Tel. 305-356-7337 Fax 305-328-8577 This is our South Miami moving and storage location. We have an office and a small warehouse at this place. This is the most convenient base for our movers who serve southern areas of Dade and Homestead.\u2026","rel":"","context":"Entrada similar","img":{"alt_text":"","src":"","width":0,"height":0},"classes":[]},{"id":187,"url":"https:\/\/www.promoversmiami.com\/locations\/","url_meta":{"origin":2428,"position":2},"title":"Locations","date":"octubre 26, 2018","format":false,"excerpt":"MIAMI, FL 475 Brickell Ave Miami, FL 33131 Tel. (305) 707-7007 Driving Direction This is our local Miami moving administrative office. We do not have a warehouse, moving trucks or equipment at this location. We do however, perform moving estimates from this location, serving all of Miami downtown, Miami Beach\u2026","rel":"","context":"Entrada similar","img":{"alt_text":"","src":"","width":0,"height":0},"classes":[]},{"id":26257,"url":"https:\/\/www.promoversmiami.com\/local-moving\/miami-dade-county\/south-miami\/","url_meta":{"origin":2428,"position":3},"title":"South Miami Movers","date":"noviembre 16, 2021","format":false,"excerpt":"Whether it is near or far, moving is a life-changing venture. On balance, moving your household or relocating your business results in the enhanced quality of life or optimized success of your enterprise. But, before you plant roots in your new place, you have to pull off the moving process\u2026","rel":"","context":"Entrada similar","img":{"alt_text":"Miami - movers South Miami","src":"https:\/\/i0.wp.com\/www.promoversmiami.com\/wp-content\/uploads\/2021\/11\/tuan-nguyen-kHP6Lfd8e_0-unsplash-2-e1636673662420.jpg?resize=350%2C200&ssl=1","width":350,"height":200},"classes":[]},{"id":19317,"url":"https:\/\/www.promoversmiami.com\/local-moving\/miami-dade-county\/miami\/downtown-miami\/","url_meta":{"origin":2428,"position":4},"title":"Downtown Miami Movers","date":"octubre 8, 2021","format":false,"excerpt":"If you are planning on relocating your household or business to Downtown Miami, you may want to hire movers that know the area really well. And few know more about it than Pro Movers Miami.\u00a0We have relocated numerous families to this very place over the years and can provide you\u2026","rel":"","context":"Entrada similar","img":{"alt_text":"Downtown Miami at night, the home of movers Downtown Miami","src":"https:\/\/i1.wp.com\/www.promoversmiami.com\/wp-content\/uploads\/2021\/10\/pexels-elvis-vasquez-421655-e1633700497574.jpg?resize=350%2C200&ssl=1","width":350,"height":200},"classes":[]},{"id":2536,"url":"https:\/\/www.promoversmiami.com\/es\/local-moving\/miami-dade-county\/north-miami\/","url_meta":{"origin":2428,"position":5},"title":"North Miami","date":"abril 17, 2019","format":false,"excerpt":"\u00a1Mudarse a North Miami deber\u00eda ser una experiencia excitante para ti y tu familia! Si eliges esta ciudad como nuevo destino, \u00a1nuestros profesionales de mudanzas en North Miami, FL, pueden ayudarte! Pro Movers Miami es una agencia de mudanzas confiable que ofrece servicios tanto residenciales como comerciales. Si necesitas empacar\u2026","rel":"","context":"Entrada similar","img":{"alt_text":"","src":"https:\/\/i0.wp.com\/www.promoversmiami.com\/wp-content\/uploads\/2018\/11\/miami-504631_640.jpg?resize=350%2C200&ssl=1","width":350,"height":200},"classes":[]}],"jetpack_sharing_enabled":true,"jetpack_shortlink":"https:\/\/wp.me\/Par13R-Da","_links":{"self":[{"href":"https:\/\/www.promoversmiami.com\/es\/wp-json\/wp\/v2\/pages\/2428","targetHints":{"allow":["GET"]}}],"collection":[{"href":"https:\/\/www.promoversmiami.com\/es\/wp-json\/wp\/v2\/pages"}],"about":[{"href":"https:\/\/www.promoversmiami.com\/es\/wp-json\/wp\/v2\/types\/page"}],"author":[{"embeddable":true,"href":"https:\/\/www.promoversmiami.com\/es\/wp-json\/wp\/v2\/users\/6"}],"replies":[{"embeddable":true,"href":"https:\/\/www.promoversmiami.com\/es\/wp-json\/wp\/v2\/comments?post=2428"}],"version-history":[{"count":1,"href":"https:\/\/www.promoversmiami.com\/es\/wp-json\/wp\/v2\/pages\/2428\/revisions"}],"predecessor-version":[{"id":65092,"href":"https:\/\/www.promoversmiami.com\/es\/wp-json\/wp\/v2\/pages\/2428\/revisions\/65092"}],"wp:attachment":[{"href":"https:\/\/www.promoversmiami.com\/es\/wp-json\/wp\/v2\/media?parent=2428"}],"curies":[{"name":"wp","href":"https:\/\/api.w.org\/{rel}","templated":true}]}}