{"id":2422,"date":"2019-04-15T13:49:12","date_gmt":"2019-04-15T13:49:12","guid":{"rendered":"https:\/\/www.promoversmiami.com\/?page_id=2422"},"modified":"2024-10-22T13:29:44","modified_gmt":"2024-10-22T13:29:44","slug":"about-us","status":"publish","type":"page","link":"https:\/\/www.promoversmiami.com\/es\/about-us\/","title":{"rendered":"Sobre Nosotros"},"content":{"rendered":"<h2><b>SOBRE PRO MOVERS MIAMI \u2013 TU AGENCIA DE MUDANZAS LOCALES Y DE LARGA DISTANCIA EN FLORIDA<\/b><\/h2>\n<p><span style=\"font-weight: 400;\">El mejor servicio de mudanzas locales y de larga distancia en Florida. Localizados en el coraz\u00f3n de Miami Dade, Pro Movers Miami es una de las mejores opciones para personas que piensen mudarse a Miami, Sunny Isles, Fort Lauderdale o Hollywood. Nuestra calidad y la seguridad de tus objetos cuando viajan con nosotros son algunas de las razones por las que nos eligen las personas que planifican una mudanza.<\/span><\/p>\n<p><span style=\"font-weight: 400;\">No importa si necesitas mudar unas pocas cajas o tu casa entera, los servicios que nuestra agencia de mudanzas en Miami ofrece son de la mejor calidad y nadie puede negar el hecho de ser la compa\u00f1\u00eda con mejor valoraci\u00f3n por los usuarios. Esto se puede comprobar leyendo las diferentes rese\u00f1as que nuestros clientes dejan despu\u00e9s de usar nuestros servicios. Pro Movers Miami siempre trabaja con la premisa de transportar todos y cada uno de tus objetos de un sitio a otro en perfectas condiciones; nos tomamos muy en serio el valor de tus pertenencias.<\/span><\/p>\n<h3><b>No trabajamos con tarifas escondidas<\/b><\/h3>\n<p><span style=\"font-weight: 400;\">Te entregamos un presupuesto estimado gratuito, solo necesitas llamarnos y un representante de nuestra agencia de mudanzas en Miami visitar\u00e1 tu casa u oficina para analizar la carga que necesitar\u00edas mudar y realizar el presupuesto.<\/span><\/p>\n<h3><b>Contamos con cajas y materiales de embalaje apropiados<\/b><\/h3>\n<p><span style=\"font-weight: 400;\">Para muchas personas que desean mudarse, este siempre es un problema. Nuestra agencia de mudanzas en Miami ofrece soluciones de embalaje de alta calidad a nuestros clientes. Algunas personas deciden empacar sus cosas sin ayuda, pero nuestra empresa tambi\u00e9n ofrece un servicio completo de embalaje para quien lo necesite.<\/span><\/p>\n<h3><b>Estamos disponibles cuando nos necesites<\/b><\/h3>\n<p><span style=\"font-weight: 400;\">Nuestros expertos de mudanzas en Florida pueden estar disponibles en la puerta de tu casa hasta una hora despu\u00e9s de que nos llames. Esto depende de nuestra disponibilidad, pero no significa que habr\u00eda demora si estuviera disponible el servicio de emergencias.<\/span><\/p>\n<h3><b>Somos expertos en almacenamiento<\/b><\/h3>\n<p><span style=\"font-weight: 400;\">Una de las razones por las que Pro Movers Miami es reconocida como una de las mejores agencias de mudanzas en Miami en BBB, Yelp y Google+ es porque nuestro servicio de almacenamiento es de primera clase. Aunque siempre hay lugar para mejorar, nuestra soluci\u00f3n de almacenamiento se aproxima a la perfecci\u00f3n. Puedes confiar en que tus pertenencias estar\u00e1n perfectamente protegidas en nuestras instalaciones. <\/span><\/p>\n<p><span style=\"font-weight: 400;\">Por \u00faltimo, nuestro personal te ayudar\u00e1 con tu mudanza local, de larga distancia o mudanzas internacionales desde Miami. Tenemos un equipo de profesionales que siempre est\u00e1 dispuesto a ayudarte, sin importar la distancia. Lo m\u00e1s importante es garantizar la satisfacci\u00f3n de nuestros clientes. As\u00ed resumimos los servicios que ofrece Pro Movers Miami. \u00bfQu\u00e9 esperas entonces? Ll\u00e1manos y obt\u00e9n el mejor servicio de mudanzas en Florida a un precio que ni puedes imaginar.<\/span><\/p>\n<h2><b>M\u00e1s razones para elegir Pro Movers Miami<\/b><\/h2>\n<p><span style=\"font-weight: 400;\">No importa cu\u00e1les sean tus necesidades, un estudiante que se gradu\u00f3 y quiere reubicarse o una familia entera que necesita mudarse a Miami\u2026 En Pro Movers Miami contamos con todos los servicios que est\u00e1s buscando, asegur\u00e1ndote tener la mejor mudanza que hayas visto. <\/span><\/p>\n<h3><b>Pero, \u00bfPor qu\u00e9 escoger a Pro Movers Miami?<\/b><\/h3>\n<p><span style=\"font-weight: 400;\">Somos tu agencia de mudanzas baratas en Miami. As\u00ed quieras mudarte a Miami, Hallandale, Aventura o Fort Lauderdale, necesites una mudanza de larga distancia hasta California, o mudanzas internacionales desde Miami. Hemos estado trabajando desde 2005, por lo que conocemos todas las necesidades de nuestros clientes, especialmente los que tienen presupuesto limitado.<\/span><\/p>\n<p><span style=\"font-weight: 400;\">Entregamos el mejor valor costo-calidad. Te ofreceremos un gran precio, contamos con planes para escoger el que mejor se adapte a tus necesidades y presupuesto. Desde el b\u00e1sico hasta el que incluye todo, mudanza y embalaje. No tenemos costos escondidos, todas las tarifas estar\u00e1n en el contrato previo a la mudanza. Con nuestros a\u00f1os de experiencia, tenemos una reputaci\u00f3n de honrar el precio acordado para la relocalizaci\u00f3n. Con nosotros no tendr\u00e1s sorpresas desagradables.<\/span><\/p>\n<h3><b>Valoramos la satisfacci\u00f3n del cliente<\/b><\/h3>\n<p><span style=\"font-weight: 400;\">Queremos que todas nuestras mudanzas sean perfectas. Muchos de nuestros clientes se mantienen leales con nosotros, desde su mudanza universitaria hasta su mudanza familiar a la casa de sus sue\u00f1os.<\/span><\/p>\n<h3><b>Tu mudanza con nosotros ser\u00e1 f\u00e1cil<\/b><\/h3>\n<p><span style=\"font-weight: 400;\">Entregamos el mejor servicio a nuestros clientes para hacerles m\u00e1s sencilla la mudanza en Miami. Planificamos todos los detalles de la relocalizaci\u00f3n para que no tengan sorpresas cuando llegue el d\u00eda de mudarse. Pensamos en todo, como traer material de embalaje extra o proteger el piso durante todo el proceso.<\/span><\/p>\n<h3><b>Entrenamos a nuestros profesionales de mudanzas<\/b><\/h3>\n<p><span style=\"font-weight: 400;\">Para ser realmente profesionales, nuestro personal es entrenado extensivamente con foco en la protecci\u00f3n y seguridad de las pertenencias y espacios de las casas u oficinas de nuestros clientes. Entrenamiento y experiencia son claves para tener mudanzas perfectas.<\/span><\/p>\n<h3><b>Podemos manejar cualquier objeto<\/b><\/h3>\n<p><span style=\"font-weight: 400;\">Hasta los objetos m\u00e1s fr\u00e1giles como antig\u00fcedades, pinturas o un gran piano. Enviamos a nuestro mejor personal, expertos en manejar objetos invaluables. Tambi\u00e9n ofrecemos nuestras instalaciones de almacenamiento para guardar tus objetos de ser necesario. Estas est\u00e1n ubicadas al norte de Miami, cerca de la salida de Miami Gardens de la I95. <\/span><\/p>\n<p><span style=\"font-weight: 400;\">Si tienes m\u00e1s preguntas que no fueron respondidas aqu\u00ed, no dudes en llamarnos. Nuestro personal de atenci\u00f3n al cliente responder\u00e1 cualquier duda que tengas. Esto tambi\u00e9n forma parte de tu mudanza perfecta con Pro Movers Miami.<\/span><\/p>\n","protected":false},"excerpt":{"rendered":"<p>SOBRE PRO MOVERS MIAMI \u2013 TU AGENCIA DE MUDANZAS LOCALES Y DE LARGA DISTANCIA EN FLORIDA El mejor servicio de mudanzas locales y de larga distancia en Florida. Localizados en el coraz\u00f3n de Miami Dade, Pro Movers Miami es una<\/p>\n<div class=\"read-more md-btn\"><a class=\"moretag\" href=\"https:\/\/www.promoversmiami.com\/es\/about-us\/\"> Read More<\/a><\/div>\n","protected":false},"author":6,"featured_media":2423,"parent":0,"menu_order":0,"comment_status":"closed","ping_status":"closed","template":"services-single.php","meta":{"inline_featured_image":false,"ngg_post_thumbnail":0,"spay_email":"","footnotes":""},"class_list":["post-2422","page","type-page","status-publish","has-post-thumbnail","hentry"],"yoast_head":"<!-- This site is optimized with the Yoast SEO plugin v17.8 - https:\/\/yoast.com\/wordpress\/plugins\/seo\/ -->\n<title>Sobre Nosotros | Pro Mover Miami<\/title>\n<meta name=\"description\" content=\"Conozca m\u00e1s sobre Pro Movers Miami, su equipo profesional y sus servicios de mudanza confiables y dise\u00f1ados para facilitar su traslado.\" \/>\n<meta name=\"robots\" content=\"index, follow, max-snippet:-1, max-image-preview:large, max-video-preview:-1\" \/>\n<link rel=\"canonical\" href=\"https:\/\/www.promoversmiami.com\/es\/about-us\/\" \/>\n<meta property=\"og:locale\" content=\"es_ES\" \/>\n<meta property=\"og:type\" content=\"article\" \/>\n<meta property=\"og:title\" content=\"Sobre Nosotros | Pro Mover Miami\" \/>\n<meta property=\"og:description\" content=\"Conozca m\u00e1s sobre Pro Movers Miami, su equipo profesional y sus servicios de mudanza confiables y dise\u00f1ados para facilitar su traslado.\" \/>\n<meta property=\"og:url\" content=\"https:\/\/www.promoversmiami.com\/es\/about-us\/\" \/>\n<meta property=\"og:site_name\" content=\"Pro Movers Miami\" \/>\n<meta property=\"article:modified_time\" content=\"2024-10-22T13:29:44+00:00\" \/>\n<meta property=\"og:image\" content=\"https:\/\/www.promoversmiami.com\/wp-content\/uploads\/2018\/10\/about_title_image.jpg\" \/>\n\t<meta property=\"og:image:width\" content=\"1920\" \/>\n\t<meta property=\"og:image:height\" content=\"280\" \/>\n<meta name=\"twitter:card\" content=\"summary_large_image\" \/>\n<meta name=\"twitter:label1\" content=\"Tiempo de lectura\" \/>\n\t<meta name=\"twitter:data1\" content=\"5 minutos\" \/>\n<script type=\"application\/ld+json\" class=\"yoast-schema-graph\">{\"@context\":\"https:\/\/schema.org\",\"@graph\":[{\"@type\":\"Organization\",\"@id\":\"https:\/\/www.promoversmiami.com\/#organization\",\"name\":\"Pro Movers Miami | FL Movers - Miami Moving and Storage Company\",\"url\":\"https:\/\/www.promoversmiami.com\/\",\"sameAs\":[],\"logo\":{\"@type\":\"ImageObject\",\"@id\":\"https:\/\/www.promoversmiami.com\/#logo\",\"inLanguage\":\"es\",\"url\":\"https:\/\/www.promoversmiami.com\/wp-content\/uploads\/2018\/11\/cropped-logo.png\",\"contentUrl\":\"https:\/\/www.promoversmiami.com\/wp-content\/uploads\/2018\/11\/cropped-logo.png\",\"width\":173,\"height\":61,\"caption\":\"Pro Movers Miami | FL Movers - Miami Moving and Storage Company\"},\"image\":{\"@id\":\"https:\/\/www.promoversmiami.com\/#logo\"}},{\"@type\":\"WebSite\",\"@id\":\"https:\/\/www.promoversmiami.com\/#website\",\"url\":\"https:\/\/www.promoversmiami.com\/\",\"name\":\"Pro Movers Miami\",\"description\":\"Mudanzas FL - Empresa de mudanzas y almacenamiento en Miami\",\"publisher\":{\"@id\":\"https:\/\/www.promoversmiami.com\/#organization\"},\"potentialAction\":[{\"@type\":\"SearchAction\",\"target\":{\"@type\":\"EntryPoint\",\"urlTemplate\":\"https:\/\/www.promoversmiami.com\/?s={search_term_string}\"},\"query-input\":\"required name=search_term_string\"}],\"inLanguage\":\"es\"},{\"@type\":\"ImageObject\",\"@id\":\"https:\/\/www.promoversmiami.com\/es\/about-us\/#primaryimage\",\"inLanguage\":\"es\",\"url\":\"https:\/\/www.promoversmiami.com\/wp-content\/uploads\/2018\/10\/about_title_image.jpg\",\"contentUrl\":\"https:\/\/www.promoversmiami.com\/wp-content\/uploads\/2018\/10\/about_title_image.jpg\",\"width\":1920,\"height\":280},{\"@type\":\"WebPage\",\"@id\":\"https:\/\/www.promoversmiami.com\/es\/about-us\/#webpage\",\"url\":\"https:\/\/www.promoversmiami.com\/es\/about-us\/\",\"name\":\"Sobre Nosotros | Pro Mover Miami\",\"isPartOf\":{\"@id\":\"https:\/\/www.promoversmiami.com\/#website\"},\"primaryImageOfPage\":{\"@id\":\"https:\/\/www.promoversmiami.com\/es\/about-us\/#primaryimage\"},\"datePublished\":\"2019-04-15T13:49:12+00:00\",\"dateModified\":\"2024-10-22T13:29:44+00:00\",\"description\":\"Conozca m\\u00e1s sobre Pro Movers Miami, su equipo profesional y sus servicios de mudanza confiables y dise\\u00f1ados para facilitar su traslado.\",\"breadcrumb\":{\"@id\":\"https:\/\/www.promoversmiami.com\/es\/about-us\/#breadcrumb\"},\"inLanguage\":\"es\",\"potentialAction\":[{\"@type\":\"ReadAction\",\"target\":[\"https:\/\/www.promoversmiami.com\/es\/about-us\/\"]}]},{\"@type\":\"BreadcrumbList\",\"@id\":\"https:\/\/www.promoversmiami.com\/es\/about-us\/#breadcrumb\",\"itemListElement\":[{\"@type\":\"ListItem\",\"position\":1,\"name\":\"Home\",\"item\":\"https:\/\/www.promoversmiami.com\/es\/\"},{\"@type\":\"ListItem\",\"position\":2,\"name\":\"Sobre Nosotros\"}]}]}<\/script>\n<!-- \/ Yoast SEO plugin. -->","yoast_head_json":{"title":"Sobre Nosotros | Pro Mover Miami","description":"Conozca m\u00e1s sobre Pro Movers Miami, su equipo profesional y sus servicios de mudanza confiables y dise\u00f1ados para facilitar su traslado.","robots":{"index":"index","follow":"follow","max-snippet":"max-snippet:-1","max-image-preview":"max-image-preview:large","max-video-preview":"max-video-preview:-1"},"canonical":"https:\/\/www.promoversmiami.com\/es\/about-us\/","og_locale":"es_ES","og_type":"article","og_title":"Sobre Nosotros | Pro Mover Miami","og_description":"Conozca m\u00e1s sobre Pro Movers Miami, su equipo profesional y sus servicios de mudanza confiables y dise\u00f1ados para facilitar su traslado.","og_url":"https:\/\/www.promoversmiami.com\/es\/about-us\/","og_site_name":"Pro Movers Miami","article_modified_time":"2024-10-22T13:29:44+00:00","og_image":[{"width":1920,"height":280,"url":"https:\/\/www.promoversmiami.com\/wp-content\/uploads\/2018\/10\/about_title_image.jpg","type":"image\/jpeg"}],"twitter_card":"summary_large_image","twitter_misc":{"Tiempo de lectura":"5 minutos"},"schema":{"@context":"https:\/\/schema.org","@graph":[{"@type":"Organization","@id":"https:\/\/www.promoversmiami.com\/#organization","name":"Pro Movers Miami | FL Movers - Miami Moving and Storage Company","url":"https:\/\/www.promoversmiami.com\/","sameAs":[],"logo":{"@type":"ImageObject","@id":"https:\/\/www.promoversmiami.com\/#logo","inLanguage":"es","url":"https:\/\/www.promoversmiami.com\/wp-content\/uploads\/2018\/11\/cropped-logo.png","contentUrl":"https:\/\/www.promoversmiami.com\/wp-content\/uploads\/2018\/11\/cropped-logo.png","width":173,"height":61,"caption":"Pro Movers Miami | FL Movers - Miami Moving and Storage Company"},"image":{"@id":"https:\/\/www.promoversmiami.com\/#logo"}},{"@type":"WebSite","@id":"https:\/\/www.promoversmiami.com\/#website","url":"https:\/\/www.promoversmiami.com\/","name":"Pro Movers Miami","description":"Mudanzas FL - Empresa de mudanzas y almacenamiento en Miami","publisher":{"@id":"https:\/\/www.promoversmiami.com\/#organization"},"potentialAction":[{"@type":"SearchAction","target":{"@type":"EntryPoint","urlTemplate":"https:\/\/www.promoversmiami.com\/?s={search_term_string}"},"query-input":"required name=search_term_string"}],"inLanguage":"es"},{"@type":"ImageObject","@id":"https:\/\/www.promoversmiami.com\/es\/about-us\/#primaryimage","inLanguage":"es","url":"https:\/\/www.promoversmiami.com\/wp-content\/uploads\/2018\/10\/about_title_image.jpg","contentUrl":"https:\/\/www.promoversmiami.com\/wp-content\/uploads\/2018\/10\/about_title_image.jpg","width":1920,"height":280},{"@type":"WebPage","@id":"https:\/\/www.promoversmiami.com\/es\/about-us\/#webpage","url":"https:\/\/www.promoversmiami.com\/es\/about-us\/","name":"Sobre Nosotros | Pro Mover Miami","isPartOf":{"@id":"https:\/\/www.promoversmiami.com\/#website"},"primaryImageOfPage":{"@id":"https:\/\/www.promoversmiami.com\/es\/about-us\/#primaryimage"},"datePublished":"2019-04-15T13:49:12+00:00","dateModified":"2024-10-22T13:29:44+00:00","description":"Conozca m\u00e1s sobre Pro Movers Miami, su equipo profesional y sus servicios de mudanza confiables y dise\u00f1ados para facilitar su traslado.","breadcrumb":{"@id":"https:\/\/www.promoversmiami.com\/es\/about-us\/#breadcrumb"},"inLanguage":"es","potentialAction":[{"@type":"ReadAction","target":["https:\/\/www.promoversmiami.com\/es\/about-us\/"]}]},{"@type":"BreadcrumbList","@id":"https:\/\/www.promoversmiami.com\/es\/about-us\/#breadcrumb","itemListElement":[{"@type":"ListItem","position":1,"name":"Home","item":"https:\/\/www.promoversmiami.com\/es\/"},{"@type":"ListItem","position":2,"name":"Sobre Nosotros"}]}]}},"jetpack-related-posts":[{"id":2368,"url":"https:\/\/www.promoversmiami.com\/es\/long-distance-moving\/","url_meta":{"origin":2422,"position":0},"title":"Mudanzas de larga distancia","date":"marzo 21, 2019","format":false,"excerpt":"Hacer una mudanza de larga distancia, como mudanzas a Argentina desde Miami, puede ser un proceso complicado. Cuando contratas a un servicio de mudanzas confiable, el proceso pierde ese nivel de dificultad. Pro Movers Miami es una experimentada compa\u00f1\u00eda de mudanzas de Miami que ofrece servicios de mudanzas locales y\u2026","rel":"","context":"Entrada similar","img":{"alt_text":"","src":"https:\/\/i1.wp.com\/www.promoversmiami.com\/wp-content\/uploads\/2018\/10\/long_distance.jpg?resize=350%2C200&ssl=1","width":350,"height":200},"classes":[]},{"id":2374,"url":"https:\/\/www.promoversmiami.com\/es\/services\/","url_meta":{"origin":2422,"position":1},"title":"Servicios","date":"marzo 21, 2019","format":false,"excerpt":"Cuando alguien dice Miami, \u00bfen qu\u00e9 piensas? Estamos seguros de que muchos de visualizamos lo mismo: palmeras, playa, arena y sol. Pero si investigas un poco m\u00e1s, descubrir\u00e1s que Miami tiene mucho m\u00e1s que ofrecer. Todo lo que necesitas para una buena vida est\u00e1 aqu\u00ed. En primer lugar, es un\u2026","rel":"","context":"Entrada similar","img":{"alt_text":"","src":"https:\/\/i1.wp.com\/www.promoversmiami.com\/wp-content\/uploads\/2018\/10\/services_title-picture-1.jpg?resize=350%2C200&ssl=1","width":350,"height":200},"classes":[]},{"id":2536,"url":"https:\/\/www.promoversmiami.com\/es\/local-moving\/miami-dade-county\/north-miami\/","url_meta":{"origin":2422,"position":2},"title":"North Miami","date":"abril 17, 2019","format":false,"excerpt":"\u00a1Mudarse a North Miami deber\u00eda ser una experiencia excitante para ti y tu familia! Si eliges esta ciudad como nuevo destino, \u00a1nuestros profesionales de mudanzas en North Miami, FL, pueden ayudarte! Pro Movers Miami es una agencia de mudanzas confiable que ofrece servicios tanto residenciales como comerciales. Si necesitas empacar\u2026","rel":"","context":"Entrada similar","img":{"alt_text":"","src":"https:\/\/i0.wp.com\/www.promoversmiami.com\/wp-content\/uploads\/2018\/11\/miami-504631_640.jpg?resize=350%2C200&ssl=1","width":350,"height":200},"classes":[]},{"id":2542,"url":"https:\/\/www.promoversmiami.com\/es\/local-moving\/miami-dade-county\/sunny-isles-beach\/","url_meta":{"origin":2422,"position":3},"title":"Sunny Isles Beach","date":"abril 17, 2019","format":false,"excerpt":"Sunny Isles Beach es una hermosa ciudad localizada en Miami Dade County. Es soleada todo el a\u00f1o y tiene algunas de las playas m\u00e1s bellas en Florida. Su comunidad est\u00e1 creciendo, con muchos empresarios que invierten en la construcci\u00f3n de complejos tur\u00edsticos y condominios. Todo esto hace a Sunny Isles\u2026","rel":"","context":"Entrada similar","img":{"alt_text":"","src":"https:\/\/i2.wp.com\/www.promoversmiami.com\/wp-content\/uploads\/2018\/12\/pexels-photo-1124528-300x200.jpeg?resize=350%2C200&ssl=1","width":350,"height":200},"classes":[]},{"id":2531,"url":"https:\/\/www.promoversmiami.com\/es\/local-moving\/miami-dade-county\/miami-beach\/","url_meta":{"origin":2422,"position":4},"title":"Miami Beach","date":"abril 17, 2019","format":false,"excerpt":"Miami Beach es una hermosa ciudad costera con incre\u00edbles paisajes. Con el Oc\u00e9ano Atl\u00e1ntico al este y Biscayne Bay separ\u00e1ndola de Miami por el oeste, Miami Beach tiene una ubicaci\u00f3n perfecta. Ofrece la oportunidad de vivir en una isla, pero muy cerca de la gran ciudad. La ciudad tiene mucho\u2026","rel":"","context":"Entrada similar","img":{"alt_text":"","src":"https:\/\/i0.wp.com\/www.promoversmiami.com\/wp-content\/uploads\/2018\/11\/pexels-photo-421654-300x244.jpeg?resize=350%2C200&ssl=1","width":350,"height":200},"classes":[]}],"jetpack_sharing_enabled":true,"jetpack_shortlink":"https:\/\/wp.me\/Par13R-D4","_links":{"self":[{"href":"https:\/\/www.promoversmiami.com\/es\/wp-json\/wp\/v2\/pages\/2422","targetHints":{"allow":["GET"]}}],"collection":[{"href":"https:\/\/www.promoversmiami.com\/es\/wp-json\/wp\/v2\/pages"}],"about":[{"href":"https:\/\/www.promoversmiami.com\/es\/wp-json\/wp\/v2\/types\/page"}],"author":[{"embeddable":true,"href":"https:\/\/www.promoversmiami.com\/es\/wp-json\/wp\/v2\/users\/6"}],"replies":[{"embeddable":true,"href":"https:\/\/www.promoversmiami.com\/es\/wp-json\/wp\/v2\/comments?post=2422"}],"version-history":[{"count":1,"href":"https:\/\/www.promoversmiami.com\/es\/wp-json\/wp\/v2\/pages\/2422\/revisions"}],"predecessor-version":[{"id":65088,"href":"https:\/\/www.promoversmiami.com\/es\/wp-json\/wp\/v2\/pages\/2422\/revisions\/65088"}],"wp:featuredmedia":[{"embeddable":true,"href":"https:\/\/www.promoversmiami.com\/es\/wp-json\/wp\/v2\/media\/2423"}],"wp:attachment":[{"href":"https:\/\/www.promoversmiami.com\/es\/wp-json\/wp\/v2\/media?parent=2422"}],"curies":[{"name":"wp","href":"https:\/\/api.w.org\/{rel}","templated":true}]}}