{"id":2390,"date":"2019-03-25T10:58:49","date_gmt":"2019-03-25T10:58:49","guid":{"rendered":"https:\/\/www.promoversmiami.com\/?page_id=2390"},"modified":"2024-10-24T08:54:12","modified_gmt":"2024-10-24T08:54:12","slug":"packing","status":"publish","type":"page","link":"https:\/\/www.promoversmiami.com\/es\/packing\/","title":{"rendered":"Embalaje"},"content":{"rendered":"<p><strong>Mudarse no es f\u00e1cil<\/strong> y empacar solo dificulta a\u00fan m\u00e1s la tarea. Nosotros sabemos que podr\u00edas necesitar ayuda para embalar y empacar todas tus cosas, por esto nuestros equipos de expertos en mudanzas en Miami est\u00e1n disponibles para asistirte \u2013 <em>mudar tus pertenencias de forma segura, r\u00e1pida y eficiente<\/em>.<\/p>\n<h2><strong>Ayuda profesional para embalaje y mudanzas<\/strong><\/h2>\n<p>Cuando es hora de mudarse, hay muchas cosas molestas como empaquetar las pertenencias de todos los miembros de tu familia, cargar todo en camiones de mudanza y transportar todo a salvo al nuevo hogar. <strong>Siempre es una mejor decisi\u00f3n contratar los servicios de profesionales que te ahorrar\u00e1n tiempo y energ\u00eda en el proceso de mudanza<\/strong>. Contamos con un equipo de empacadores profesionales con muchos a\u00f1os de experiencia entregando un servicio eficiente. Nuestro servicio de embalaje se encarga de proteger todos tus objetos de da\u00f1os f\u00edsicos. Nos aseguramos de que factores externos como agua o polvo no afecten tus pertenencias.<\/p>\n<h2><strong>Te podemos ayudar a empacar todas tus cosas de la manera m\u00e1s segura posible<\/strong><\/h2>\n<p>S\u00ed, podemos. Es por esto que no debes esperar m\u00e1s y \u00a1llamarnos hoy mismo! Nuestro equipo de mudanzas en Miami tiene m\u00e1s que suficiente experiencia para atender cualquier proyecto de relocalizaci\u00f3n. Cuando se trata de empacar, <em>es nuestra especialidad<\/em>. Pro Movers Miami te ayudar\u00e1 en todos los pasos de tu mudanza. <strong>Desde la planificaci\u00f3n, escoger los materiales correctos para embalar, clasificar tus pertenencias y empacar de forma que asegure su integridad durante la fase de transporte.<\/strong> Exactamente lo que necesitas. No importa si te est\u00e1s mudando sin previo aviso, una larga distancia, mudanzas internacionales desde Miami o solo preparando tus objetos para ser almacenados. Un cuidado total siempre es pr\u00e1ctico, as\u00ed que no esperes m\u00e1s y ll\u00e1manos hoy.<\/p>\n<figure id=\"attachment_458\" aria-describedby=\"caption-attachment-458\" style=\"width: 198px\" class=\"wp-caption aligncenter\"><img loading=\"lazy\" decoding=\"async\" class=\"wp-image-458 size-medium\" src=\"https:\/\/www.promoversmiami.com\/wp-content\/uploads\/2018\/10\/box-157111_640-198x300.png\" alt=\"Packing box.\" width=\"198\" height=\"300\" srcset=\"https:\/\/www.promoversmiami.com\/wp-content\/uploads\/2018\/10\/box-157111_640-198x300.png 198w, https:\/\/www.promoversmiami.com\/wp-content\/uploads\/2018\/10\/box-157111_640.png 423w\" sizes=\"auto, (max-width: 198px) 100vw, 198px\" \/><figcaption id=\"caption-attachment-458\" class=\"wp-caption-text\">Empacar es nuestra especialidad<\/figcaption><\/figure>\n<h2><strong>Puedes confiar en nuestro equipo<\/strong><\/h2>\n<p><strong>Tener a las personas indicadas en tu equipo siempre es importante<\/strong>. Es por esto que escoger a nuestros profesionales para este proyecto es la mejor decisi\u00f3n que puedes tomar. Realmente la es. <strong>Nos aseguraremos de que todo est\u00e9 empacado y preparado de forma debida para el transporte, a un precio costeable<\/strong>. Todo lo que debes hacer es escoger los servicios que mejor se adaptar a tu necesidad de mudanza y nosotros nos encargaremos del resto. <em>No tendr\u00e1s que preocuparte por nada, no con nuestros embaladores profesionales a tu lado.<\/em><\/p>\n<figure id=\"attachment_761\" aria-describedby=\"caption-attachment-761\" style=\"width: 300px\" class=\"wp-caption aligncenter\"><img loading=\"lazy\" decoding=\"async\" class=\"wp-image-761 size-medium\" src=\"https:\/\/www.promoversmiami.com\/wp-content\/uploads\/2018\/11\/pallet-1665471_640-300x169.jpg\" alt=\"Boxes.\" width=\"300\" height=\"169\" srcset=\"https:\/\/www.promoversmiami.com\/wp-content\/uploads\/2018\/11\/pallet-1665471_640-300x169.jpg 300w, https:\/\/www.promoversmiami.com\/wp-content\/uploads\/2018\/11\/pallet-1665471_640.jpg 640w\" sizes=\"auto, (max-width: 300px) 100vw, 300px\" \/><figcaption id=\"caption-attachment-761\" class=\"wp-caption-text\">Nuestro equipo est\u00e1 aqu\u00ed para ti. Todos los pasos del camino.<\/figcaption><\/figure>\n<p><strong>Somos una empresa de mudanzas profesional, confiable, r\u00e1pida que puede satisfacer todas tus necesidades de embalaje en solo horas.<\/strong> Nuestros equipos de empacadores en Miami se asegurar\u00e1n de que todo sea empaquetado y preparado para transporte de forma experta. Realizamos servicios de embalaje y mudanzas de forma profesional en los plazos acordados.<\/p>\n<h3><strong>Razones para elegir nuestros servicios<\/strong><\/h3>\n<ul>\n<li><em>Somos profesionales con a\u00f1os de experiencia en la industria de mudanzas y embalaje<\/em><\/li>\n<li><em>La seguridad de tus pertenencias nos importa<\/em><\/li>\n<li><em>Nos aseguraremos de que tu mudanza no tenga problemas<\/em><\/li>\n<li><em>Desde el embalaje hasta la descarga del cami\u00f3n en el destino \u2013 te ayudamos en todos los pasos del camino<\/em><\/li>\n<li><em>Nuestros expertos de mudanzas y embalaje te ahorrar\u00e1n tiempo y dinero<\/em><\/li>\n<\/ul>\n<h2><strong>\u00bfC\u00f3mo empacar para tu mudanza a Miami?<\/strong><\/h2>\n<p>Por lo general, el propietario de una casa no tiene tiempo para las tareas asociadas a una mudanza en Miami, o mudanzas internacionales desde Miami. La raz\u00f3n es que empacar todos tus objetos toma tiempo y esfuerzo. <strong>El trabajo puede tomar d\u00edas para ser completado, dependiendo del tama\u00f1o y complejidad de la mudanza<\/strong>. Si est\u00e1s solo o no cuentas con ayuda suficiente y deseas empaquetar todo en un d\u00eda, contratar un servicio profesional de embalaje es la decisi\u00f3n correcta para ti. Eso s\u00ed, no con cualquier empresa. Aseg\u00farate de conseguir el mejor valor por tu dinero adem\u00e1s de ser confiable, una como Pro Movers Miami.<\/p>\n<figure id=\"attachment_762\" aria-describedby=\"caption-attachment-762\" style=\"width: 300px\" class=\"wp-caption aligncenter\"><img loading=\"lazy\" decoding=\"async\" class=\"wp-image-762 size-medium\" src=\"https:\/\/www.promoversmiami.com\/wp-content\/uploads\/2018\/11\/parcel-2484036_640-300x300.png\" alt=\"Boxes.\" width=\"300\" height=\"300\" srcset=\"https:\/\/www.promoversmiami.com\/wp-content\/uploads\/2018\/11\/parcel-2484036_640-300x300.png 300w, https:\/\/www.promoversmiami.com\/wp-content\/uploads\/2018\/11\/parcel-2484036_640-150x150.png 150w, https:\/\/www.promoversmiami.com\/wp-content\/uploads\/2018\/11\/parcel-2484036_640.png 640w\" sizes=\"auto, (max-width: 300px) 100vw, 300px\" \/><figcaption id=\"caption-attachment-762\" class=\"wp-caption-text\">Tu seguridad y satisfacci\u00f3n son las dos cosas m\u00e1s importantes para nosotros<\/figcaption><\/figure>\n<h2><strong>Nuestros empacadores est\u00e1n aqu\u00ed para ti<\/strong><\/h2>\n<p><strong>\u00bfMencionamos ya que ofrecemos protecci\u00f3n adicional?<\/strong> Pro Movers Miami no pone las cosas aleatoriamente en cajas. Nos aseguramos de dejar espacios vac\u00edos entre los objetos para que quepan los envoltorios de burbujas o espuma, o el papel de embalaje. Estos se encargar\u00e1n de dar protecci\u00f3n adicional a tus valiosos objetos.<\/p>\n","protected":false},"excerpt":{"rendered":"<p>Mudarse no es f\u00e1cil y empacar solo dificulta a\u00fan m\u00e1s la tarea. Nosotros sabemos que podr\u00edas necesitar ayuda para embalar y empacar todas tus cosas, por esto nuestros equipos de expertos en mudanzas en Miami est\u00e1n disponibles para asistirte \u2013<\/p>\n<div class=\"read-more md-btn\"><a class=\"moretag\" href=\"https:\/\/www.promoversmiami.com\/es\/packing\/\"> Read More<\/a><\/div>\n","protected":false},"author":6,"featured_media":2391,"parent":0,"menu_order":0,"comment_status":"closed","ping_status":"closed","template":"","meta":{"inline_featured_image":false,"ngg_post_thumbnail":0,"spay_email":"","footnotes":""},"class_list":["post-2390","page","type-page","status-publish","has-post-thumbnail","hentry"],"yoast_head":"<!-- This site is optimized with the Yoast SEO plugin v17.8 - https:\/\/yoast.com\/wordpress\/plugins\/seo\/ -->\n<title>Embalaje | Pro Movers Miami<\/title>\n<meta name=\"description\" content=\"Obt\u00e9n servicios de embalaje profesional para proteger tus pertenencias durante la mudanza. Pro Movers Miami garantiza un traslado seguro.\" \/>\n<meta name=\"robots\" content=\"index, follow, max-snippet:-1, max-image-preview:large, max-video-preview:-1\" \/>\n<link rel=\"canonical\" href=\"https:\/\/www.promoversmiami.com\/es\/packing\/\" \/>\n<meta property=\"og:locale\" content=\"es_ES\" \/>\n<meta property=\"og:type\" content=\"article\" \/>\n<meta property=\"og:title\" content=\"Embalaje | Pro Movers Miami\" \/>\n<meta property=\"og:description\" content=\"Obt\u00e9n servicios de embalaje profesional para proteger tus pertenencias durante la mudanza. Pro Movers Miami garantiza un traslado seguro.\" \/>\n<meta property=\"og:url\" content=\"https:\/\/www.promoversmiami.com\/es\/packing\/\" \/>\n<meta property=\"og:site_name\" content=\"Pro Movers Miami\" \/>\n<meta property=\"article:modified_time\" content=\"2024-10-24T08:54:12+00:00\" \/>\n<meta property=\"og:image\" content=\"https:\/\/www.promoversmiami.com\/wp-content\/uploads\/2018\/10\/archive-1850170_640.jpg\" \/>\n\t<meta property=\"og:image:width\" content=\"640\" \/>\n\t<meta property=\"og:image:height\" content=\"426\" \/>\n<meta name=\"twitter:card\" content=\"summary_large_image\" \/>\n<meta name=\"twitter:label1\" content=\"Tiempo de lectura\" \/>\n\t<meta name=\"twitter:data1\" content=\"4 minutos\" \/>\n<script type=\"application\/ld+json\" class=\"yoast-schema-graph\">{\"@context\":\"https:\/\/schema.org\",\"@graph\":[{\"@type\":\"Organization\",\"@id\":\"https:\/\/www.promoversmiami.com\/#organization\",\"name\":\"Pro Movers Miami | FL Movers - Miami Moving and Storage Company\",\"url\":\"https:\/\/www.promoversmiami.com\/\",\"sameAs\":[],\"logo\":{\"@type\":\"ImageObject\",\"@id\":\"https:\/\/www.promoversmiami.com\/#logo\",\"inLanguage\":\"es\",\"url\":\"https:\/\/www.promoversmiami.com\/wp-content\/uploads\/2018\/11\/cropped-logo.png\",\"contentUrl\":\"https:\/\/www.promoversmiami.com\/wp-content\/uploads\/2018\/11\/cropped-logo.png\",\"width\":173,\"height\":61,\"caption\":\"Pro Movers Miami | FL Movers - Miami Moving and Storage Company\"},\"image\":{\"@id\":\"https:\/\/www.promoversmiami.com\/#logo\"}},{\"@type\":\"WebSite\",\"@id\":\"https:\/\/www.promoversmiami.com\/#website\",\"url\":\"https:\/\/www.promoversmiami.com\/\",\"name\":\"Pro Movers Miami\",\"description\":\"Mudanzas FL - Empresa de mudanzas y almacenamiento en Miami\",\"publisher\":{\"@id\":\"https:\/\/www.promoversmiami.com\/#organization\"},\"potentialAction\":[{\"@type\":\"SearchAction\",\"target\":{\"@type\":\"EntryPoint\",\"urlTemplate\":\"https:\/\/www.promoversmiami.com\/?s={search_term_string}\"},\"query-input\":\"required name=search_term_string\"}],\"inLanguage\":\"es\"},{\"@type\":\"ImageObject\",\"@id\":\"https:\/\/www.promoversmiami.com\/es\/packing\/#primaryimage\",\"inLanguage\":\"es\",\"url\":\"https:\/\/www.promoversmiami.com\/wp-content\/uploads\/2018\/10\/archive-1850170_640.jpg\",\"contentUrl\":\"https:\/\/www.promoversmiami.com\/wp-content\/uploads\/2018\/10\/archive-1850170_640.jpg\",\"width\":640,\"height\":426},{\"@type\":\"WebPage\",\"@id\":\"https:\/\/www.promoversmiami.com\/es\/packing\/#webpage\",\"url\":\"https:\/\/www.promoversmiami.com\/es\/packing\/\",\"name\":\"Embalaje | Pro Movers Miami\",\"isPartOf\":{\"@id\":\"https:\/\/www.promoversmiami.com\/#website\"},\"primaryImageOfPage\":{\"@id\":\"https:\/\/www.promoversmiami.com\/es\/packing\/#primaryimage\"},\"datePublished\":\"2019-03-25T10:58:49+00:00\",\"dateModified\":\"2024-10-24T08:54:12+00:00\",\"description\":\"Obt\\u00e9n servicios de embalaje profesional para proteger tus pertenencias durante la mudanza. Pro Movers Miami garantiza un traslado seguro.\",\"breadcrumb\":{\"@id\":\"https:\/\/www.promoversmiami.com\/es\/packing\/#breadcrumb\"},\"inLanguage\":\"es\",\"potentialAction\":[{\"@type\":\"ReadAction\",\"target\":[\"https:\/\/www.promoversmiami.com\/es\/packing\/\"]}]},{\"@type\":\"BreadcrumbList\",\"@id\":\"https:\/\/www.promoversmiami.com\/es\/packing\/#breadcrumb\",\"itemListElement\":[{\"@type\":\"ListItem\",\"position\":1,\"name\":\"Home\",\"item\":\"https:\/\/www.promoversmiami.com\/es\/\"},{\"@type\":\"ListItem\",\"position\":2,\"name\":\"Embalaje\"}]}]}<\/script>\n<!-- \/ Yoast SEO plugin. -->","yoast_head_json":{"title":"Embalaje | Pro Movers Miami","description":"Obt\u00e9n servicios de embalaje profesional para proteger tus pertenencias durante la mudanza. Pro Movers Miami garantiza un traslado seguro.","robots":{"index":"index","follow":"follow","max-snippet":"max-snippet:-1","max-image-preview":"max-image-preview:large","max-video-preview":"max-video-preview:-1"},"canonical":"https:\/\/www.promoversmiami.com\/es\/packing\/","og_locale":"es_ES","og_type":"article","og_title":"Embalaje | Pro Movers Miami","og_description":"Obt\u00e9n servicios de embalaje profesional para proteger tus pertenencias durante la mudanza. Pro Movers Miami garantiza un traslado seguro.","og_url":"https:\/\/www.promoversmiami.com\/es\/packing\/","og_site_name":"Pro Movers Miami","article_modified_time":"2024-10-24T08:54:12+00:00","og_image":[{"width":640,"height":426,"url":"https:\/\/www.promoversmiami.com\/wp-content\/uploads\/2018\/10\/archive-1850170_640.jpg","type":"image\/jpeg"}],"twitter_card":"summary_large_image","twitter_misc":{"Tiempo de lectura":"4 minutos"},"schema":{"@context":"https:\/\/schema.org","@graph":[{"@type":"Organization","@id":"https:\/\/www.promoversmiami.com\/#organization","name":"Pro Movers Miami | FL Movers - Miami Moving and Storage Company","url":"https:\/\/www.promoversmiami.com\/","sameAs":[],"logo":{"@type":"ImageObject","@id":"https:\/\/www.promoversmiami.com\/#logo","inLanguage":"es","url":"https:\/\/www.promoversmiami.com\/wp-content\/uploads\/2018\/11\/cropped-logo.png","contentUrl":"https:\/\/www.promoversmiami.com\/wp-content\/uploads\/2018\/11\/cropped-logo.png","width":173,"height":61,"caption":"Pro Movers Miami | FL Movers - Miami Moving and Storage Company"},"image":{"@id":"https:\/\/www.promoversmiami.com\/#logo"}},{"@type":"WebSite","@id":"https:\/\/www.promoversmiami.com\/#website","url":"https:\/\/www.promoversmiami.com\/","name":"Pro Movers Miami","description":"Mudanzas FL - Empresa de mudanzas y almacenamiento en Miami","publisher":{"@id":"https:\/\/www.promoversmiami.com\/#organization"},"potentialAction":[{"@type":"SearchAction","target":{"@type":"EntryPoint","urlTemplate":"https:\/\/www.promoversmiami.com\/?s={search_term_string}"},"query-input":"required name=search_term_string"}],"inLanguage":"es"},{"@type":"ImageObject","@id":"https:\/\/www.promoversmiami.com\/es\/packing\/#primaryimage","inLanguage":"es","url":"https:\/\/www.promoversmiami.com\/wp-content\/uploads\/2018\/10\/archive-1850170_640.jpg","contentUrl":"https:\/\/www.promoversmiami.com\/wp-content\/uploads\/2018\/10\/archive-1850170_640.jpg","width":640,"height":426},{"@type":"WebPage","@id":"https:\/\/www.promoversmiami.com\/es\/packing\/#webpage","url":"https:\/\/www.promoversmiami.com\/es\/packing\/","name":"Embalaje | Pro Movers Miami","isPartOf":{"@id":"https:\/\/www.promoversmiami.com\/#website"},"primaryImageOfPage":{"@id":"https:\/\/www.promoversmiami.com\/es\/packing\/#primaryimage"},"datePublished":"2019-03-25T10:58:49+00:00","dateModified":"2024-10-24T08:54:12+00:00","description":"Obt\u00e9n servicios de embalaje profesional para proteger tus pertenencias durante la mudanza. Pro Movers Miami garantiza un traslado seguro.","breadcrumb":{"@id":"https:\/\/www.promoversmiami.com\/es\/packing\/#breadcrumb"},"inLanguage":"es","potentialAction":[{"@type":"ReadAction","target":["https:\/\/www.promoversmiami.com\/es\/packing\/"]}]},{"@type":"BreadcrumbList","@id":"https:\/\/www.promoversmiami.com\/es\/packing\/#breadcrumb","itemListElement":[{"@type":"ListItem","position":1,"name":"Home","item":"https:\/\/www.promoversmiami.com\/es\/"},{"@type":"ListItem","position":2,"name":"Embalaje"}]}]}},"jetpack-related-posts":[{"id":2359,"url":"https:\/\/www.promoversmiami.com\/es\/local-moving\/","url_meta":{"origin":2390,"position":0},"title":"Mudanzas locales","date":"marzo 21, 2019","format":false,"excerpt":"Mudarse de un lugar a otro en el estado o en la misma ciudad es algo dif\u00edcil de hacer sin ayuda. Tienes que preparar y organizar todo. Luego, debes pasar horas embalando y empacando todo. Moverlo todo es una historia totalmente diferente. Por eso es una decisi\u00f3n inteligente delegar estas\u2026","rel":"","context":"Entrada similar","img":{"alt_text":"","src":"https:\/\/i1.wp.com\/www.promoversmiami.com\/wp-content\/uploads\/2018\/10\/local_moving_title_image-1.jpg?resize=350%2C200&ssl=1","width":350,"height":200},"classes":[]},{"id":2494,"url":"https:\/\/www.promoversmiami.com\/es\/buy-boxes\/","url_meta":{"origin":2390,"position":1},"title":"Comprar cajas","date":"abril 17, 2019","format":false,"excerpt":"\u00bfNecesitas profesionales de embalaje y mudanzas locales o de larga distancia en Miami? Aseg\u00farate de comprar materiales de embalaje para proteger tur pertenencias durante la mudanza. Aqu\u00ed est\u00e1 una lista de los precios que te ofrecemos. Sabemos que puede representar un costo grande para ti. Si quieres ahorrar una cantidad\u2026","rel":"","context":"Entrada similar","img":{"alt_text":"","src":"https:\/\/i0.wp.com\/www.promoversmiami.com\/wp-content\/uploads\/2018\/11\/schotch-tape-200x300.jpg?resize=350%2C200&ssl=1","width":350,"height":200},"classes":[]},{"id":2536,"url":"https:\/\/www.promoversmiami.com\/es\/local-moving\/miami-dade-county\/north-miami\/","url_meta":{"origin":2390,"position":2},"title":"North Miami","date":"abril 17, 2019","format":false,"excerpt":"\u00a1Mudarse a North Miami deber\u00eda ser una experiencia excitante para ti y tu familia! Si eliges esta ciudad como nuevo destino, \u00a1nuestros profesionales de mudanzas en North Miami, FL, pueden ayudarte! Pro Movers Miami es una agencia de mudanzas confiable que ofrece servicios tanto residenciales como comerciales. Si necesitas empacar\u2026","rel":"","context":"Entrada similar","img":{"alt_text":"","src":"https:\/\/i0.wp.com\/www.promoversmiami.com\/wp-content\/uploads\/2018\/11\/miami-504631_640.jpg?resize=350%2C200&ssl=1","width":350,"height":200},"classes":[]},{"id":2396,"url":"https:\/\/www.promoversmiami.com\/es\/residential-moving\/","url_meta":{"origin":2390,"position":3},"title":"Mudanzas residenciales","date":"marzo 25, 2019","format":false,"excerpt":"Miami es un lugar realmente bonito para vivir. Clima soleado, bellas playas y una cultura diversa son apenas unos de los puntos a favor de la ciudad de Miami. Todo eso, combinado a fant\u00e1sticas oportunidades de empleo, convierte a Miami en un destino atractivo. Mudarse a Miami, o desde un\u2026","rel":"","context":"Entrada similar","img":{"alt_text":"","src":"https:\/\/i1.wp.com\/www.promoversmiami.com\/wp-content\/uploads\/2018\/10\/pexels-photo-421655-300x201.jpeg?resize=350%2C200&ssl=1","width":350,"height":200},"classes":[]},{"id":2422,"url":"https:\/\/www.promoversmiami.com\/es\/about-us\/","url_meta":{"origin":2390,"position":4},"title":"Sobre Nosotros","date":"abril 15, 2019","format":false,"excerpt":"SOBRE PRO MOVERS MIAMI \u2013 TU AGENCIA DE MUDANZAS LOCALES Y DE LARGA DISTANCIA EN FLORIDA El mejor servicio de mudanzas locales y de larga distancia en Florida. Localizados en el coraz\u00f3n de Miami Dade, Pro Movers Miami es una de las mejores opciones para personas que piensen mudarse a\u2026","rel":"","context":"Entrada similar","img":{"alt_text":"","src":"https:\/\/i0.wp.com\/www.promoversmiami.com\/wp-content\/uploads\/2018\/10\/about_title_image.jpg?resize=350%2C200&ssl=1","width":350,"height":200},"classes":[]}],"jetpack_sharing_enabled":true,"jetpack_shortlink":"https:\/\/wp.me\/Par13R-Cy","_links":{"self":[{"href":"https:\/\/www.promoversmiami.com\/es\/wp-json\/wp\/v2\/pages\/2390","targetHints":{"allow":["GET"]}}],"collection":[{"href":"https:\/\/www.promoversmiami.com\/es\/wp-json\/wp\/v2\/pages"}],"about":[{"href":"https:\/\/www.promoversmiami.com\/es\/wp-json\/wp\/v2\/types\/page"}],"author":[{"embeddable":true,"href":"https:\/\/www.promoversmiami.com\/es\/wp-json\/wp\/v2\/users\/6"}],"replies":[{"embeddable":true,"href":"https:\/\/www.promoversmiami.com\/es\/wp-json\/wp\/v2\/comments?post=2390"}],"version-history":[{"count":1,"href":"https:\/\/www.promoversmiami.com\/es\/wp-json\/wp\/v2\/pages\/2390\/revisions"}],"predecessor-version":[{"id":65157,"href":"https:\/\/www.promoversmiami.com\/es\/wp-json\/wp\/v2\/pages\/2390\/revisions\/65157"}],"wp:featuredmedia":[{"embeddable":true,"href":"https:\/\/www.promoversmiami.com\/es\/wp-json\/wp\/v2\/media\/2391"}],"wp:attachment":[{"href":"https:\/\/www.promoversmiami.com\/es\/wp-json\/wp\/v2\/media?parent=2390"}],"curies":[{"name":"wp","href":"https:\/\/api.w.org\/{rel}","templated":true}]}}