{"id":2385,"date":"2019-03-25T10:04:47","date_gmt":"2019-03-25T10:04:47","guid":{"rendered":"https:\/\/www.promoversmiami.com\/?page_id=2385"},"modified":"2024-10-24T08:51:26","modified_gmt":"2024-10-24T08:51:26","slug":"moving-insurance","status":"publish","type":"page","link":"https:\/\/www.promoversmiami.com\/es\/moving-insurance\/","title":{"rendered":"Seguros de mudanzas"},"content":{"rendered":"<p><strong>Mudarse puede ser costoso.<\/strong> Comenzando por la compra de materiales de embalaje hasta contratar profesionales de mudanzas en Miami. Hay muchas cosas que deben ser pagadas en este proceso y, normalmente, tu situaci\u00f3n financiera es fr\u00e1gil durante una mudanza. Nosotros hacemos lo mejor posible para que tu mudanza sea f\u00e1cil y libre de estr\u00e9s. Incluso contando con expertos experimentados, los accidentes pueden suceder, cosas se pueden perder o sufrir da\u00f1os, en el peor momento para tener gastos extras. <strong>Es por esto que es de tu inter\u00e9s tener alg\u00fan tipo de seguro de mudanza.<\/strong> Los seguros var\u00edan su cobertura desde limitada hasta cobertura con reembolso completo del valor. Queda de tu parte escoger la mejor opci\u00f3n para tu mudanza en Miami, dentro del pa\u00eds o mudanzas internacionales desde Miami.<\/p>\n<figure id=\"attachment_2386\" aria-describedby=\"caption-attachment-2386\" style=\"width: 300px\" class=\"wp-caption aligncenter\"><img loading=\"lazy\" decoding=\"async\" data-attachment-id=\"2386\" data-permalink=\"https:\/\/www.promoversmiami.com\/es\/moving-insurance\/bandage-1235337_640-2\/\" data-orig-file=\"https:\/\/www.promoversmiami.com\/wp-content\/uploads\/2018\/10\/bandage-1235337_640.jpg\" data-orig-size=\"640,423\" data-comments-opened=\"1\" data-image-meta=\"{&quot;aperture&quot;:&quot;8&quot;,&quot;credit&quot;:&quot;&quot;,&quot;camera&quot;:&quot;NIKON D5100&quot;,&quot;caption&quot;:&quot;&quot;,&quot;created_timestamp&quot;:&quot;0&quot;,&quot;copyright&quot;:&quot;&quot;,&quot;focal_length&quot;:&quot;55&quot;,&quot;iso&quot;:&quot;100&quot;,&quot;shutter_speed&quot;:&quot;0.125&quot;,&quot;title&quot;:&quot;&quot;,&quot;orientation&quot;:&quot;0&quot;}\" data-image-title=\"bandage-1235337_640\" data-image-description=\"\" data-image-caption=\"&lt;p&gt;Moving insurance sure can come in handy!&lt;\/p&gt;\n\" data-medium-file=\"https:\/\/www.promoversmiami.com\/wp-content\/uploads\/2018\/10\/bandage-1235337_640-300x198.jpg\" data-large-file=\"https:\/\/www.promoversmiami.com\/wp-content\/uploads\/2018\/10\/bandage-1235337_640.jpg\" class=\"wp-image-2386 size-medium\" src=\"https:\/\/www.promoversmiami.com\/wp-content\/uploads\/2018\/10\/bandage-1235337_640-300x198.jpg\" alt=\"\" width=\"300\" height=\"198\" srcset=\"https:\/\/www.promoversmiami.com\/wp-content\/uploads\/2018\/10\/bandage-1235337_640-300x198.jpg 300w, https:\/\/www.promoversmiami.com\/wp-content\/uploads\/2018\/10\/bandage-1235337_640.jpg 640w\" sizes=\"auto, (max-width: 300px) 100vw, 300px\" \/><figcaption id=\"caption-attachment-2386\" class=\"wp-caption-text\">Los seguros de mudanza pueden ser muy \u00fatiles<\/figcaption><\/figure>\n<h2><strong>Nuestro equipo est\u00e1 aqu\u00ed para ti<\/strong><\/h2>\n<p>Elegir nuestra asistencia para tu mudanza solo significa una cosa \u2013 <em>cuentas con nosotros en todo momento<\/em>. <strong>Contamos con un equipo de expertos altamente calificados que har\u00e1n todo lo posible para evitar que tus pertenencias sufran da\u00f1os durante el proceso de mudanzas en Miami<\/strong>. Nuestro objetivo es simple: hacer que tu reubicaci\u00f3n sea una experiencia libre de molestias. Con nuestra experticia y experiencia nos aseguraremos de que tengas una reubicaci\u00f3n libre de estr\u00e9s, pero los accidentes siempre pueden suceder. Por eso necesitas siempre una opci\u00f3n de seguro de mudanzas, contamos con diferentes opciones que se ajustan a cualquier presupuesto.<\/p>\n<h2><strong>Opciones de seguro de mudanza<\/strong><\/h2>\n<p>Los seguros de mudanza vienen en todos los tama\u00f1os y formas. Desde las <em>opciones baratas hasta las que cubren hasta el \u00faltimo centavo del valor de tus pertenencias<\/em>. Antes de que elijas la opci\u00f3n correcta debes conocer c\u00f3mo funcionan los seguros. Necesitas asegurarte de que la opci\u00f3n que prefieres puede ser usada en tu tipo de mudanza. Necesitas saber exactamente cu\u00e1l es la cobertura, no importa si es una relocalizaci\u00f3n de larga distancia o local.<\/p>\n<figure id=\"attachment_622\" aria-describedby=\"caption-attachment-622\" style=\"width: 300px\" class=\"wp-caption aligncenter\"><img loading=\"lazy\" decoding=\"async\" class=\"wp-image-622 size-medium\" src=\"https:\/\/www.promoversmiami.com\/wp-content\/uploads\/2018\/11\/pexels-photo-277615-300x160.jpeg\" alt=\"doors that represent all choices for moving insurance \" width=\"300\" height=\"160\" srcset=\"https:\/\/www.promoversmiami.com\/wp-content\/uploads\/2018\/11\/pexels-photo-277615-300x160.jpeg 300w, https:\/\/www.promoversmiami.com\/wp-content\/uploads\/2018\/11\/pexels-photo-277615-768x409.jpeg 768w, https:\/\/www.promoversmiami.com\/wp-content\/uploads\/2018\/11\/pexels-photo-277615-1024x546.jpeg 1024w, https:\/\/www.promoversmiami.com\/wp-content\/uploads\/2018\/11\/pexels-photo-277615.jpeg 1280w\" sizes=\"auto, (max-width: 300px) 100vw, 300px\" \/><figcaption id=\"caption-attachment-622\" class=\"wp-caption-text\">Hay muchas opciones cuando se trata de seguros<\/figcaption><\/figure>\n<h2><strong>Cobertura total &#8211; Seguro a todo riesgo<\/strong><\/h2>\n<p>Este tipo de seguro de mudanzas est\u00e1 dise\u00f1ado para cubrir todas tus posibles p\u00e9rdidas. <strong>Es la opci\u00f3n m\u00e1s completa y la mejor que puedes tener en caso de accidentes<\/strong>. Tambi\u00e9n es la mejor para cuando tengas que mudarte de emergencia con poco previo aviso. Los seguros a todo riesgo cubren el proceso de transporte, carga, descarga y almacenamiento de tus pertenencias. Los seguros con cobertura total est\u00e1n disponibles en nuestras mudanzas interestatales (entre Florida y otros estados), intraestatales (dentro del estado de la Florida) y tambi\u00e9n cuando son mudanzas internacionales desde Miami. Ofrecen reembolso total del valor y se pueden dividir en dos subcategor\u00edas.<\/p>\n<h3><strong>Reembolso total del valor \u2013 Inventario valorado<\/strong><\/h3>\n<p>Si eliges esta opci\u00f3n tendr\u00e1s que hacer una lista con todos los objetos que deben ser transportados, <strong>cada uno con su valor de reemplazo<\/strong>. Algunas veces puede tomar mucho tiempo tomar nota de todos los objetos, pero en caso de un accidente estar\u00e1s feliz de haberlo hecho. Los objetos pueden ser agrupados en categor\u00edas; por ejemplo, puedes llamar a un grupo completo de objetos como \u201cobjetos de dormitorio\u201d. En caso de accidente, el valor de reembolso ser\u00e1 calculado basado en el valor promedio del grupo. <em>Las cosas que no est\u00e9n en la lista no tendr\u00e1n cobertura<\/em>, por lo cual recomendamos escribir hasta los \u00edtems m\u00e1s peque\u00f1os, incluso para mudanzas locales.<\/p>\n<figure id=\"attachment_623\" aria-describedby=\"caption-attachment-623\" style=\"width: 300px\" class=\"wp-caption aligncenter\"><img loading=\"lazy\" decoding=\"async\" class=\"wp-image-623 size-medium\" src=\"https:\/\/www.promoversmiami.com\/wp-content\/uploads\/2018\/11\/clark-street-mercantile-33919-unsplash-1-300x200.jpg\" alt=\"a room with things such as clothes, pictures etc\" width=\"300\" height=\"200\"><figcaption id=\"caption-attachment-623\" class=\"wp-caption-text\">En este caso, tendr\u00e1s un inventario detallado de todas tus pertenencias<\/figcaption><\/figure>\n<h3><strong>Reembolso total del valor \u2013 Suma global<\/strong><\/h3>\n<p>Esta opci\u00f3n es buena si no tienes tiempo para hacer un inventario total de tus pertenencias. <strong>Necesitar\u00e1s declarar un valor total de tu cargamento entero<\/strong>. Los objetos que tengan valor superior a los 1000$ deben ser declarados aparte. El valor de estos, ser\u00e1 contado para la suma global. Su valor no ser\u00e1 tomando en cuenta como \u201cvalor adicional\u201d, mientras no exceda la suma global del resto del cargamento.<\/p>\n<h3><strong>\u00bfInventario valorado o Suma Global?<\/strong><\/h3>\n<p>Las dos opciones son casi lo mismo. Tienen las mismas reglas, misma cobertura y mismos t\u00e9rminos y condiciones. La gran diferencia es tener que enlistar todos los objetos con su valor en el caso de inventario valorado, en contraste con la opci\u00f3n de Suma Global que solo debes enlistar separados los que est\u00e9n valorados en m\u00e1s de 1000$.<\/p>\n<h2><strong>Cobertura total &#8211; Peligros especificados<\/strong><\/h2>\n<p>Este tipo de seguro te ofrece gran cobertura en caso de accidentes. <strong>Se aplica a da\u00f1os ocurridos durante el transporte o almacenamiento de tus objetos<\/strong>, pero no cubre da\u00f1os que sucedan durante la carga o descarga de tus pertenencias. Es limitado en las posibles causas de accidentes, pues ellas son detalladas en los t\u00e9rminos y condiciones del contrato de mudanza. Debes asegurarte de leer todo cuidadosamente. Tambi\u00e9n se dividen en dos subcategor\u00edas:<\/p>\n<ol>\n<li><strong>Inventario seleccionado<\/strong> \u2013 Similar al seguro de inventario valorado, necesitar\u00e1s hacer una lista de todas tus pertenencias previo a la mudanza. Ofrece la mejor cobertura ya que el reembolso no se reduce por depreciaci\u00f3n de tus objetos o por una multa de coaseguro.<\/li>\n<li><strong>Valor total<\/strong> \u2013 Esta opci\u00f3n es buena si no deseas cubrir la totalidad del cargamento. Cualquier \u00edtem valorado en m\u00e1s de 500$ debe ser enlistado de forma separada.<\/li>\n<\/ol>\n<h2><strong>Otros tipos de seguros de mudanzas<\/strong><\/h2>\n<p>Tambi\u00e9n ofrecemos otros tipos de seguros de mudanzas en Miami. <strong>Algunas otras formas de seguros de mudanzas cubren tu cargamento cuando eres t\u00fa el que haces la carga\/descarga o cuando alquilas un cami\u00f3n de mudanza<\/strong>. Tambi\u00e9n hay una opci\u00f3n que solo ofrece cobertura en caso de una cat\u00e1strofe. Cada relocalizaci\u00f3n es \u00fanica y t\u00fa debes escoger el seguro que mejor se adapte a tu situaci\u00f3n y presupuesto. Si no est\u00e1s seguro de cu\u00e1l opci\u00f3n debes elegir, ll\u00e1manos por tel\u00e9fono. Podemos explicarte todo en detalle y ayudarte a seleccionar la mejor opci\u00f3n para ti y tu presupuesto.<\/p>\n<h3><strong>\u00bfDebo asegurar mi cargamento?<\/strong><\/h3>\n<p><strong>S\u00ed. Es la mejor opci\u00f3n para prepararse para lo inesperado<\/strong>. No tendr\u00e1s que preocuparte por los da\u00f1os que puedan sufrir tus objetos a la hora de embalar o en la mudanza. As\u00ed no habr\u00e1 riesgos de tener que gastar a\u00fan m\u00e1s dinero; en este caso, para reemplazar objetos da\u00f1ados. La paz mental que trae estar asegurado no puede ser reemplazada. Explora las opciones y deja a nuestros expertos ayudarte a elegir la opci\u00f3n que mejor se adapte a tu situaci\u00f3n.<\/p>\n","protected":false},"excerpt":{"rendered":"<p>Mudarse puede ser costoso. Comenzando por la compra de materiales de embalaje hasta contratar profesionales de mudanzas en Miami. Hay muchas cosas que deben ser pagadas en este proceso y, normalmente, tu situaci\u00f3n financiera es fr\u00e1gil durante una mudanza. Nosotros<\/p>\n<div class=\"read-more md-btn\"><a class=\"moretag\" href=\"https:\/\/www.promoversmiami.com\/es\/moving-insurance\/\"> Read More<\/a><\/div>\n","protected":false},"author":6,"featured_media":2387,"parent":0,"menu_order":0,"comment_status":"closed","ping_status":"closed","template":"","meta":{"inline_featured_image":false,"ngg_post_thumbnail":0,"spay_email":"","footnotes":""},"class_list":["post-2385","page","type-page","status-publish","has-post-thumbnail","hentry"],"yoast_head":"<!-- This site is optimized with the Yoast SEO plugin v17.8 - https:\/\/yoast.com\/wordpress\/plugins\/seo\/ -->\n<title>Seguros de Mudanzas | Pro Movers Miami<\/title>\n<meta name=\"description\" content=\"Protege tus pertenencias con seguros de mudanzas confiables. Obt\u00e9n tranquilidad durante tu mudanza con Pro Movers Miami.\" \/>\n<meta name=\"robots\" content=\"index, follow, max-snippet:-1, max-image-preview:large, max-video-preview:-1\" \/>\n<link rel=\"canonical\" href=\"https:\/\/www.promoversmiami.com\/es\/moving-insurance\/\" \/>\n<meta property=\"og:locale\" content=\"es_ES\" \/>\n<meta property=\"og:type\" content=\"article\" \/>\n<meta property=\"og:title\" content=\"Seguros de Mudanzas | Pro Movers Miami\" \/>\n<meta property=\"og:description\" content=\"Protege tus pertenencias con seguros de mudanzas confiables. Obt\u00e9n tranquilidad durante tu mudanza con Pro Movers Miami.\" \/>\n<meta property=\"og:url\" content=\"https:\/\/www.promoversmiami.com\/es\/moving-insurance\/\" \/>\n<meta property=\"og:site_name\" content=\"Pro Movers Miami\" \/>\n<meta property=\"article:modified_time\" content=\"2024-10-24T08:51:26+00:00\" \/>\n<meta property=\"og:image\" content=\"https:\/\/www.promoversmiami.com\/wp-content\/uploads\/2018\/10\/health-2082630_640.jpg\" \/>\n\t<meta property=\"og:image:width\" content=\"640\" \/>\n\t<meta property=\"og:image:height\" content=\"360\" \/>\n<meta name=\"twitter:card\" content=\"summary_large_image\" \/>\n<meta name=\"twitter:label1\" content=\"Tiempo de lectura\" \/>\n\t<meta name=\"twitter:data1\" content=\"6 minutos\" \/>\n<script type=\"application\/ld+json\" class=\"yoast-schema-graph\">{\"@context\":\"https:\/\/schema.org\",\"@graph\":[{\"@type\":\"Organization\",\"@id\":\"https:\/\/www.promoversmiami.com\/#organization\",\"name\":\"Pro Movers Miami | FL Movers - Miami Moving and Storage Company\",\"url\":\"https:\/\/www.promoversmiami.com\/\",\"sameAs\":[],\"logo\":{\"@type\":\"ImageObject\",\"@id\":\"https:\/\/www.promoversmiami.com\/#logo\",\"inLanguage\":\"es\",\"url\":\"https:\/\/www.promoversmiami.com\/wp-content\/uploads\/2018\/11\/cropped-logo.png\",\"contentUrl\":\"https:\/\/www.promoversmiami.com\/wp-content\/uploads\/2018\/11\/cropped-logo.png\",\"width\":173,\"height\":61,\"caption\":\"Pro Movers Miami | FL Movers - Miami Moving and Storage Company\"},\"image\":{\"@id\":\"https:\/\/www.promoversmiami.com\/#logo\"}},{\"@type\":\"WebSite\",\"@id\":\"https:\/\/www.promoversmiami.com\/#website\",\"url\":\"https:\/\/www.promoversmiami.com\/\",\"name\":\"Pro Movers Miami\",\"description\":\"Mudanzas FL - Empresa de mudanzas y almacenamiento en Miami\",\"publisher\":{\"@id\":\"https:\/\/www.promoversmiami.com\/#organization\"},\"potentialAction\":[{\"@type\":\"SearchAction\",\"target\":{\"@type\":\"EntryPoint\",\"urlTemplate\":\"https:\/\/www.promoversmiami.com\/?s={search_term_string}\"},\"query-input\":\"required name=search_term_string\"}],\"inLanguage\":\"es\"},{\"@type\":\"ImageObject\",\"@id\":\"https:\/\/www.promoversmiami.com\/es\/moving-insurance\/#primaryimage\",\"inLanguage\":\"es\",\"url\":\"https:\/\/www.promoversmiami.com\/wp-content\/uploads\/2018\/10\/health-2082630_640.jpg\",\"contentUrl\":\"https:\/\/www.promoversmiami.com\/wp-content\/uploads\/2018\/10\/health-2082630_640.jpg\",\"width\":640,\"height\":360},{\"@type\":\"WebPage\",\"@id\":\"https:\/\/www.promoversmiami.com\/es\/moving-insurance\/#webpage\",\"url\":\"https:\/\/www.promoversmiami.com\/es\/moving-insurance\/\",\"name\":\"Seguros de Mudanzas | Pro Movers Miami\",\"isPartOf\":{\"@id\":\"https:\/\/www.promoversmiami.com\/#website\"},\"primaryImageOfPage\":{\"@id\":\"https:\/\/www.promoversmiami.com\/es\/moving-insurance\/#primaryimage\"},\"datePublished\":\"2019-03-25T10:04:47+00:00\",\"dateModified\":\"2024-10-24T08:51:26+00:00\",\"description\":\"Protege tus pertenencias con seguros de mudanzas confiables. Obt\\u00e9n tranquilidad durante tu mudanza con Pro Movers Miami.\",\"breadcrumb\":{\"@id\":\"https:\/\/www.promoversmiami.com\/es\/moving-insurance\/#breadcrumb\"},\"inLanguage\":\"es\",\"potentialAction\":[{\"@type\":\"ReadAction\",\"target\":[\"https:\/\/www.promoversmiami.com\/es\/moving-insurance\/\"]}]},{\"@type\":\"BreadcrumbList\",\"@id\":\"https:\/\/www.promoversmiami.com\/es\/moving-insurance\/#breadcrumb\",\"itemListElement\":[{\"@type\":\"ListItem\",\"position\":1,\"name\":\"Home\",\"item\":\"https:\/\/www.promoversmiami.com\/es\/\"},{\"@type\":\"ListItem\",\"position\":2,\"name\":\"Seguros de mudanzas\"}]}]}<\/script>\n<!-- \/ Yoast SEO plugin. -->","yoast_head_json":{"title":"Seguros de Mudanzas | Pro Movers Miami","description":"Protege tus pertenencias con seguros de mudanzas confiables. Obt\u00e9n tranquilidad durante tu mudanza con Pro Movers Miami.","robots":{"index":"index","follow":"follow","max-snippet":"max-snippet:-1","max-image-preview":"max-image-preview:large","max-video-preview":"max-video-preview:-1"},"canonical":"https:\/\/www.promoversmiami.com\/es\/moving-insurance\/","og_locale":"es_ES","og_type":"article","og_title":"Seguros de Mudanzas | Pro Movers Miami","og_description":"Protege tus pertenencias con seguros de mudanzas confiables. Obt\u00e9n tranquilidad durante tu mudanza con Pro Movers Miami.","og_url":"https:\/\/www.promoversmiami.com\/es\/moving-insurance\/","og_site_name":"Pro Movers Miami","article_modified_time":"2024-10-24T08:51:26+00:00","og_image":[{"width":640,"height":360,"url":"https:\/\/www.promoversmiami.com\/wp-content\/uploads\/2018\/10\/health-2082630_640.jpg","type":"image\/jpeg"}],"twitter_card":"summary_large_image","twitter_misc":{"Tiempo de lectura":"6 minutos"},"schema":{"@context":"https:\/\/schema.org","@graph":[{"@type":"Organization","@id":"https:\/\/www.promoversmiami.com\/#organization","name":"Pro Movers Miami | FL Movers - Miami Moving and Storage Company","url":"https:\/\/www.promoversmiami.com\/","sameAs":[],"logo":{"@type":"ImageObject","@id":"https:\/\/www.promoversmiami.com\/#logo","inLanguage":"es","url":"https:\/\/www.promoversmiami.com\/wp-content\/uploads\/2018\/11\/cropped-logo.png","contentUrl":"https:\/\/www.promoversmiami.com\/wp-content\/uploads\/2018\/11\/cropped-logo.png","width":173,"height":61,"caption":"Pro Movers Miami | FL Movers - Miami Moving and Storage Company"},"image":{"@id":"https:\/\/www.promoversmiami.com\/#logo"}},{"@type":"WebSite","@id":"https:\/\/www.promoversmiami.com\/#website","url":"https:\/\/www.promoversmiami.com\/","name":"Pro Movers Miami","description":"Mudanzas FL - Empresa de mudanzas y almacenamiento en Miami","publisher":{"@id":"https:\/\/www.promoversmiami.com\/#organization"},"potentialAction":[{"@type":"SearchAction","target":{"@type":"EntryPoint","urlTemplate":"https:\/\/www.promoversmiami.com\/?s={search_term_string}"},"query-input":"required name=search_term_string"}],"inLanguage":"es"},{"@type":"ImageObject","@id":"https:\/\/www.promoversmiami.com\/es\/moving-insurance\/#primaryimage","inLanguage":"es","url":"https:\/\/www.promoversmiami.com\/wp-content\/uploads\/2018\/10\/health-2082630_640.jpg","contentUrl":"https:\/\/www.promoversmiami.com\/wp-content\/uploads\/2018\/10\/health-2082630_640.jpg","width":640,"height":360},{"@type":"WebPage","@id":"https:\/\/www.promoversmiami.com\/es\/moving-insurance\/#webpage","url":"https:\/\/www.promoversmiami.com\/es\/moving-insurance\/","name":"Seguros de Mudanzas | Pro Movers Miami","isPartOf":{"@id":"https:\/\/www.promoversmiami.com\/#website"},"primaryImageOfPage":{"@id":"https:\/\/www.promoversmiami.com\/es\/moving-insurance\/#primaryimage"},"datePublished":"2019-03-25T10:04:47+00:00","dateModified":"2024-10-24T08:51:26+00:00","description":"Protege tus pertenencias con seguros de mudanzas confiables. Obt\u00e9n tranquilidad durante tu mudanza con Pro Movers Miami.","breadcrumb":{"@id":"https:\/\/www.promoversmiami.com\/es\/moving-insurance\/#breadcrumb"},"inLanguage":"es","potentialAction":[{"@type":"ReadAction","target":["https:\/\/www.promoversmiami.com\/es\/moving-insurance\/"]}]},{"@type":"BreadcrumbList","@id":"https:\/\/www.promoversmiami.com\/es\/moving-insurance\/#breadcrumb","itemListElement":[{"@type":"ListItem","position":1,"name":"Home","item":"https:\/\/www.promoversmiami.com\/es\/"},{"@type":"ListItem","position":2,"name":"Seguros de mudanzas"}]}]}},"jetpack-related-posts":[{"id":2352,"url":"https:\/\/www.promoversmiami.com\/es\/interstate-moving\/","url_meta":{"origin":2385,"position":0},"title":"Mudanzas interestatales","date":"marzo 21, 2019","format":false,"excerpt":"Somos una de las mejores opciones para todos los residentes de Miami que planean reubicarse, sin importar la distancia. Ofrecemos un servicio de calidad asegurada y garantizamos la integridad de tus pertenencias. No hace diferencia si deseas mover unas pocas cajas o si tienes un plan para mudar toda tu\u2026","rel":"","context":"Entrada similar","img":{"alt_text":"","src":"","width":0,"height":0},"classes":[]},{"id":2368,"url":"https:\/\/www.promoversmiami.com\/es\/long-distance-moving\/","url_meta":{"origin":2385,"position":1},"title":"Mudanzas de larga distancia","date":"marzo 21, 2019","format":false,"excerpt":"Hacer una mudanza de larga distancia, como mudanzas a Argentina desde Miami, puede ser un proceso complicado. Cuando contratas a un servicio de mudanzas confiable, el proceso pierde ese nivel de dificultad. Pro Movers Miami es una experimentada compa\u00f1\u00eda de mudanzas de Miami que ofrece servicios de mudanzas locales y\u2026","rel":"","context":"Entrada similar","img":{"alt_text":"","src":"https:\/\/i1.wp.com\/www.promoversmiami.com\/wp-content\/uploads\/2018\/10\/long_distance.jpg?resize=350%2C200&ssl=1","width":350,"height":200},"classes":[]},{"id":2531,"url":"https:\/\/www.promoversmiami.com\/es\/local-moving\/miami-dade-county\/miami-beach\/","url_meta":{"origin":2385,"position":2},"title":"Miami Beach","date":"abril 17, 2019","format":false,"excerpt":"Miami Beach es una hermosa ciudad costera con incre\u00edbles paisajes. Con el Oc\u00e9ano Atl\u00e1ntico al este y Biscayne Bay separ\u00e1ndola de Miami por el oeste, Miami Beach tiene una ubicaci\u00f3n perfecta. Ofrece la oportunidad de vivir en una isla, pero muy cerca de la gran ciudad. La ciudad tiene mucho\u2026","rel":"","context":"Entrada similar","img":{"alt_text":"","src":"https:\/\/i0.wp.com\/www.promoversmiami.com\/wp-content\/uploads\/2018\/11\/pexels-photo-421654-300x244.jpeg?resize=350%2C200&ssl=1","width":350,"height":200},"classes":[]},{"id":2396,"url":"https:\/\/www.promoversmiami.com\/es\/residential-moving\/","url_meta":{"origin":2385,"position":3},"title":"Mudanzas residenciales","date":"marzo 25, 2019","format":false,"excerpt":"Miami es un lugar realmente bonito para vivir. Clima soleado, bellas playas y una cultura diversa son apenas unos de los puntos a favor de la ciudad de Miami. Todo eso, combinado a fant\u00e1sticas oportunidades de empleo, convierte a Miami en un destino atractivo. Mudarse a Miami, o desde un\u2026","rel":"","context":"Entrada similar","img":{"alt_text":"","src":"https:\/\/i1.wp.com\/www.promoversmiami.com\/wp-content\/uploads\/2018\/10\/pexels-photo-421655-300x201.jpeg?resize=350%2C200&ssl=1","width":350,"height":200},"classes":[]},{"id":2513,"url":"https:\/\/www.promoversmiami.com\/es\/local-moving\/miami-dade-county\/hialeah\/","url_meta":{"origin":2385,"position":4},"title":"Hialeah","date":"abril 17, 2019","format":false,"excerpt":"Hialeah es una bella ciudad localizada en Miami-Dade County, Florida. Tiene una poblaci\u00f3n de unos 220.000 habitantes, y es una de las mayores comunidades de hispanohablantes en el pa\u00eds. Es una pr\u00f3spera comunidad con muchos negocios y un gran lugar para quienes quieren mudarse a Florida. Si est\u00e1s buscando una\u2026","rel":"","context":"Entrada similar","img":{"alt_text":"","src":"https:\/\/i0.wp.com\/www.promoversmiami.com\/wp-content\/uploads\/2018\/12\/beach-homes-1646621_640.jpg?resize=350%2C200&ssl=1","width":350,"height":200},"classes":[]}],"jetpack_sharing_enabled":true,"jetpack_shortlink":"https:\/\/wp.me\/Par13R-Ct","_links":{"self":[{"href":"https:\/\/www.promoversmiami.com\/es\/wp-json\/wp\/v2\/pages\/2385","targetHints":{"allow":["GET"]}}],"collection":[{"href":"https:\/\/www.promoversmiami.com\/es\/wp-json\/wp\/v2\/pages"}],"about":[{"href":"https:\/\/www.promoversmiami.com\/es\/wp-json\/wp\/v2\/types\/page"}],"author":[{"embeddable":true,"href":"https:\/\/www.promoversmiami.com\/es\/wp-json\/wp\/v2\/users\/6"}],"replies":[{"embeddable":true,"href":"https:\/\/www.promoversmiami.com\/es\/wp-json\/wp\/v2\/comments?post=2385"}],"version-history":[{"count":1,"href":"https:\/\/www.promoversmiami.com\/es\/wp-json\/wp\/v2\/pages\/2385\/revisions"}],"predecessor-version":[{"id":65155,"href":"https:\/\/www.promoversmiami.com\/es\/wp-json\/wp\/v2\/pages\/2385\/revisions\/65155"}],"wp:featuredmedia":[{"embeddable":true,"href":"https:\/\/www.promoversmiami.com\/es\/wp-json\/wp\/v2\/media\/2387"}],"wp:attachment":[{"href":"https:\/\/www.promoversmiami.com\/es\/wp-json\/wp\/v2\/media?parent=2385"}],"curies":[{"name":"wp","href":"https:\/\/api.w.org\/{rel}","templated":true}]}}