{"id":2378,"date":"2019-03-25T09:45:25","date_gmt":"2019-03-25T09:45:25","guid":{"rendered":"https:\/\/www.promoversmiami.com\/?page_id=2378"},"modified":"2019-03-28T14:02:59","modified_gmt":"2019-03-28T14:02:59","slug":"emergency-moving","status":"publish","type":"page","link":"https:\/\/www.promoversmiami.com\/es\/emergency-moving\/","title":{"rendered":"Mudanzas de emergencia"},"content":{"rendered":"<p><strong>\u00bfNecesitas a alguien que pueda ayudarte con una mudanza sin previo aviso?<\/strong> Si es as\u00ed, <em>\u00a1viniste al sitio adecuado!<\/em> Pro Movers Miami te puede ayudar a mudarte de forma r\u00e1pida y eficiente, a un precio que se ajusta a tu presupuesto.<\/p>\n<h2><strong>\u00bfPor qu\u00e9 escogernos?<\/strong><\/h2>\n<p><strong>Las mudanzas de emergencia son una de nuestras especialidades.<\/strong> No importa si es una mudanza en Miami, una mudanza en Florida, o una de larga distancia, interestatal, incluso mudanzas a Argentina desde Miami. <em>Podemos ayudarte de una forma segura, oportuna y eficiente<\/em>.<\/p>\n<figure id=\"attachment_2380\" aria-describedby=\"caption-attachment-2380\" style=\"width: 300px\" class=\"wp-caption aligncenter\"><img loading=\"lazy\" decoding=\"async\" data-attachment-id=\"2380\" data-permalink=\"https:\/\/www.promoversmiami.com\/es\/emergency-moving\/football-stadium-3404535_640\/\" data-orig-file=\"https:\/\/www.promoversmiami.com\/wp-content\/uploads\/2018\/10\/football-stadium-3404535_640.jpg\" data-orig-size=\"640,426\" data-comments-opened=\"1\" data-image-meta=\"{&quot;aperture&quot;:&quot;16&quot;,&quot;credit&quot;:&quot;&quot;,&quot;camera&quot;:&quot;ILCE-7&quot;,&quot;caption&quot;:&quot;&quot;,&quot;created_timestamp&quot;:&quot;0&quot;,&quot;copyright&quot;:&quot;&quot;,&quot;focal_length&quot;:&quot;17&quot;,&quot;iso&quot;:&quot;100&quot;,&quot;shutter_speed&quot;:&quot;15&quot;,&quot;title&quot;:&quot;&quot;,&quot;orientation&quot;:&quot;0&quot;}\" data-image-title=\"football-stadium-3404535_640\" data-image-description=\"\" data-image-caption=\"&lt;p&gt;Moving long distance or locally &amp;#8211; we can help you do it quickly and with a smile on your face!&lt;\/p&gt;\n\" data-medium-file=\"https:\/\/www.promoversmiami.com\/wp-content\/uploads\/2018\/10\/football-stadium-3404535_640-300x200.jpg\" data-large-file=\"https:\/\/www.promoversmiami.com\/wp-content\/uploads\/2018\/10\/football-stadium-3404535_640.jpg\" class=\"wp-image-2380 size-medium\" src=\"https:\/\/www.promoversmiami.com\/wp-content\/uploads\/2018\/10\/football-stadium-3404535_640-300x200.jpg\" alt=\"\" width=\"300\" height=\"200\" srcset=\"https:\/\/www.promoversmiami.com\/wp-content\/uploads\/2018\/10\/football-stadium-3404535_640-300x200.jpg 300w, https:\/\/www.promoversmiami.com\/wp-content\/uploads\/2018\/10\/football-stadium-3404535_640.jpg 640w\" sizes=\"auto, (max-width: 300px) 100vw, 300px\" \/><figcaption id=\"caption-attachment-2380\" class=\"wp-caption-text\">Mudarse a larga distancia o localmente en Miami- \u00a1Podemos ayudarte a hacerlo r\u00e1pido con una sonrisa en la cara!<\/figcaption><\/figure>\n<h3><strong>\u00a1Nos encargamos de todo!<\/strong><\/h3>\n<p><strong>Nuestros especialistas en mudanzas de emergencia est\u00e1n listos y felices de poder ayudarte cuando tengas que mudarte sin previo aviso.<\/strong> Solo necesitas llamarnos y elegir el servicio que se ajusta a tus necesidades. De ah\u00ed en adelante, nuestro equipo se encargar\u00e1 de todo, hasta con la renta de camiones para mudanza en Miami. S\u00ed, es as\u00ed de simple. Mudarte con breve aviso puede ser muy estresante y dif\u00edcil de hacer. <strong>Con nosotros no lo ser\u00e1, as\u00ed que no esperes m\u00e1s y \u00a1llama a nuestro equipo hoy!<\/strong><\/p>\n<h3><strong>Una mudanza de emergencia es algo simple con nuestros especialistas a tu lado<\/strong><\/h3>\n<p>Realmente lo es. <strong>Nuestro servicio de mudanzas en Miami, interestatal o de larga distancia, est\u00e1 dise\u00f1ado no solo para ajustarse a tus necesidades a un precio accesible, sino que tambi\u00e9n es perfecto para cuando no tienes la posibilidad de hacer un plan anticipado<\/strong>. Una mudanza urgente es exactamente eso \u2013 <em>un trabajo que debe ser resuelto r\u00e1pidamente<\/em>. Por otro lado, debe ser realizado de forma profesional, asegurando la integridad de todas tus pertenencias durante el proceso. Nuestro equipo de mudanzas de emergencia garantiza todo eso. Entonces, no lo dudes m\u00e1s y \u00a1ll\u00e1manos hoy!<\/p>\n","protected":false},"excerpt":{"rendered":"<p>\u00bfNecesitas a alguien que pueda ayudarte con una mudanza sin previo aviso? Si es as\u00ed, \u00a1viniste al sitio adecuado! Pro Movers Miami te puede ayudar a mudarte de forma r\u00e1pida y eficiente, a un precio que se ajusta a tu<\/p>\n<div class=\"read-more md-btn\"><a class=\"moretag\" href=\"https:\/\/www.promoversmiami.com\/es\/emergency-moving\/\"> Read More<\/a><\/div>\n","protected":false},"author":6,"featured_media":0,"parent":0,"menu_order":0,"comment_status":"closed","ping_status":"closed","template":"","meta":{"inline_featured_image":false,"ngg_post_thumbnail":0,"spay_email":"","footnotes":""},"class_list":["post-2378","page","type-page","status-publish","hentry"],"yoast_head":"<!-- This site is optimized with the Yoast SEO plugin v17.8 - https:\/\/yoast.com\/wordpress\/plugins\/seo\/ -->\n<title>Mudanzas de emergencia - Pro Movers Miami<\/title>\n<meta name=\"description\" content=\"Emergency moving might sound scary. But, if you team up with our emergency movers Miami - you&#039;ll move with ease. So, wait no more and give us a call today!\" \/>\n<meta name=\"robots\" content=\"index, follow, max-snippet:-1, max-image-preview:large, max-video-preview:-1\" \/>\n<link rel=\"canonical\" href=\"https:\/\/www.promoversmiami.com\/es\/emergency-moving\/\" \/>\n<meta property=\"og:locale\" content=\"es_ES\" \/>\n<meta property=\"og:type\" content=\"article\" \/>\n<meta property=\"og:title\" content=\"Mudanzas de emergencia - Pro Movers Miami\" \/>\n<meta property=\"og:description\" content=\"Emergency moving might sound scary. But, if you team up with our emergency movers Miami - you&#039;ll move with ease. So, wait no more and give us a call today!\" \/>\n<meta property=\"og:url\" content=\"https:\/\/www.promoversmiami.com\/es\/emergency-moving\/\" \/>\n<meta property=\"og:site_name\" content=\"Pro Movers Miami\" \/>\n<meta property=\"article:modified_time\" content=\"2019-03-28T14:02:59+00:00\" \/>\n<meta property=\"og:image\" content=\"https:\/\/www.promoversmiami.com\/wp-content\/uploads\/2018\/10\/football-stadium-3404535_640-300x200.jpg\" \/>\n<meta name=\"twitter:card\" content=\"summary_large_image\" \/>\n<meta name=\"twitter:label1\" content=\"Tiempo de lectura\" \/>\n\t<meta name=\"twitter:data1\" content=\"2 minutos\" \/>\n<script type=\"application\/ld+json\" class=\"yoast-schema-graph\">{\"@context\":\"https:\/\/schema.org\",\"@graph\":[{\"@type\":\"Organization\",\"@id\":\"https:\/\/www.promoversmiami.com\/#organization\",\"name\":\"Pro Movers Miami | FL Movers - Miami Moving and Storage Company\",\"url\":\"https:\/\/www.promoversmiami.com\/\",\"sameAs\":[],\"logo\":{\"@type\":\"ImageObject\",\"@id\":\"https:\/\/www.promoversmiami.com\/#logo\",\"inLanguage\":\"es\",\"url\":\"https:\/\/www.promoversmiami.com\/wp-content\/uploads\/2018\/11\/cropped-logo.png\",\"contentUrl\":\"https:\/\/www.promoversmiami.com\/wp-content\/uploads\/2018\/11\/cropped-logo.png\",\"width\":173,\"height\":61,\"caption\":\"Pro Movers Miami | FL Movers - Miami Moving and Storage Company\"},\"image\":{\"@id\":\"https:\/\/www.promoversmiami.com\/#logo\"}},{\"@type\":\"WebSite\",\"@id\":\"https:\/\/www.promoversmiami.com\/#website\",\"url\":\"https:\/\/www.promoversmiami.com\/\",\"name\":\"Pro Movers Miami\",\"description\":\"Mudanzas FL - Empresa de mudanzas y almacenamiento en Miami\",\"publisher\":{\"@id\":\"https:\/\/www.promoversmiami.com\/#organization\"},\"potentialAction\":[{\"@type\":\"SearchAction\",\"target\":{\"@type\":\"EntryPoint\",\"urlTemplate\":\"https:\/\/www.promoversmiami.com\/?s={search_term_string}\"},\"query-input\":\"required name=search_term_string\"}],\"inLanguage\":\"es\"},{\"@type\":\"ImageObject\",\"@id\":\"https:\/\/www.promoversmiami.com\/es\/emergency-moving\/#primaryimage\",\"inLanguage\":\"es\",\"url\":\"https:\/\/www.promoversmiami.com\/wp-content\/uploads\/2018\/10\/football-stadium-3404535_640.jpg\",\"contentUrl\":\"https:\/\/www.promoversmiami.com\/wp-content\/uploads\/2018\/10\/football-stadium-3404535_640.jpg\",\"width\":640,\"height\":426,\"caption\":\"Moving long distance or locally - we can help you do it quickly and with a smile on your face!\"},{\"@type\":\"WebPage\",\"@id\":\"https:\/\/www.promoversmiami.com\/es\/emergency-moving\/#webpage\",\"url\":\"https:\/\/www.promoversmiami.com\/es\/emergency-moving\/\",\"name\":\"Mudanzas de emergencia - Pro Movers Miami\",\"isPartOf\":{\"@id\":\"https:\/\/www.promoversmiami.com\/#website\"},\"primaryImageOfPage\":{\"@id\":\"https:\/\/www.promoversmiami.com\/es\/emergency-moving\/#primaryimage\"},\"datePublished\":\"2019-03-25T09:45:25+00:00\",\"dateModified\":\"2019-03-28T14:02:59+00:00\",\"description\":\"Emergency moving might sound scary. But, if you team up with our emergency movers Miami - you'll move with ease. So, wait no more and give us a call today!\",\"breadcrumb\":{\"@id\":\"https:\/\/www.promoversmiami.com\/es\/emergency-moving\/#breadcrumb\"},\"inLanguage\":\"es\",\"potentialAction\":[{\"@type\":\"ReadAction\",\"target\":[\"https:\/\/www.promoversmiami.com\/es\/emergency-moving\/\"]}]},{\"@type\":\"BreadcrumbList\",\"@id\":\"https:\/\/www.promoversmiami.com\/es\/emergency-moving\/#breadcrumb\",\"itemListElement\":[{\"@type\":\"ListItem\",\"position\":1,\"name\":\"Home\",\"item\":\"https:\/\/www.promoversmiami.com\/es\/\"},{\"@type\":\"ListItem\",\"position\":2,\"name\":\"Mudanzas de emergencia\"}]}]}<\/script>\n<!-- \/ Yoast SEO plugin. -->","yoast_head_json":{"title":"Mudanzas de emergencia - Pro Movers Miami","description":"Emergency moving might sound scary. But, if you team up with our emergency movers Miami - you'll move with ease. So, wait no more and give us a call today!","robots":{"index":"index","follow":"follow","max-snippet":"max-snippet:-1","max-image-preview":"max-image-preview:large","max-video-preview":"max-video-preview:-1"},"canonical":"https:\/\/www.promoversmiami.com\/es\/emergency-moving\/","og_locale":"es_ES","og_type":"article","og_title":"Mudanzas de emergencia - Pro Movers Miami","og_description":"Emergency moving might sound scary. But, if you team up with our emergency movers Miami - you'll move with ease. So, wait no more and give us a call today!","og_url":"https:\/\/www.promoversmiami.com\/es\/emergency-moving\/","og_site_name":"Pro Movers Miami","article_modified_time":"2019-03-28T14:02:59+00:00","og_image":[{"url":"https:\/\/www.promoversmiami.com\/wp-content\/uploads\/2018\/10\/football-stadium-3404535_640-300x200.jpg"}],"twitter_card":"summary_large_image","twitter_misc":{"Tiempo de lectura":"2 minutos"},"schema":{"@context":"https:\/\/schema.org","@graph":[{"@type":"Organization","@id":"https:\/\/www.promoversmiami.com\/#organization","name":"Pro Movers Miami | FL Movers - Miami Moving and Storage Company","url":"https:\/\/www.promoversmiami.com\/","sameAs":[],"logo":{"@type":"ImageObject","@id":"https:\/\/www.promoversmiami.com\/#logo","inLanguage":"es","url":"https:\/\/www.promoversmiami.com\/wp-content\/uploads\/2018\/11\/cropped-logo.png","contentUrl":"https:\/\/www.promoversmiami.com\/wp-content\/uploads\/2018\/11\/cropped-logo.png","width":173,"height":61,"caption":"Pro Movers Miami | FL Movers - Miami Moving and Storage Company"},"image":{"@id":"https:\/\/www.promoversmiami.com\/#logo"}},{"@type":"WebSite","@id":"https:\/\/www.promoversmiami.com\/#website","url":"https:\/\/www.promoversmiami.com\/","name":"Pro Movers Miami","description":"Mudanzas FL - Empresa de mudanzas y almacenamiento en Miami","publisher":{"@id":"https:\/\/www.promoversmiami.com\/#organization"},"potentialAction":[{"@type":"SearchAction","target":{"@type":"EntryPoint","urlTemplate":"https:\/\/www.promoversmiami.com\/?s={search_term_string}"},"query-input":"required name=search_term_string"}],"inLanguage":"es"},{"@type":"ImageObject","@id":"https:\/\/www.promoversmiami.com\/es\/emergency-moving\/#primaryimage","inLanguage":"es","url":"https:\/\/www.promoversmiami.com\/wp-content\/uploads\/2018\/10\/football-stadium-3404535_640.jpg","contentUrl":"https:\/\/www.promoversmiami.com\/wp-content\/uploads\/2018\/10\/football-stadium-3404535_640.jpg","width":640,"height":426,"caption":"Moving long distance or locally - we can help you do it quickly and with a smile on your face!"},{"@type":"WebPage","@id":"https:\/\/www.promoversmiami.com\/es\/emergency-moving\/#webpage","url":"https:\/\/www.promoversmiami.com\/es\/emergency-moving\/","name":"Mudanzas de emergencia - Pro Movers Miami","isPartOf":{"@id":"https:\/\/www.promoversmiami.com\/#website"},"primaryImageOfPage":{"@id":"https:\/\/www.promoversmiami.com\/es\/emergency-moving\/#primaryimage"},"datePublished":"2019-03-25T09:45:25+00:00","dateModified":"2019-03-28T14:02:59+00:00","description":"Emergency moving might sound scary. But, if you team up with our emergency movers Miami - you'll move with ease. So, wait no more and give us a call today!","breadcrumb":{"@id":"https:\/\/www.promoversmiami.com\/es\/emergency-moving\/#breadcrumb"},"inLanguage":"es","potentialAction":[{"@type":"ReadAction","target":["https:\/\/www.promoversmiami.com\/es\/emergency-moving\/"]}]},{"@type":"BreadcrumbList","@id":"https:\/\/www.promoversmiami.com\/es\/emergency-moving\/#breadcrumb","itemListElement":[{"@type":"ListItem","position":1,"name":"Home","item":"https:\/\/www.promoversmiami.com\/es\/"},{"@type":"ListItem","position":2,"name":"Mudanzas de emergencia"}]}]}},"jetpack-related-posts":[{"id":2519,"url":"https:\/\/www.promoversmiami.com\/es\/local-moving\/miami-dade-county\/homestead\/","url_meta":{"origin":2378,"position":0},"title":"Homestead","date":"abril 17, 2019","format":false,"excerpt":"Est\u00e1s haciendo planes para mudarte al Sur de la Florida? \u00bfHas decidido cu\u00e1l es la mejor ciudad para tu nuevo hogar? Si tu elecci\u00f3n es Homestead, \u00a1bien por ti! Con nuestra empresa, podr\u00e1s disfrutar de tu reubicaci\u00f3n y sin esfuerzos. Si ya la est\u00e1s planeando, considera contratar a nuestros profesionales\u2026","rel":"","context":"Entrada similar","img":{"alt_text":"","src":"https:\/\/i1.wp.com\/www.promoversmiami.com\/wp-content\/uploads\/2018\/12\/map-455769_640.jpg?resize=350%2C200&ssl=1","width":350,"height":200},"classes":[]},{"id":2374,"url":"https:\/\/www.promoversmiami.com\/es\/services\/","url_meta":{"origin":2378,"position":1},"title":"Servicios","date":"marzo 21, 2019","format":false,"excerpt":"Cuando alguien dice Miami, \u00bfen qu\u00e9 piensas? Estamos seguros de que muchos de visualizamos lo mismo: palmeras, playa, arena y sol. Pero si investigas un poco m\u00e1s, descubrir\u00e1s que Miami tiene mucho m\u00e1s que ofrecer. Todo lo que necesitas para una buena vida est\u00e1 aqu\u00ed. En primer lugar, es un\u2026","rel":"","context":"Entrada similar","img":{"alt_text":"","src":"https:\/\/i1.wp.com\/www.promoversmiami.com\/wp-content\/uploads\/2018\/10\/services_title-picture-1.jpg?resize=350%2C200&ssl=1","width":350,"height":200},"classes":[]},{"id":2352,"url":"https:\/\/www.promoversmiami.com\/es\/interstate-moving\/","url_meta":{"origin":2378,"position":2},"title":"Mudanzas interestatales","date":"marzo 21, 2019","format":false,"excerpt":"Somos una de las mejores opciones para todos los residentes de Miami que planean reubicarse, sin importar la distancia. Ofrecemos un servicio de calidad asegurada y garantizamos la integridad de tus pertenencias. No hace diferencia si deseas mover unas pocas cajas o si tienes un plan para mudar toda tu\u2026","rel":"","context":"Entrada similar","img":{"alt_text":"","src":"","width":0,"height":0},"classes":[]},{"id":2536,"url":"https:\/\/www.promoversmiami.com\/es\/local-moving\/miami-dade-county\/north-miami\/","url_meta":{"origin":2378,"position":3},"title":"North Miami","date":"abril 17, 2019","format":false,"excerpt":"\u00a1Mudarse a North Miami deber\u00eda ser una experiencia excitante para ti y tu familia! Si eliges esta ciudad como nuevo destino, \u00a1nuestros profesionales de mudanzas en North Miami, FL, pueden ayudarte! Pro Movers Miami es una agencia de mudanzas confiable que ofrece servicios tanto residenciales como comerciales. Si necesitas empacar\u2026","rel":"","context":"Entrada similar","img":{"alt_text":"","src":"https:\/\/i0.wp.com\/www.promoversmiami.com\/wp-content\/uploads\/2018\/11\/miami-504631_640.jpg?resize=350%2C200&ssl=1","width":350,"height":200},"classes":[]},{"id":2542,"url":"https:\/\/www.promoversmiami.com\/es\/local-moving\/miami-dade-county\/sunny-isles-beach\/","url_meta":{"origin":2378,"position":4},"title":"Sunny Isles Beach","date":"abril 17, 2019","format":false,"excerpt":"Sunny Isles Beach es una hermosa ciudad localizada en Miami Dade County. Es soleada todo el a\u00f1o y tiene algunas de las playas m\u00e1s bellas en Florida. Su comunidad est\u00e1 creciendo, con muchos empresarios que invierten en la construcci\u00f3n de complejos tur\u00edsticos y condominios. Todo esto hace a Sunny Isles\u2026","rel":"","context":"Entrada similar","img":{"alt_text":"","src":"https:\/\/i2.wp.com\/www.promoversmiami.com\/wp-content\/uploads\/2018\/12\/pexels-photo-1124528-300x200.jpeg?resize=350%2C200&ssl=1","width":350,"height":200},"classes":[]},{"id":2513,"url":"https:\/\/www.promoversmiami.com\/es\/local-moving\/miami-dade-county\/hialeah\/","url_meta":{"origin":2378,"position":5},"title":"Hialeah","date":"abril 17, 2019","format":false,"excerpt":"Hialeah es una bella ciudad localizada en Miami-Dade County, Florida. Tiene una poblaci\u00f3n de unos 220.000 habitantes, y es una de las mayores comunidades de hispanohablantes en el pa\u00eds. Es una pr\u00f3spera comunidad con muchos negocios y un gran lugar para quienes quieren mudarse a Florida. Si est\u00e1s buscando una\u2026","rel":"","context":"Entrada similar","img":{"alt_text":"","src":"https:\/\/i0.wp.com\/www.promoversmiami.com\/wp-content\/uploads\/2018\/12\/beach-homes-1646621_640.jpg?resize=350%2C200&ssl=1","width":350,"height":200},"classes":[]}],"jetpack_sharing_enabled":true,"jetpack_shortlink":"https:\/\/wp.me\/Par13R-Cm","_links":{"self":[{"href":"https:\/\/www.promoversmiami.com\/es\/wp-json\/wp\/v2\/pages\/2378","targetHints":{"allow":["GET"]}}],"collection":[{"href":"https:\/\/www.promoversmiami.com\/es\/wp-json\/wp\/v2\/pages"}],"about":[{"href":"https:\/\/www.promoversmiami.com\/es\/wp-json\/wp\/v2\/types\/page"}],"author":[{"embeddable":true,"href":"https:\/\/www.promoversmiami.com\/es\/wp-json\/wp\/v2\/users\/6"}],"replies":[{"embeddable":true,"href":"https:\/\/www.promoversmiami.com\/es\/wp-json\/wp\/v2\/comments?post=2378"}],"version-history":[{"count":0,"href":"https:\/\/www.promoversmiami.com\/es\/wp-json\/wp\/v2\/pages\/2378\/revisions"}],"wp:attachment":[{"href":"https:\/\/www.promoversmiami.com\/es\/wp-json\/wp\/v2\/media?parent=2378"}],"curies":[{"name":"wp","href":"https:\/\/api.w.org\/{rel}","templated":true}]}}