{"id":2368,"date":"2019-03-21T17:05:08","date_gmt":"2019-03-21T17:05:08","guid":{"rendered":"https:\/\/www.promoversmiami.com\/?page_id=2368"},"modified":"2024-10-22T14:22:38","modified_gmt":"2024-10-22T14:22:38","slug":"long-distance-moving","status":"publish","type":"page","link":"https:\/\/www.promoversmiami.com\/es\/long-distance-moving\/","title":{"rendered":"Mudanzas de larga distancia"},"content":{"rendered":"<p>Hacer una mudanza de larga distancia, como mudanzas a Argentina desde Miami, puede ser un proceso complicado. Cuando contratas a un servicio de mudanzas confiable, el proceso pierde ese nivel de dificultad. Pro Movers Miami es una experimentada compa\u00f1\u00eda de mudanzas de Miami que ofrece servicios de mudanzas locales y de larga distancia por igual. Si necesitas reubicar tu hogar u oficina, <em>nuestras agencias de mudanzas en Florida est\u00e1n a tu servicio<\/em>. Estamos orgullosos de nuestros conocimientos y a\u00f1os de experiencia en planificaci\u00f3n de mudanzas. <strong>Con Pro Movers Miami en tu equipo puedes asegurar que tu mudanza ser\u00e1 eficiente, costeable y sin estr\u00e9s.<\/strong><\/p>\n<h2>\u00bfC\u00f3mo debes prepararte para una mudanza de larga distancia?<\/h2>\n<p>Antes de hacer tus maletas para una mudanza de larga distancia, hay algunas cosas para las que debes prepararte. Si se planea mudarse a Florida, necesitar\u00e1s encontrar un buen trabajo, una buena residencia y escuelas para tus hijos. Teniendo todo esto en cuenta, nuestros servicios confiables de mudanzas en Miami pueden ser de ayuda, especialmente si no cuentas con tiempo suficiente para prepararte. <strong>Con nuestros profesionales de mudanzas de larga distancia de Florida, tu proceso de relocalizaci\u00f3n no debe ser complicado y tedioso. <\/strong>Nuestro equipo est\u00e1 bien preparado y estar\u00e1n ah\u00ed para asistirte con cada aspecto del proceso.<\/p>\n<figure id=\"attachment_1986\" aria-describedby=\"caption-attachment-1986\" style=\"width: 300px\" class=\"wp-caption aligncenter\"><img loading=\"lazy\" decoding=\"async\" class=\"wp-image-1986 size-medium\" src=\"https:\/\/www.promoversmiami.com\/wp-content\/uploads\/2019\/02\/mason-wilkes-407618-unsplash-300x200.jpg\" alt=\"A man smiling on a street\" width=\"300\" height=\"200\" srcset=\"https:\/\/www.promoversmiami.com\/wp-content\/uploads\/2019\/02\/mason-wilkes-407618-unsplash-300x200.jpg 300w, https:\/\/www.promoversmiami.com\/wp-content\/uploads\/2019\/02\/mason-wilkes-407618-unsplash-768x512.jpg 768w, https:\/\/www.promoversmiami.com\/wp-content\/uploads\/2019\/02\/mason-wilkes-407618-unsplash.jpg 1000w\" sizes=\"auto, (max-width: 300px) 100vw, 300px\" \/><figcaption id=\"caption-attachment-1986\" class=\"wp-caption-text\">Olv\u00eddate de una mudanza estresante. Con nuestra agencia de mudanzas de larga distancia en Florida puedes esperar un servicio de la m\u00e1s alta calidad&nbsp;<\/figcaption><\/figure>\n<p>Antes de llamar a nuestro equipo de mudanzas de Florida a\u00fan hay cosas que puedes hacer para prepararte mejor para la mudanza. Dependiendo de la naturaleza de tu proceso de reubicaci\u00f3n, puedes necesitar clasificar todas tus pertenencias. Por ejemplo, si te mudas de una casa grande a un espacio menor, debes organizar tus objetos para saber cu\u00e1les se ir\u00e1n contigo y cu\u00e1les necesitar\u00e1s donar o almacenar. Por otro lado, mudar un negocio puede ser un poco m\u00e1s complicado en cuanto a la preparaci\u00f3n. Si tienes una compa\u00f1\u00eda con muchos empleados, debes saber cu\u00e1ntos est\u00e1n dispuestos a reubicarse. Si todos se involucran en hacer inventario y clasificar las cosas y documentos, el proceso ser\u00e1 m\u00e1s r\u00e1pido.<\/p>\n<p><strong>Una vez que sepas cu\u00e1ntos objetos vas a necesitar mudar, puedes dejar el resto en manos de nuestra agencia de mudanzas en Florida<\/strong>.&nbsp; Nuestros profesionales estar\u00e1n ah\u00ed para calcular tu inventario y discutir todos los detalles sobre tu mudanza de larga distancia, ya sea en el mismo pa\u00eds o una mudanza internacional desde Miami.<\/p>\n<h2><strong>Ofrecemos servicios de mudanzas interestatales<\/strong><\/h2>\n<p>Una mudanza interestatal es considerada una mudanza de larga distancia. A diferencia de un proceso local, una mudanza interestatal necesita de planificaci\u00f3n cuidadosa en cada paso. No es f\u00e1cil organizar una mudanza a otro estado en un per\u00edodo limitado de tiempo. No obstante, mover todas tus pertenencias no es algo que deba preocuparte. <em>Mientras transportas todas tus cajas y cosas para otro estado, todo estar\u00e1 a salvo y asegurado.<\/em> En Pro Movers Miami contratamos solo a los mejores conductores con licencia. Nos tomamos nuestro trabajo seriamente e intentamos hacer que cualquier mudanza interestatal sea lo m\u00e1s agradable posible.<\/p>\n<p>Cuando se trata de asegurar la integridad de tus pertenencias en mudanzas interestatales, puedes confiar en el proceso de embalaje de nuestros profesionales de mudanzas en Miami. Cuando nuestra agencia de mudanzas de larga distancia en Florida empaca tus objetos, se asegura de usar los mejores y m\u00e1s apropiados materiales, tus cajas llegar\u00e1n a su destino a salvo. En Pro Movers Miami creemos firmemente que es <strong>nuestro trabajo entregar todo tu inventario en la misma condici\u00f3n en la que lo recibimos. <\/strong>Escoger nuestro servicio de mudanzas de larga distancia te ahorrar\u00e1 dinero y evitar\u00e1 que tus objetos sufran da\u00f1os en el proceso de relocalizaci\u00f3n interestatal.<\/p>\n<h2><strong>\u00bfC\u00f3mo puede nuestra agencia de mudanzas de larga distancia ayudarte en tu reubicaci\u00f3n en o desde Florida?<\/strong><\/h2>\n<p>Si piensas que una mudanza de larga distancia tiene que costar mucho dinero, puedes equivocarte. En Pro Movers Miami somos partidarios de que necesitamos ayudar a nuestros clientes a tener un proceso de relocalizaci\u00f3n costeable y libre de estr\u00e9s. Con nuestro servicio de mudanzas de larga distancia en Florida, con el que nos aseguraremos de cuidar tus pertenencias, podr\u00e1s ahorrar dinero a largo plazo.<\/p>\n<p><strong>Nuestros profesionales de mudanzas tienen licencia y la experiencia necesaria para llevar a cabo mudanzas libres de estr\u00e9s.<\/strong> La distancia de tu mudanza no es el problema cuando se trata de planificar una reubicaci\u00f3n. Nuestra agencia de mudanzas de Florida sabe c\u00f3mo planificar todos los pasos de tu proceso de relocalizaci\u00f3n. Entre otros servicios que ofrecemos, estos son los pasos b\u00e1sicos que tomamos a la hora de planificar una mudanza de larga distancia:<\/p>\n<ul>\n<li><strong>Calcular el tama\u00f1o de tu inventario<\/strong><\/li>\n<li><strong>Ofrecer gratuitamente un presupuesto estimado<\/strong> por escrito de los costos del proceso<\/li>\n<li>Sugerir <strong>el mejor plan de embalaje <\/strong>y los m\u00e1s apropiados materiales para empaquetar<\/li>\n<li><strong>Embalar, empacar y asegurar todos los<\/strong> objetos para una mudanza de larga distancia<\/li>\n<li><strong>Carga y descarga de todas las cajas de mudanza<\/strong><\/li>\n<li><strong>Manejo de objetos pesados, fr\u00e1giles y\/o voluminosos<\/strong><\/li>\n<li>Guiar al cliente durante todo el proceso de mudanza en o desde Florida<\/li>\n<\/ul>\n<figure id=\"attachment_2369\" aria-describedby=\"caption-attachment-2369\" style=\"width: 300px\" class=\"wp-caption aligncenter\"><img loading=\"lazy\" decoding=\"async\" data-attachment-id=\"2369\" data-permalink=\"https:\/\/www.promoversmiami.com\/es\/long-distance-moving\/long-distance-movers-florida\/\" data-orig-file=\"https:\/\/www.promoversmiami.com\/wp-content\/uploads\/2018\/10\/long-distance-movers-Florida.jpeg\" data-orig-size=\"1050,700\" data-comments-opened=\"1\" data-image-meta=\"{&quot;aperture&quot;:&quot;0&quot;,&quot;credit&quot;:&quot;&quot;,&quot;camera&quot;:&quot;&quot;,&quot;caption&quot;:&quot;&quot;,&quot;created_timestamp&quot;:&quot;0&quot;,&quot;copyright&quot;:&quot;&quot;,&quot;focal_length&quot;:&quot;0&quot;,&quot;iso&quot;:&quot;0&quot;,&quot;shutter_speed&quot;:&quot;0&quot;,&quot;title&quot;:&quot;&quot;,&quot;orientation&quot;:&quot;0&quot;}\" data-image-title=\"long distance movers Florida\" data-image-description=\"\" data-image-caption=\"&lt;p&gt;Welcome to Miami!&lt;\/p&gt;\n\" data-medium-file=\"https:\/\/www.promoversmiami.com\/wp-content\/uploads\/2018\/10\/long-distance-movers-Florida-300x200.jpeg\" data-large-file=\"https:\/\/www.promoversmiami.com\/wp-content\/uploads\/2018\/10\/long-distance-movers-Florida-1024x683.jpeg\" class=\"wp-image-2369 size-medium\" src=\"https:\/\/www.promoversmiami.com\/wp-content\/uploads\/2018\/10\/long-distance-movers-Florida-300x200.jpeg\" alt=\"\" width=\"300\" height=\"200\" srcset=\"https:\/\/www.promoversmiami.com\/wp-content\/uploads\/2018\/10\/long-distance-movers-Florida-300x200.jpeg 300w, https:\/\/www.promoversmiami.com\/wp-content\/uploads\/2018\/10\/long-distance-movers-Florida-768x512.jpeg 768w, https:\/\/www.promoversmiami.com\/wp-content\/uploads\/2018\/10\/long-distance-movers-Florida-1024x683.jpeg 1024w, https:\/\/www.promoversmiami.com\/wp-content\/uploads\/2018\/10\/long-distance-movers-Florida.jpeg 1050w\" sizes=\"auto, (max-width: 300px) 100vw, 300px\" \/><figcaption id=\"caption-attachment-2369\" class=\"wp-caption-text\">Con Pro Movers Miami, no necesitas preocuparte por la integridad de tus pertenencias&nbsp;<\/figcaption><\/figure>\n<p>Despu\u00e9s de tener un buen plan para la mudanza, nos encargaremos de discutir todos los detalles m\u00e1s minuciosos sobre este proceso. Nuestro servicio de mudanzas de Florida se encargar\u00e1 de responder todas tus dudas sobre el proceso de reubicaci\u00f3n y seguridad de tus objetos. Ofrecemos un seguro con cobertura m\u00ednima de 0.60$ por libra de peso. Siempre recomendamos asegurar con cobertura total tus pertenencias, no dudes en consultar m\u00e1s detalles con nuestros profesionales.<\/p>\n<h2><strong>Contr\u00e1tanos y consigue el mejor servicio de mudanzas de larga distancia que Miami puede ofrecer<\/strong><\/h2>\n<p>Cuando se trata de mudanzas de larga distancia, nuestro equipo sabe c\u00f3mo manejarlas. Creemos en que lo prioritario es ofrecer un servicio de gran calidad a un precio razonable. <strong>Garantizamos proporcionarte un gran servicio de valor y nuestro mejor trabajo. <\/strong>Nuestra agencia de mudanzas en Florida tiene m\u00e1s de 30 a\u00f1os de experiencia en el negocio de relocalizaciones. Somos una compa\u00f1\u00eda de mudanzas en Florida que ofrece los mejores servicios a precios costeables.<\/p>\n<figure id=\"attachment_1987\" aria-describedby=\"caption-attachment-1987\" style=\"width: 300px\" class=\"wp-caption aligncenter\"><img loading=\"lazy\" decoding=\"async\" class=\"wp-image-1987 size-medium\" src=\"https:\/\/www.promoversmiami.com\/wp-content\/uploads\/2019\/02\/agreement-blur-blurred-background-1154757-300x212.jpg\" alt=\"A number of people joining hands\" width=\"300\" height=\"212\" srcset=\"https:\/\/www.promoversmiami.com\/wp-content\/uploads\/2019\/02\/agreement-blur-blurred-background-1154757-300x212.jpg 300w, https:\/\/www.promoversmiami.com\/wp-content\/uploads\/2019\/02\/agreement-blur-blurred-background-1154757-768x542.jpg 768w, https:\/\/www.promoversmiami.com\/wp-content\/uploads\/2019\/02\/agreement-blur-blurred-background-1154757.jpg 1000w\" sizes=\"auto, (max-width: 300px) 100vw, 300px\" \/><figcaption id=\"caption-attachment-1987\" class=\"wp-caption-text\">Pro Movers Miami ofrece un servicio de mudanzas de gran calidad a un precio razonable<\/figcaption><\/figure>\n<p>No importa si necesitas reubicar a tu familia, a tu negocio o a un equipo corporativo, estamos aqu\u00ed para ayudar a que todo sea m\u00e1s f\u00e1cil. Haznos saber cu\u00e1ndo y para d\u00f3nde necesitas mudarte y te ayudaremos en todos los pasos del proceso. Contacta a Pro Movers Miami y \u00a1aseg\u00farate de obtener tu presupuesto de mudanzas de Florida hoy mismo!<\/p>\n","protected":false},"excerpt":{"rendered":"<p>Hacer una mudanza de larga distancia, como mudanzas a Argentina desde Miami, puede ser un proceso complicado. Cuando contratas a un servicio de mudanzas confiable, el proceso pierde ese nivel de dificultad. Pro Movers Miami es una experimentada compa\u00f1\u00eda de<\/p>\n<div class=\"read-more md-btn\"><a class=\"moretag\" href=\"https:\/\/www.promoversmiami.com\/es\/long-distance-moving\/\"> Read More<\/a><\/div>\n","protected":false},"author":6,"featured_media":2372,"parent":0,"menu_order":0,"comment_status":"closed","ping_status":"closed","template":"","meta":{"inline_featured_image":false,"ngg_post_thumbnail":0,"spay_email":"","footnotes":""},"class_list":["post-2368","page","type-page","status-publish","has-post-thumbnail","hentry"],"yoast_head":"<!-- This site is optimized with the Yoast SEO plugin v17.8 - https:\/\/yoast.com\/wordpress\/plugins\/seo\/ -->\n<title>Mudanzas de Larga Distancia | Pro Movers Miami<\/title>\n<meta name=\"description\" content=\"Pro Movers Miami ofrece mudanzas de larga distancia seguras y eficientes. Cont\u00e1ctanos hoy para una cotizaci\u00f3n gratuita.\" \/>\n<meta name=\"robots\" content=\"index, follow, max-snippet:-1, max-image-preview:large, max-video-preview:-1\" \/>\n<link rel=\"canonical\" href=\"https:\/\/www.promoversmiami.com\/es\/long-distance-moving\/\" \/>\n<meta property=\"og:locale\" content=\"es_ES\" \/>\n<meta property=\"og:type\" content=\"article\" \/>\n<meta property=\"og:title\" content=\"Mudanzas de Larga Distancia | Pro Movers Miami\" \/>\n<meta property=\"og:description\" content=\"Pro Movers Miami ofrece mudanzas de larga distancia seguras y eficientes. Cont\u00e1ctanos hoy para una cotizaci\u00f3n gratuita.\" \/>\n<meta property=\"og:url\" content=\"https:\/\/www.promoversmiami.com\/es\/long-distance-moving\/\" \/>\n<meta property=\"og:site_name\" content=\"Pro Movers Miami\" \/>\n<meta property=\"article:modified_time\" content=\"2024-10-22T14:22:38+00:00\" \/>\n<meta property=\"og:image\" content=\"https:\/\/www.promoversmiami.com\/wp-content\/uploads\/2018\/10\/long_distance.jpg\" \/>\n\t<meta property=\"og:image:width\" content=\"1920\" \/>\n\t<meta property=\"og:image:height\" content=\"280\" \/>\n<meta name=\"twitter:card\" content=\"summary_large_image\" \/>\n<meta name=\"twitter:label1\" content=\"Tiempo de lectura\" \/>\n\t<meta name=\"twitter:data1\" content=\"6 minutos\" \/>\n<script type=\"application\/ld+json\" class=\"yoast-schema-graph\">{\"@context\":\"https:\/\/schema.org\",\"@graph\":[{\"@type\":\"Organization\",\"@id\":\"https:\/\/www.promoversmiami.com\/#organization\",\"name\":\"Pro Movers Miami | FL Movers - Miami Moving and Storage Company\",\"url\":\"https:\/\/www.promoversmiami.com\/\",\"sameAs\":[],\"logo\":{\"@type\":\"ImageObject\",\"@id\":\"https:\/\/www.promoversmiami.com\/#logo\",\"inLanguage\":\"es\",\"url\":\"https:\/\/www.promoversmiami.com\/wp-content\/uploads\/2018\/11\/cropped-logo.png\",\"contentUrl\":\"https:\/\/www.promoversmiami.com\/wp-content\/uploads\/2018\/11\/cropped-logo.png\",\"width\":173,\"height\":61,\"caption\":\"Pro Movers Miami | FL Movers - Miami Moving and Storage Company\"},\"image\":{\"@id\":\"https:\/\/www.promoversmiami.com\/#logo\"}},{\"@type\":\"WebSite\",\"@id\":\"https:\/\/www.promoversmiami.com\/#website\",\"url\":\"https:\/\/www.promoversmiami.com\/\",\"name\":\"Pro Movers Miami\",\"description\":\"Mudanzas FL - Empresa de mudanzas y almacenamiento en Miami\",\"publisher\":{\"@id\":\"https:\/\/www.promoversmiami.com\/#organization\"},\"potentialAction\":[{\"@type\":\"SearchAction\",\"target\":{\"@type\":\"EntryPoint\",\"urlTemplate\":\"https:\/\/www.promoversmiami.com\/?s={search_term_string}\"},\"query-input\":\"required name=search_term_string\"}],\"inLanguage\":\"es\"},{\"@type\":\"ImageObject\",\"@id\":\"https:\/\/www.promoversmiami.com\/es\/long-distance-moving\/#primaryimage\",\"inLanguage\":\"es\",\"url\":\"https:\/\/www.promoversmiami.com\/wp-content\/uploads\/2018\/10\/long_distance.jpg\",\"contentUrl\":\"https:\/\/www.promoversmiami.com\/wp-content\/uploads\/2018\/10\/long_distance.jpg\",\"width\":1920,\"height\":280},{\"@type\":\"WebPage\",\"@id\":\"https:\/\/www.promoversmiami.com\/es\/long-distance-moving\/#webpage\",\"url\":\"https:\/\/www.promoversmiami.com\/es\/long-distance-moving\/\",\"name\":\"Mudanzas de Larga Distancia | Pro Movers Miami\",\"isPartOf\":{\"@id\":\"https:\/\/www.promoversmiami.com\/#website\"},\"primaryImageOfPage\":{\"@id\":\"https:\/\/www.promoversmiami.com\/es\/long-distance-moving\/#primaryimage\"},\"datePublished\":\"2019-03-21T17:05:08+00:00\",\"dateModified\":\"2024-10-22T14:22:38+00:00\",\"description\":\"Pro Movers Miami ofrece mudanzas de larga distancia seguras y eficientes. Cont\\u00e1ctanos hoy para una cotizaci\\u00f3n gratuita.\",\"breadcrumb\":{\"@id\":\"https:\/\/www.promoversmiami.com\/es\/long-distance-moving\/#breadcrumb\"},\"inLanguage\":\"es\",\"potentialAction\":[{\"@type\":\"ReadAction\",\"target\":[\"https:\/\/www.promoversmiami.com\/es\/long-distance-moving\/\"]}]},{\"@type\":\"BreadcrumbList\",\"@id\":\"https:\/\/www.promoversmiami.com\/es\/long-distance-moving\/#breadcrumb\",\"itemListElement\":[{\"@type\":\"ListItem\",\"position\":1,\"name\":\"Home\",\"item\":\"https:\/\/www.promoversmiami.com\/es\/\"},{\"@type\":\"ListItem\",\"position\":2,\"name\":\"Mudanzas de larga distancia\"}]}]}<\/script>\n<!-- \/ Yoast SEO plugin. -->","yoast_head_json":{"title":"Mudanzas de Larga Distancia | Pro Movers Miami","description":"Pro Movers Miami ofrece mudanzas de larga distancia seguras y eficientes. Cont\u00e1ctanos hoy para una cotizaci\u00f3n gratuita.","robots":{"index":"index","follow":"follow","max-snippet":"max-snippet:-1","max-image-preview":"max-image-preview:large","max-video-preview":"max-video-preview:-1"},"canonical":"https:\/\/www.promoversmiami.com\/es\/long-distance-moving\/","og_locale":"es_ES","og_type":"article","og_title":"Mudanzas de Larga Distancia | Pro Movers Miami","og_description":"Pro Movers Miami ofrece mudanzas de larga distancia seguras y eficientes. Cont\u00e1ctanos hoy para una cotizaci\u00f3n gratuita.","og_url":"https:\/\/www.promoversmiami.com\/es\/long-distance-moving\/","og_site_name":"Pro Movers Miami","article_modified_time":"2024-10-22T14:22:38+00:00","og_image":[{"width":1920,"height":280,"url":"https:\/\/www.promoversmiami.com\/wp-content\/uploads\/2018\/10\/long_distance.jpg","type":"image\/jpeg"}],"twitter_card":"summary_large_image","twitter_misc":{"Tiempo de lectura":"6 minutos"},"schema":{"@context":"https:\/\/schema.org","@graph":[{"@type":"Organization","@id":"https:\/\/www.promoversmiami.com\/#organization","name":"Pro Movers Miami | FL Movers - Miami Moving and Storage Company","url":"https:\/\/www.promoversmiami.com\/","sameAs":[],"logo":{"@type":"ImageObject","@id":"https:\/\/www.promoversmiami.com\/#logo","inLanguage":"es","url":"https:\/\/www.promoversmiami.com\/wp-content\/uploads\/2018\/11\/cropped-logo.png","contentUrl":"https:\/\/www.promoversmiami.com\/wp-content\/uploads\/2018\/11\/cropped-logo.png","width":173,"height":61,"caption":"Pro Movers Miami | FL Movers - Miami Moving and Storage Company"},"image":{"@id":"https:\/\/www.promoversmiami.com\/#logo"}},{"@type":"WebSite","@id":"https:\/\/www.promoversmiami.com\/#website","url":"https:\/\/www.promoversmiami.com\/","name":"Pro Movers Miami","description":"Mudanzas FL - Empresa de mudanzas y almacenamiento en Miami","publisher":{"@id":"https:\/\/www.promoversmiami.com\/#organization"},"potentialAction":[{"@type":"SearchAction","target":{"@type":"EntryPoint","urlTemplate":"https:\/\/www.promoversmiami.com\/?s={search_term_string}"},"query-input":"required name=search_term_string"}],"inLanguage":"es"},{"@type":"ImageObject","@id":"https:\/\/www.promoversmiami.com\/es\/long-distance-moving\/#primaryimage","inLanguage":"es","url":"https:\/\/www.promoversmiami.com\/wp-content\/uploads\/2018\/10\/long_distance.jpg","contentUrl":"https:\/\/www.promoversmiami.com\/wp-content\/uploads\/2018\/10\/long_distance.jpg","width":1920,"height":280},{"@type":"WebPage","@id":"https:\/\/www.promoversmiami.com\/es\/long-distance-moving\/#webpage","url":"https:\/\/www.promoversmiami.com\/es\/long-distance-moving\/","name":"Mudanzas de Larga Distancia | Pro Movers Miami","isPartOf":{"@id":"https:\/\/www.promoversmiami.com\/#website"},"primaryImageOfPage":{"@id":"https:\/\/www.promoversmiami.com\/es\/long-distance-moving\/#primaryimage"},"datePublished":"2019-03-21T17:05:08+00:00","dateModified":"2024-10-22T14:22:38+00:00","description":"Pro Movers Miami ofrece mudanzas de larga distancia seguras y eficientes. Cont\u00e1ctanos hoy para una cotizaci\u00f3n gratuita.","breadcrumb":{"@id":"https:\/\/www.promoversmiami.com\/es\/long-distance-moving\/#breadcrumb"},"inLanguage":"es","potentialAction":[{"@type":"ReadAction","target":["https:\/\/www.promoversmiami.com\/es\/long-distance-moving\/"]}]},{"@type":"BreadcrumbList","@id":"https:\/\/www.promoversmiami.com\/es\/long-distance-moving\/#breadcrumb","itemListElement":[{"@type":"ListItem","position":1,"name":"Home","item":"https:\/\/www.promoversmiami.com\/es\/"},{"@type":"ListItem","position":2,"name":"Mudanzas de larga distancia"}]}]}},"jetpack-related-posts":[{"id":2374,"url":"https:\/\/www.promoversmiami.com\/es\/services\/","url_meta":{"origin":2368,"position":0},"title":"Servicios","date":"marzo 21, 2019","format":false,"excerpt":"Cuando alguien dice Miami, \u00bfen qu\u00e9 piensas? Estamos seguros de que muchos de visualizamos lo mismo: palmeras, playa, arena y sol. Pero si investigas un poco m\u00e1s, descubrir\u00e1s que Miami tiene mucho m\u00e1s que ofrecer. Todo lo que necesitas para una buena vida est\u00e1 aqu\u00ed. En primer lugar, es un\u2026","rel":"","context":"Entrada similar","img":{"alt_text":"","src":"https:\/\/i1.wp.com\/www.promoversmiami.com\/wp-content\/uploads\/2018\/10\/services_title-picture-1.jpg?resize=350%2C200&ssl=1","width":350,"height":200},"classes":[]},{"id":2378,"url":"https:\/\/www.promoversmiami.com\/es\/emergency-moving\/","url_meta":{"origin":2368,"position":1},"title":"Mudanzas de emergencia","date":"marzo 25, 2019","format":false,"excerpt":"\u00bfNecesitas a alguien que pueda ayudarte con una mudanza sin previo aviso? Si es as\u00ed, \u00a1viniste al sitio adecuado! Pro Movers Miami te puede ayudar a mudarte de forma r\u00e1pida y eficiente, a un precio que se ajusta a tu presupuesto. \u00bfPor qu\u00e9 escogernos? Las mudanzas de emergencia son una\u2026","rel":"","context":"Entrada similar","img":{"alt_text":"","src":"https:\/\/i2.wp.com\/www.promoversmiami.com\/wp-content\/uploads\/2018\/10\/football-stadium-3404535_640-300x200.jpg?resize=350%2C200&ssl=1","width":350,"height":200},"classes":[]},{"id":2513,"url":"https:\/\/www.promoversmiami.com\/es\/local-moving\/miami-dade-county\/hialeah\/","url_meta":{"origin":2368,"position":2},"title":"Hialeah","date":"abril 17, 2019","format":false,"excerpt":"Hialeah es una bella ciudad localizada en Miami-Dade County, Florida. Tiene una poblaci\u00f3n de unos 220.000 habitantes, y es una de las mayores comunidades de hispanohablantes en el pa\u00eds. Es una pr\u00f3spera comunidad con muchos negocios y un gran lugar para quienes quieren mudarse a Florida. Si est\u00e1s buscando una\u2026","rel":"","context":"Entrada similar","img":{"alt_text":"","src":"https:\/\/i0.wp.com\/www.promoversmiami.com\/wp-content\/uploads\/2018\/12\/beach-homes-1646621_640.jpg?resize=350%2C200&ssl=1","width":350,"height":200},"classes":[]},{"id":2536,"url":"https:\/\/www.promoversmiami.com\/es\/local-moving\/miami-dade-county\/north-miami\/","url_meta":{"origin":2368,"position":3},"title":"North Miami","date":"abril 17, 2019","format":false,"excerpt":"\u00a1Mudarse a North Miami deber\u00eda ser una experiencia excitante para ti y tu familia! Si eliges esta ciudad como nuevo destino, \u00a1nuestros profesionales de mudanzas en North Miami, FL, pueden ayudarte! Pro Movers Miami es una agencia de mudanzas confiable que ofrece servicios tanto residenciales como comerciales. Si necesitas empacar\u2026","rel":"","context":"Entrada similar","img":{"alt_text":"","src":"https:\/\/i0.wp.com\/www.promoversmiami.com\/wp-content\/uploads\/2018\/11\/miami-504631_640.jpg?resize=350%2C200&ssl=1","width":350,"height":200},"classes":[]},{"id":2489,"url":"https:\/\/www.promoversmiami.com\/es\/local-moving\/broward-county\/pompano-beach\/","url_meta":{"origin":2368,"position":4},"title":"Pompano Beach","date":"abril 17, 2019","format":false,"excerpt":"Pompano Beach es una ciudad en Florida, justo al norte de Fort Lauderdale. La ciudad es conocida por sus hermosas playas, puertos deportivos y un arrecife de coral en alta mar. Este es un lugar popular entre los buzos para explorar numerosos naufragios y otros sitios de inmersi\u00f3n. Y si\u2026","rel":"","context":"Entrada similar","img":{"alt_text":"","src":"https:\/\/i0.wp.com\/www.promoversmiami.com\/wp-content\/uploads\/2018\/12\/sunset-499162_1280-300x206.jpg?resize=350%2C200&ssl=1","width":350,"height":200},"classes":[]}],"jetpack_sharing_enabled":true,"jetpack_shortlink":"https:\/\/wp.me\/Par13R-Cc","_links":{"self":[{"href":"https:\/\/www.promoversmiami.com\/es\/wp-json\/wp\/v2\/pages\/2368","targetHints":{"allow":["GET"]}}],"collection":[{"href":"https:\/\/www.promoversmiami.com\/es\/wp-json\/wp\/v2\/pages"}],"about":[{"href":"https:\/\/www.promoversmiami.com\/es\/wp-json\/wp\/v2\/types\/page"}],"author":[{"embeddable":true,"href":"https:\/\/www.promoversmiami.com\/es\/wp-json\/wp\/v2\/users\/6"}],"replies":[{"embeddable":true,"href":"https:\/\/www.promoversmiami.com\/es\/wp-json\/wp\/v2\/comments?post=2368"}],"version-history":[{"count":2,"href":"https:\/\/www.promoversmiami.com\/es\/wp-json\/wp\/v2\/pages\/2368\/revisions"}],"predecessor-version":[{"id":65153,"href":"https:\/\/www.promoversmiami.com\/es\/wp-json\/wp\/v2\/pages\/2368\/revisions\/65153"}],"wp:featuredmedia":[{"embeddable":true,"href":"https:\/\/www.promoversmiami.com\/es\/wp-json\/wp\/v2\/media\/2372"}],"wp:attachment":[{"href":"https:\/\/www.promoversmiami.com\/es\/wp-json\/wp\/v2\/media?parent=2368"}],"curies":[{"name":"wp","href":"https:\/\/api.w.org\/{rel}","templated":true}]}}