{"id":2352,"date":"2019-03-21T16:21:53","date_gmt":"2019-03-21T16:21:53","guid":{"rendered":"https:\/\/www.promoversmiami.com\/?page_id=2352"},"modified":"2024-10-22T13:41:15","modified_gmt":"2024-10-22T13:41:15","slug":"interstate-moving","status":"publish","type":"page","link":"https:\/\/www.promoversmiami.com\/es\/interstate-moving\/","title":{"rendered":"Mudanzas interestatales"},"content":{"rendered":"<p><strong>Somos una de las mejores opciones para todos los residentes de Miami que planean reubicarse, sin importar la distancia.<\/strong> Ofrecemos un servicio de calidad asegurada y garantizamos la integridad de tus pertenencias. No hace diferencia si deseas mover unas pocas cajas o si tienes un plan para mudar toda tu oficina. Nuestra compa\u00f1\u00eda de mudanzas en Florida puede manejar procesos interestatales garantizando que cada uno de tus objetos sea tratado de forma apropiada. Hay razones por las cuales <a href=\"\/\">Pro Movers Miami<\/a> es la compa\u00f1\u00eda mejor calificada por los usuarios entre las mudanzas baratas en Miami. Es nuestro objetivo que tu proceso de relocalizaci\u00f3n sea una experiencia confortable y placentera.<\/p>\n<h2><strong>\u00bfQu\u00e9 nos diferencia del resto de las agencias de mudanzas en Miami?<\/strong><\/h2>\n<p><em>Nuestra pol\u00edtica es transparente.<\/em> Nos gusta mantener cuentas claras y mantener a nuestro cliente informado del estatus de su proceso. No cobramos tarifas escondidas. Ll\u00e1manos y enviaremos a uno de nuestros experimentados representantes para darte un presupuesto estimado, de manera gratuita. Estamos ah\u00ed cuando nos necesites. Solo necesitas contactarnos y tendr\u00e1s a uno de nuestros equipos en tu puerta en una hora, si el servicio de mudanzas de emergencia est\u00e1 disponible en ese momento. Es nuestro trabajo responder a tus necesidades y trabajar de acuerdo a tus requisitos.<\/p>\n<figure id=\"attachment_2353\" aria-describedby=\"caption-attachment-2353\" style=\"width: 300px\" class=\"wp-caption aligncenter\"><img data-attachment-id=\"2353\" data-permalink=\"https:\/\/www.promoversmiami.com\/es\/interstate-moving\/candy-color-difference-54633\/\" data-orig-file=\"https:\/\/www.promoversmiami.com\/wp-content\/uploads\/2018\/10\/candy-color-difference-54633-e1641474967262.jpg\" data-orig-size=\"1000,664\" data-comments-opened=\"1\" data-image-meta=\"{&quot;aperture&quot;:&quot;0&quot;,&quot;credit&quot;:&quot;&quot;,&quot;camera&quot;:&quot;&quot;,&quot;caption&quot;:&quot;&quot;,&quot;created_timestamp&quot;:&quot;0&quot;,&quot;copyright&quot;:&quot;&quot;,&quot;focal_length&quot;:&quot;0&quot;,&quot;iso&quot;:&quot;0&quot;,&quot;shutter_speed&quot;:&quot;0&quot;,&quot;title&quot;:&quot;&quot;,&quot;orientation&quot;:&quot;0&quot;}\" data-image-title=\"candy-color-difference-54633\" data-image-description=\"\" data-image-caption=\"\" data-medium-file=\"https:\/\/www.promoversmiami.com\/wp-content\/uploads\/2018\/10\/candy-color-difference-54633-300x199.jpg\" data-large-file=\"https:\/\/www.promoversmiami.com\/wp-content\/uploads\/2018\/10\/candy-color-difference-54633-1024x680.jpg\" loading=\"lazy\" class=\"wp-image-2353 size-medium\" src=\"https:\/\/www.promoversmiami.com\/wp-content\/uploads\/2018\/10\/candy-color-difference-54633-300x199.jpg\" alt=\"Nuestros valores nos diferencian del resto\" width=\"300\" height=\"199\"><figcaption id=\"caption-attachment-2353\" class=\"wp-caption-text\">Nuestros valores nos diferencian del resto<\/figcaption><\/figure>\n<h3>Paquetes, cajas y soluciones de almacenamiento<\/h3>\n<p>Sabemos lo tedioso que puede ser embalar y empaquetar. Desde conseguir las cajas y materiales apropiados, hasta encontrar la mejor manera de transportar un piano dentro de los servicios del alquiler de camiones para mudanzas en Miami. Por esto ofrecemos la opci\u00f3n de realizar tu embalaje. Llevaremos nuestras propias cajas de calidad y nuestros expertos sabr\u00e1n c\u00f3mo manejar cada pieza de tus pertenencias. Mientras tanto, t\u00fa puedes atender otros asuntos o solo relajarte y ver c\u00f3mo nos encargamos de estas tareas problem\u00e1ticas. Una de las cosas de las que m\u00e1s nos enorgullecemos es de nuestras instalaciones de almacenamiento de primera clase, en caso de que necesites guardar tus objetos por un tiempo.<\/p>\n<h2><strong>\u00bfPor qu\u00e9 nos deber\u00edas escoger y no a otros?<\/strong><\/h2>\n<p>Hemos estado en el negocio de las mudanzas en Miami desde 2005. La ventaja de haber vivido y resuelto cualquier situaci\u00f3n es lo que nos hace garantizar el \u00e9xito de tu mudanza desde o hacia Florida. Cada equipo, incluyendo los de mudanzas interestatales, ha trabajado con diferentes clientes, cada uno con requerimientos propios. Siempre ser\u00e1 nuestro trabajo darte la satisfacci\u00f3n de hacer equipo con nosotros. Solo necesitamos que nos digas todas tus demandas y requerimientos para que podamos trabajar juntos hacia un objetivo com\u00fan. Los a\u00f1os de experiencia nos han familiarizado con todas las opciones que nuestros usuarios prefieren. Si tienes un presupuesto apretado o alg\u00fan requerimiento especial, podemos lograrlo. Y ni pienses en cargos escondidos cuando uses nuestros servicios, todo ser\u00e1 plenamente expuesto en el contrato antes de que lo firmes. No habr\u00e1 sorpresas desagradables m\u00e1s adelante.<\/p>\n<figure id=\"attachment_2354\" aria-describedby=\"caption-attachment-2354\" style=\"width: 300px\" class=\"wp-caption aligncenter\"><img data-attachment-id=\"2354\" data-permalink=\"https:\/\/www.promoversmiami.com\/es\/interstate-moving\/mike-wilson-96168-unsplash\/\" data-orig-file=\"https:\/\/www.promoversmiami.com\/wp-content\/uploads\/2018\/10\/mike-wilson-96168-unsplash-e1641476001662.jpg\" data-orig-size=\"1000,563\" data-comments-opened=\"1\" data-image-meta=\"{&quot;aperture&quot;:&quot;0&quot;,&quot;credit&quot;:&quot;&quot;,&quot;camera&quot;:&quot;&quot;,&quot;caption&quot;:&quot;&quot;,&quot;created_timestamp&quot;:&quot;0&quot;,&quot;copyright&quot;:&quot;&quot;,&quot;focal_length&quot;:&quot;0&quot;,&quot;iso&quot;:&quot;0&quot;,&quot;shutter_speed&quot;:&quot;0&quot;,&quot;title&quot;:&quot;&quot;,&quot;orientation&quot;:&quot;0&quot;}\" data-image-title=\"mike-wilson-96168-unsplash\" data-image-description=\"\" data-image-caption=\"\" data-medium-file=\"https:\/\/www.promoversmiami.com\/wp-content\/uploads\/2018\/10\/mike-wilson-96168-unsplash-300x169.jpg\" data-large-file=\"https:\/\/www.promoversmiami.com\/wp-content\/uploads\/2018\/10\/mike-wilson-96168-unsplash-1024x576.jpg\" loading=\"lazy\" class=\"wp-image-2354 size-medium\" src=\"https:\/\/www.promoversmiami.com\/wp-content\/uploads\/2018\/10\/mike-wilson-96168-unsplash-300x169.jpg\" alt=\"Nuestro servicio meticuloso es lo que nos diferencia\" width=\"300\" height=\"169\"><figcaption id=\"caption-attachment-2354\" class=\"wp-caption-text\">Nuestro servicio meticuloso es lo que nos diferencia<\/figcaption><\/figure>\n<h2><strong>\u00bfC\u00f3mo podemos ayudarte?<\/strong><\/h2>\n<p>Lo m\u00e1s importante es ser honesto y franco. De esta manera, nosotros podremos encontrar la mejor opci\u00f3n para tu reubicaci\u00f3n deseada. Esto es lo que nos hace una de las agencias de mudanzas interestatales m\u00e1s confiables que Miami puede ofrecer. Cu\u00e9ntanos todos los detalles y requerimientos esenciales para tu mudanza y trabajaremos contigo para darte exactamente lo que necesitas a un precio razonable. Cualquier proceso, desde la mudanza m\u00e1s sencilla hasta una mudanza internacional, como mudanzas a Argentina desde Miami, est\u00e1 disponible con nosotros. Siempre podemos encontrar un punto medio. Ll\u00e1manos en cualquier momento y aclara tus dudas sobre el proceso de mudanza. Si hay alg\u00fan cambio que desees hacer sobre el plan inicial, por favor inf\u00f3rmanos lo m\u00e1s pronto posible. Nos gusta mantenernos dentro de la planificaci\u00f3n y nos tomamos en serio nuestras responsabilidades. Apreciaremos si respetas nuestro tiempo y posibilidades para poder ofrecerte el mejor servicio posible.<\/p>\n<h2><strong>\u00bfQu\u00e9 te ofrecemos?<\/strong><\/h2>\n<p>Nuestra compa\u00f1\u00eda de mudanzas interestatales de Miami te ofrece seguridad. Cuando nos eliges sabes que no habr\u00e1 lugar para errores. Para satisfacer las necesidades de nuestros clientes nuestros servicios incluyen:<\/p>\n<ul>\n<li><strong>Mudanzas locales en Miami.<\/strong> Esto significa que cualquier mudanza entre diferentes partes de la ciudad ser\u00e1 manejada con la atenci\u00f3n adecuada. Nos aseguramos de que todo sea hecho en cuesti\u00f3n de horas para que tu reubicaci\u00f3n sea \u00e1gil y eficiente.<\/li>\n<li><strong>Mudanzas de larga distancia desde Miami.<\/strong> Elige tu nueva ciudad en cualquier lugar de los Estados Unidos (continental) y nosotros empaquetaremos todo y te mudaremos. Puedes encontrar nuestras oficinas en Miami, Hollywood, Fort Lauderdale, Sunny Isles y West Palm Beach.<\/li>\n<li><strong>Instalaciones de almacenamiento <\/strong>ubicadas cerca de la I95 en Miami. Tus pertenencias ser\u00e1n empaquetadas con cuidado y monitoreadas apropiadamente hasta que quieras transferirlas a tu nueva ubicaci\u00f3n.<\/li>\n<li><strong>Mudanzas de emergencia en Miami<\/strong>. Sabemos que las emergencias pueden ocurrir y cu\u00e1nto estr\u00e9s pueden causar. Para prevenir otros problemas mayores, ofrecemos nuestro servicio de mudanzas locales de emergencia en Miami-Dade. Siempre que estemos disponibles, atenderemos tu llamado y en una hora estaremos ah\u00ed, listos para ayudarte.<\/li>\n<li><strong>Seguro para tus mudanzas locales y de larga distancia.<\/strong> Como todas las otras agencias de mudanzas licenciadas, tenemos una cobertura m\u00ednima de 0.60$ por cada libra de peso. Para poner en perspectiva, por 10 libras de objetos rotos, estar\u00edamos obligados a pagarte 6$ de compensaci\u00f3n. Por esto siempre recomendamos a nuestros clientes tomar la cobertura total de seguro.&nbsp;&nbsp;<\/li>\n<\/ul>\n<figure id=\"attachment_2355\" aria-describedby=\"caption-attachment-2355\" style=\"width: 300px\" class=\"wp-caption aligncenter\"><img data-attachment-id=\"2355\" data-permalink=\"https:\/\/www.promoversmiami.com\/es\/interstate-moving\/rawpixel-552390-unsplash\/\" data-orig-file=\"https:\/\/www.promoversmiami.com\/wp-content\/uploads\/2018\/10\/rawpixel-552390-unsplash-e1641476047368.jpg\" data-orig-size=\"1000,639\" data-comments-opened=\"1\" data-image-meta=\"{&quot;aperture&quot;:&quot;0&quot;,&quot;credit&quot;:&quot;&quot;,&quot;camera&quot;:&quot;&quot;,&quot;caption&quot;:&quot;&quot;,&quot;created_timestamp&quot;:&quot;0&quot;,&quot;copyright&quot;:&quot;&quot;,&quot;focal_length&quot;:&quot;0&quot;,&quot;iso&quot;:&quot;0&quot;,&quot;shutter_speed&quot;:&quot;0&quot;,&quot;title&quot;:&quot;&quot;,&quot;orientation&quot;:&quot;0&quot;}\" data-image-title=\"rawpixel-552390-unsplash\" data-image-description=\"\" data-image-caption=\"\" data-medium-file=\"https:\/\/www.promoversmiami.com\/wp-content\/uploads\/2018\/10\/rawpixel-552390-unsplash-300x192.jpg\" data-large-file=\"https:\/\/www.promoversmiami.com\/wp-content\/uploads\/2018\/10\/rawpixel-552390-unsplash-1024x654.jpg\" loading=\"lazy\" class=\"wp-image-2355 size-medium\" src=\"https:\/\/www.promoversmiami.com\/wp-content\/uploads\/2018\/10\/rawpixel-552390-unsplash-300x192.jpg\" alt=\"Tenemos un objetivo com\u00fan de hacer tu relocalizaci\u00f3n una experiencia genial y es por eso que somos una de las m\u00e1s confiables agencias de mudanzas en Miami\" width=\"300\" height=\"192\"><figcaption id=\"caption-attachment-2355\" class=\"wp-caption-text\">Tenemos un objetivo com\u00fan de hacer tu relocalizaci\u00f3n una experiencia genial y es por eso que somos una de las m\u00e1s confiables agencias de mudanzas en Miami&nbsp;<\/figcaption><\/figure>\n<h2><strong>Una de las mejores compa\u00f1\u00edas de mudanzas interestatales que Miami puede ofrecer est\u00e1 a tu servicio<\/strong><\/h2>\n<p>Si necesitas mudarte a pocas manzanas de distancia o al otro lado de los Estados Unidos, nuestra compa\u00f1\u00eda es la elecci\u00f3n inteligente. No tendr\u00e1s que preocuparte por cualquier problema com\u00fan o extraordinario que una compa\u00f1\u00eda de mudanzas pueda enfrentar. Nos enorgullecemos de las rese\u00f1as de nuestros usuarios. Nos gusta tomar notas y aprender nuevas cosas. Si tienes alg\u00fan consejo, cr\u00edtica o elogio que darnos, te invitamos a hacerlo para ayudar en nuestro proceso de mejora continua.<\/p>\n","protected":false},"excerpt":{"rendered":"<p>Somos una de las mejores opciones para todos los residentes de Miami que planean reubicarse, sin importar la distancia. Ofrecemos un servicio de calidad asegurada y garantizamos la integridad de tus pertenencias. No hace diferencia si deseas mover unas pocas<\/p>\n<div class=\"read-more md-btn\"><a class=\"moretag\" href=\"https:\/\/www.promoversmiami.com\/es\/interstate-moving\/\"> Read More<\/a><\/div>\n","protected":false},"author":6,"featured_media":0,"parent":0,"menu_order":0,"comment_status":"closed","ping_status":"closed","template":"","meta":{"inline_featured_image":false,"ngg_post_thumbnail":0,"spay_email":""},"yoast_head":"<!-- This site is optimized with the Yoast SEO plugin v17.8 - https:\/\/yoast.com\/wordpress\/plugins\/seo\/ -->\n<title>Mudanzas Interestatales | Pro Movers Miami<\/title>\n<meta name=\"description\" content=\"Conf\u00eda en Pro Movers Miami para tus mudanzas interestatales. Ofrecemos servicios seguros y eficientes para cualquier estado.\" \/>\n<meta name=\"robots\" content=\"index, follow, max-snippet:-1, max-image-preview:large, max-video-preview:-1\" \/>\n<link rel=\"canonical\" href=\"https:\/\/www.promoversmiami.com\/es\/interstate-moving\/\" \/>\n<meta property=\"og:locale\" content=\"es_ES\" \/>\n<meta property=\"og:type\" content=\"article\" \/>\n<meta property=\"og:title\" content=\"Mudanzas Interestatales | Pro Movers Miami\" \/>\n<meta property=\"og:description\" content=\"Conf\u00eda en Pro Movers Miami para tus mudanzas interestatales. Ofrecemos servicios seguros y eficientes para cualquier estado.\" \/>\n<meta property=\"og:url\" content=\"https:\/\/www.promoversmiami.com\/es\/interstate-moving\/\" \/>\n<meta property=\"og:site_name\" content=\"Pro Movers Miami\" \/>\n<meta property=\"article:modified_time\" content=\"2024-10-22T13:41:15+00:00\" \/>\n<meta property=\"og:image\" content=\"https:\/\/www.promoversmiami.com\/wp-content\/uploads\/2018\/10\/candy-color-difference-54633-300x199.jpg\" \/>\n<meta name=\"twitter:card\" content=\"summary_large_image\" \/>\n<meta name=\"twitter:label1\" content=\"Tiempo de lectura\" \/>\n\t<meta name=\"twitter:data1\" content=\"5 minutos\" \/>\n<script type=\"application\/ld+json\" class=\"yoast-schema-graph\">{\"@context\":\"https:\/\/schema.org\",\"@graph\":[{\"@type\":\"Organization\",\"@id\":\"https:\/\/www.promoversmiami.com\/#organization\",\"name\":\"Pro Movers Miami | FL Movers - Miami Moving and Storage Company\",\"url\":\"https:\/\/www.promoversmiami.com\/\",\"sameAs\":[],\"logo\":{\"@type\":\"ImageObject\",\"@id\":\"https:\/\/www.promoversmiami.com\/#logo\",\"inLanguage\":\"es\",\"url\":\"https:\/\/www.promoversmiami.com\/wp-content\/uploads\/2018\/11\/cropped-logo.png\",\"contentUrl\":\"https:\/\/www.promoversmiami.com\/wp-content\/uploads\/2018\/11\/cropped-logo.png\",\"width\":173,\"height\":61,\"caption\":\"Pro Movers Miami | FL Movers - Miami Moving and Storage Company\"},\"image\":{\"@id\":\"https:\/\/www.promoversmiami.com\/#logo\"}},{\"@type\":\"WebSite\",\"@id\":\"https:\/\/www.promoversmiami.com\/#website\",\"url\":\"https:\/\/www.promoversmiami.com\/\",\"name\":\"Pro Movers Miami\",\"description\":\"Mudanzas FL - Empresa de mudanzas y almacenamiento en Miami\",\"publisher\":{\"@id\":\"https:\/\/www.promoversmiami.com\/#organization\"},\"potentialAction\":[{\"@type\":\"SearchAction\",\"target\":{\"@type\":\"EntryPoint\",\"urlTemplate\":\"https:\/\/www.promoversmiami.com\/?s={search_term_string}\"},\"query-input\":\"required name=search_term_string\"}],\"inLanguage\":\"es\"},{\"@type\":\"ImageObject\",\"@id\":\"https:\/\/www.promoversmiami.com\/es\/interstate-moving\/#primaryimage\",\"inLanguage\":\"es\",\"url\":\"https:\/\/www.promoversmiami.com\/wp-content\/uploads\/2018\/10\/candy-color-difference-54633-300x199.jpg\",\"contentUrl\":\"https:\/\/www.promoversmiami.com\/wp-content\/uploads\/2018\/10\/candy-color-difference-54633-300x199.jpg\"},{\"@type\":\"WebPage\",\"@id\":\"https:\/\/www.promoversmiami.com\/es\/interstate-moving\/#webpage\",\"url\":\"https:\/\/www.promoversmiami.com\/es\/interstate-moving\/\",\"name\":\"Mudanzas Interestatales | Pro Movers Miami\",\"isPartOf\":{\"@id\":\"https:\/\/www.promoversmiami.com\/#website\"},\"primaryImageOfPage\":{\"@id\":\"https:\/\/www.promoversmiami.com\/es\/interstate-moving\/#primaryimage\"},\"datePublished\":\"2019-03-21T16:21:53+00:00\",\"dateModified\":\"2024-10-22T13:41:15+00:00\",\"description\":\"Conf\\u00eda en Pro Movers Miami para tus mudanzas interestatales. Ofrecemos servicios seguros y eficientes para cualquier estado.\",\"breadcrumb\":{\"@id\":\"https:\/\/www.promoversmiami.com\/es\/interstate-moving\/#breadcrumb\"},\"inLanguage\":\"es\",\"potentialAction\":[{\"@type\":\"ReadAction\",\"target\":[\"https:\/\/www.promoversmiami.com\/es\/interstate-moving\/\"]}]},{\"@type\":\"BreadcrumbList\",\"@id\":\"https:\/\/www.promoversmiami.com\/es\/interstate-moving\/#breadcrumb\",\"itemListElement\":[{\"@type\":\"ListItem\",\"position\":1,\"name\":\"Home\",\"item\":\"https:\/\/www.promoversmiami.com\/es\/\"},{\"@type\":\"ListItem\",\"position\":2,\"name\":\"Mudanzas interestatales\"}]}]}<\/script>\n<!-- \/ Yoast SEO plugin. -->","yoast_head_json":{"title":"Mudanzas Interestatales | Pro Movers Miami","description":"Conf\u00eda en Pro Movers Miami para tus mudanzas interestatales. Ofrecemos servicios seguros y eficientes para cualquier estado.","robots":{"index":"index","follow":"follow","max-snippet":"max-snippet:-1","max-image-preview":"max-image-preview:large","max-video-preview":"max-video-preview:-1"},"canonical":"https:\/\/www.promoversmiami.com\/es\/interstate-moving\/","og_locale":"es_ES","og_type":"article","og_title":"Mudanzas Interestatales | Pro Movers Miami","og_description":"Conf\u00eda en Pro Movers Miami para tus mudanzas interestatales. Ofrecemos servicios seguros y eficientes para cualquier estado.","og_url":"https:\/\/www.promoversmiami.com\/es\/interstate-moving\/","og_site_name":"Pro Movers Miami","article_modified_time":"2024-10-22T13:41:15+00:00","og_image":[{"url":"https:\/\/www.promoversmiami.com\/wp-content\/uploads\/2018\/10\/candy-color-difference-54633-300x199.jpg"}],"twitter_card":"summary_large_image","twitter_misc":{"Tiempo de lectura":"5 minutos"},"schema":{"@context":"https:\/\/schema.org","@graph":[{"@type":"Organization","@id":"https:\/\/www.promoversmiami.com\/#organization","name":"Pro Movers Miami | FL Movers - Miami Moving and Storage Company","url":"https:\/\/www.promoversmiami.com\/","sameAs":[],"logo":{"@type":"ImageObject","@id":"https:\/\/www.promoversmiami.com\/#logo","inLanguage":"es","url":"https:\/\/www.promoversmiami.com\/wp-content\/uploads\/2018\/11\/cropped-logo.png","contentUrl":"https:\/\/www.promoversmiami.com\/wp-content\/uploads\/2018\/11\/cropped-logo.png","width":173,"height":61,"caption":"Pro Movers Miami | FL Movers - Miami Moving and Storage Company"},"image":{"@id":"https:\/\/www.promoversmiami.com\/#logo"}},{"@type":"WebSite","@id":"https:\/\/www.promoversmiami.com\/#website","url":"https:\/\/www.promoversmiami.com\/","name":"Pro Movers Miami","description":"Mudanzas FL - Empresa de mudanzas y almacenamiento en Miami","publisher":{"@id":"https:\/\/www.promoversmiami.com\/#organization"},"potentialAction":[{"@type":"SearchAction","target":{"@type":"EntryPoint","urlTemplate":"https:\/\/www.promoversmiami.com\/?s={search_term_string}"},"query-input":"required name=search_term_string"}],"inLanguage":"es"},{"@type":"ImageObject","@id":"https:\/\/www.promoversmiami.com\/es\/interstate-moving\/#primaryimage","inLanguage":"es","url":"https:\/\/www.promoversmiami.com\/wp-content\/uploads\/2018\/10\/candy-color-difference-54633-300x199.jpg","contentUrl":"https:\/\/www.promoversmiami.com\/wp-content\/uploads\/2018\/10\/candy-color-difference-54633-300x199.jpg"},{"@type":"WebPage","@id":"https:\/\/www.promoversmiami.com\/es\/interstate-moving\/#webpage","url":"https:\/\/www.promoversmiami.com\/es\/interstate-moving\/","name":"Mudanzas Interestatales | Pro Movers Miami","isPartOf":{"@id":"https:\/\/www.promoversmiami.com\/#website"},"primaryImageOfPage":{"@id":"https:\/\/www.promoversmiami.com\/es\/interstate-moving\/#primaryimage"},"datePublished":"2019-03-21T16:21:53+00:00","dateModified":"2024-10-22T13:41:15+00:00","description":"Conf\u00eda en Pro Movers Miami para tus mudanzas interestatales. Ofrecemos servicios seguros y eficientes para cualquier estado.","breadcrumb":{"@id":"https:\/\/www.promoversmiami.com\/es\/interstate-moving\/#breadcrumb"},"inLanguage":"es","potentialAction":[{"@type":"ReadAction","target":["https:\/\/www.promoversmiami.com\/es\/interstate-moving\/"]}]},{"@type":"BreadcrumbList","@id":"https:\/\/www.promoversmiami.com\/es\/interstate-moving\/#breadcrumb","itemListElement":[{"@type":"ListItem","position":1,"name":"Home","item":"https:\/\/www.promoversmiami.com\/es\/"},{"@type":"ListItem","position":2,"name":"Mudanzas interestatales"}]}]}},"jetpack-related-posts":[{"id":2368,"url":"https:\/\/www.promoversmiami.com\/es\/long-distance-moving\/","url_meta":{"origin":2352,"position":0},"title":"Mudanzas de larga distancia","date":"marzo 21, 2019","format":false,"excerpt":"Hacer una mudanza de larga distancia, como mudanzas a Argentina desde Miami, puede ser un proceso complicado. Cuando contratas a un servicio de mudanzas confiable, el proceso pierde ese nivel de dificultad. Pro Movers Miami es una experimentada compa\u00f1\u00eda de mudanzas de Miami que ofrece servicios de mudanzas locales y\u2026","rel":"","context":"Entrada similar","img":{"alt_text":"","src":"https:\/\/i1.wp.com\/www.promoversmiami.com\/wp-content\/uploads\/2018\/10\/long_distance.jpg?resize=350%2C200&ssl=1","width":350,"height":200},"classes":[]},{"id":2374,"url":"https:\/\/www.promoversmiami.com\/es\/services\/","url_meta":{"origin":2352,"position":1},"title":"Servicios","date":"marzo 21, 2019","format":false,"excerpt":"Cuando alguien dice Miami, \u00bfen qu\u00e9 piensas? Estamos seguros de que muchos de visualizamos lo mismo: palmeras, playa, arena y sol. Pero si investigas un poco m\u00e1s, descubrir\u00e1s que Miami tiene mucho m\u00e1s que ofrecer. Todo lo que necesitas para una buena vida est\u00e1 aqu\u00ed. En primer lugar, es un\u2026","rel":"","context":"Entrada similar","img":{"alt_text":"","src":"https:\/\/i1.wp.com\/www.promoversmiami.com\/wp-content\/uploads\/2018\/10\/services_title-picture-1.jpg?resize=350%2C200&ssl=1","width":350,"height":200},"classes":[]},{"id":2519,"url":"https:\/\/www.promoversmiami.com\/es\/local-moving\/miami-dade-county\/homestead\/","url_meta":{"origin":2352,"position":2},"title":"Homestead","date":"abril 17, 2019","format":false,"excerpt":"Est\u00e1s haciendo planes para mudarte al Sur de la Florida? \u00bfHas decidido cu\u00e1l es la mejor ciudad para tu nuevo hogar? Si tu elecci\u00f3n es Homestead, \u00a1bien por ti! Con nuestra empresa, podr\u00e1s disfrutar de tu reubicaci\u00f3n y sin esfuerzos. Si ya la est\u00e1s planeando, considera contratar a nuestros profesionales\u2026","rel":"","context":"Entrada similar","img":{"alt_text":"","src":"https:\/\/i1.wp.com\/www.promoversmiami.com\/wp-content\/uploads\/2018\/12\/map-455769_640.jpg?resize=350%2C200&ssl=1","width":350,"height":200},"classes":[]},{"id":2396,"url":"https:\/\/www.promoversmiami.com\/es\/residential-moving\/","url_meta":{"origin":2352,"position":3},"title":"Mudanzas residenciales","date":"marzo 25, 2019","format":false,"excerpt":"Miami es un lugar realmente bonito para vivir. Clima soleado, bellas playas y una cultura diversa son apenas unos de los puntos a favor de la ciudad de Miami. Todo eso, combinado a fant\u00e1sticas oportunidades de empleo, convierte a Miami en un destino atractivo. Mudarse a Miami, o desde un\u2026","rel":"","context":"Entrada similar","img":{"alt_text":"","src":"https:\/\/i1.wp.com\/www.promoversmiami.com\/wp-content\/uploads\/2018\/10\/pexels-photo-421655-300x201.jpeg?resize=350%2C200&ssl=1","width":350,"height":200},"classes":[]},{"id":2536,"url":"https:\/\/www.promoversmiami.com\/es\/local-moving\/miami-dade-county\/north-miami\/","url_meta":{"origin":2352,"position":4},"title":"North Miami","date":"abril 17, 2019","format":false,"excerpt":"\u00a1Mudarse a North Miami deber\u00eda ser una experiencia excitante para ti y tu familia! Si eliges esta ciudad como nuevo destino, \u00a1nuestros profesionales de mudanzas en North Miami, FL, pueden ayudarte! Pro Movers Miami es una agencia de mudanzas confiable que ofrece servicios tanto residenciales como comerciales. Si necesitas empacar\u2026","rel":"","context":"Entrada similar","img":{"alt_text":"","src":"https:\/\/i0.wp.com\/www.promoversmiami.com\/wp-content\/uploads\/2018\/11\/miami-504631_640.jpg?resize=350%2C200&ssl=1","width":350,"height":200},"classes":[]},{"id":2489,"url":"https:\/\/www.promoversmiami.com\/es\/local-moving\/broward-county\/pompano-beach\/","url_meta":{"origin":2352,"position":5},"title":"Pompano Beach","date":"abril 17, 2019","format":false,"excerpt":"Pompano Beach es una ciudad en Florida, justo al norte de Fort Lauderdale. La ciudad es conocida por sus hermosas playas, puertos deportivos y un arrecife de coral en alta mar. Este es un lugar popular entre los buzos para explorar numerosos naufragios y otros sitios de inmersi\u00f3n. Y si\u2026","rel":"","context":"Entrada similar","img":{"alt_text":"","src":"https:\/\/i0.wp.com\/www.promoversmiami.com\/wp-content\/uploads\/2018\/12\/sunset-499162_1280-300x206.jpg?resize=350%2C200&ssl=1","width":350,"height":200},"classes":[]}],"jetpack_sharing_enabled":true,"jetpack_shortlink":"https:\/\/wp.me\/Par13R-BW","_links":{"self":[{"href":"https:\/\/www.promoversmiami.com\/es\/wp-json\/wp\/v2\/pages\/2352"}],"collection":[{"href":"https:\/\/www.promoversmiami.com\/es\/wp-json\/wp\/v2\/pages"}],"about":[{"href":"https:\/\/www.promoversmiami.com\/es\/wp-json\/wp\/v2\/types\/page"}],"author":[{"embeddable":true,"href":"https:\/\/www.promoversmiami.com\/es\/wp-json\/wp\/v2\/users\/6"}],"replies":[{"embeddable":true,"href":"https:\/\/www.promoversmiami.com\/es\/wp-json\/wp\/v2\/comments?post=2352"}],"version-history":[{"count":1,"href":"https:\/\/www.promoversmiami.com\/es\/wp-json\/wp\/v2\/pages\/2352\/revisions"}],"predecessor-version":[{"id":65095,"href":"https:\/\/www.promoversmiami.com\/es\/wp-json\/wp\/v2\/pages\/2352\/revisions\/65095"}],"wp:attachment":[{"href":"https:\/\/www.promoversmiami.com\/es\/wp-json\/wp\/v2\/media?parent=2352"}],"curies":[{"name":"wp","href":"https:\/\/api.w.org\/{rel}","templated":true}]}}